{"id":119254,"date":"2022-10-12T15:58:33","date_gmt":"2022-10-12T13:58:33","guid":{"rendered":"http:\/\/dev.claret.cat\/producte\/abc-del-arte-para-ninos-el\/"},"modified":"2025-07-18T12:20:46","modified_gmt":"2025-07-18T10:20:46","slug":"abc-del-arte-para-ninos-el-9780714898780","status":"publish","type":"product","link":"https:\/\/www.claret.cat\/es\/libro\/abc-del-arte-para-ninos-el-9780714898780\/","title":{"rendered":"ABC DEL ARTE PARA NI\u00d1OS, EL"},"content":{"rendered":"<p>\u00bfpor qu\u00e9 ning\u00fan alumno de la escuela de Atenas presta atenci\u00f3n? \u00bfQui\u00e9n convirti\u00f3 un garabato en una obra maestra? \u00bfC\u00f3mo se pinta la velocidad? \u00bfUna colecci\u00f3n de objetos se considera arte? \u00bfQu\u00e9 tipo de escultura puede llegar a desaparecer? \u00bfUn cuadro puede ser enga\u00f1oso? \u00bfC\u00f3mo pintar\u00edas tu autorretrato? \u00bf Puedes plasmar la m\u00fasica en un cuadro? A la estela del \u00e9xito internacional de EL ABC del arte para ni\u00f1os (Libro I ), este segundo volumen seguir\u00e1 ampliando los conocimientos y la creatividad de los ni\u00f1os de siete a once a\u00f1os. Se incluyen las obras de treinta nuevos artistas de todos los tiempos que fomentar\u00e1n la curiosidad de los peque\u00f1os sobre por qu\u00e9 los artistas hacen lo que hacen. Los dos vol\u00famenes de EL ABC del arte para ni\u00f1os son una diversi\u00f3n para los lectores m\u00e1s j\u00f3venes, valiosas herramientas para padres y maestros, e introducciones \u00fanicas para asomarse al mundo del arte por primera vez.<\/p>\n","protected":false},"excerpt":{"rendered":"<p>A.A.V.V<\/p>\n","protected":false},"featured_media":1047382,"template":"","meta":{"_acf_changed":false,"om_disable_all_campaigns":false,"rs_blank_template":"","rs_page_bg_color":"","slide_template_v7":"","inline_featured_image":false,"_monsterinsights_skip_tracking":false,"_monsterinsights_sitenote_active":false,"_monsterinsights_sitenote_note":"","_monsterinsights_sitenote_category":0},"product_brand":[],"product_cat":[131,110,560,361],"product_tag":[],"class_list":{"0":"post-119254","1":"product","2":"type-product","3":"status-publish","4":"has-post-thumbnail","6":"product_cat-contes-per-infants-0-6-anys","7":"product_cat-art","8":"product_cat-arte","9":"product_cat-cuentos-para-ninos-0-6-anos","11":"first","12":"outofstock","13":"taxable","14":"shipping-taxable","15":"purchasable","16":"product-type-simple"},"acf":{"autor":"A.A.V.V","codart":"071489878","libros-coleccion":"","ediciones":"1","encuadernacion":"Carton\u00e9","fecha_de_publicacion":"01\/01\/2007","novedad":"0","paginas":"80","subtitulo":"LIBRO II","orden":"0","portada":"0","idioma":"spa","editorial":[{"ID":148663,"post_author":"3","post_date":"2022-10-14 12:00:01","post_date_gmt":"2022-10-14 10:00:01","post_content":"","post_title":"PHAIDON PRESS LIMITED,BRITISH","post_excerpt":"","post_status":"publish","comment_status":"closed","ping_status":"closed","post_password":"","post_name":"phaidon-press-limitedbritish","to_ping":"","pinged":"","post_modified":"2022-10-14 12:00:01","post_modified_gmt":"2022-10-14 10:00:01","post_content_filtered":"","post_parent":0,"guid":"http:\/\/dev.claret.cat\/editorial\/phaidon-press-limitedbritish\/","menu_order":0,"post_type":"editorial","post_mime_type":"","comment_count":"0","filter":"raw"}],"autores-libros":[{"ID":149040,"post_author":"3","post_date":"2022-10-14 14:21:40","post_date_gmt":"2022-10-14 12:21:40","post_content":"","post_title":"A.A.V.V","post_excerpt":"","post_status":"publish","comment_status":"closed","ping_status":"closed","post_password":"","post_name":"a-a-v-v-2","to_ping":"","pinged":"","post_modified":"2022-10-14 14:21:40","post_modified_gmt":"2022-10-14 12:21:40","post_content_filtered":"","post_parent":0,"guid":"http:\/\/dev.claret.cat\/autor\/a-a-v-v-2\/","menu_order":0,"post_type":"autor","post_mime_type":"","comment_count":"0","filter":"raw"}],"booktrailer":"","resenas":""},"aioseo_notices":[],"_links":{"self":[{"href":"https:\/\/www.claret.cat\/es\/wp-json\/wp\/v2\/product\/119254","targetHints":{"allow":["GET"]}}],"collection":[{"href":"https:\/\/www.claret.cat\/es\/wp-json\/wp\/v2\/product"}],"about":[{"href":"https:\/\/www.claret.cat\/es\/wp-json\/wp\/v2\/types\/product"}],"wp:featuredmedia":[{"embeddable":true,"href":"https:\/\/www.claret.cat\/es\/wp-json\/wp\/v2\/media\/1047382"}],"wp:attachment":[{"href":"https:\/\/www.claret.cat\/es\/wp-json\/wp\/v2\/media?parent=119254"}],"wp:term":[{"taxonomy":"product_brand","embeddable":true,"href":"https:\/\/www.claret.cat\/es\/wp-json\/wp\/v2\/product_brand?post=119254"},{"taxonomy":"product_cat","embeddable":true,"href":"https:\/\/www.claret.cat\/es\/wp-json\/wp\/v2\/product_cat?post=119254"},{"taxonomy":"product_tag","embeddable":true,"href":"https:\/\/www.claret.cat\/es\/wp-json\/wp\/v2\/product_tag?post=119254"}],"curies":[{"name":"wp","href":"https:\/\/api.w.org\/{rel}","templated":true}]}}