{"id":119320,"date":"2022-10-12T15:59:35","date_gmt":"2022-10-12T13:59:35","guid":{"rendered":"http:\/\/dev.claret.cat\/producte\/a-solas\/"},"modified":"2023-01-28T16:14:39","modified_gmt":"2023-01-28T15:14:39","slug":"a-solas-9788408216070","status":"publish","type":"product","link":"https:\/\/www.claret.cat\/es\/libro\/a-solas-9788408216070\/","title":{"rendered":"A SOLAS"},"content":{"rendered":"<p>Deseada, buscada, provocada, inadvertida, la soledad puede adoptar muchas formas, pero en la mayor\u00eda de casos es una situaci\u00f3n que nos da miedo, nos genera rechazo y tratamos de evitar a toda costa. En el mundo actual y especialmente a partir de una cierta edad, parece que la soledad se entiende como un fracaso: estar soltero, divorciado o separado es algo que debe superarse a toda costa. Sin embargo, saber estar solo es en realidad un signo de madurez, de autonom\u00eda, de riqueza personal. <br \/> A solas es una oda a la vulnerabilidad, al atrevimiento, a no dejarse vencer. Silvia Congost, una de las psic\u00f3logas m\u00e1s conocidas de nuestro pa\u00eds, rompe en este libro, lleno de reflexiones y consejos, con las ideas preconcebidas sobre no tener pareja y nos invita a perderle miedo al monstruo de la soledad desde su propia experiencia. A quedarnos en silencio escuchando nuestro cuerpo, conectando con los latidos de nuestro coraz\u00f3n, con el ruido de nuestra respiraci\u00f3n u observando la forma y el contenido de nuestros pensamientos. A atravesar los tortuosos caminos de la soledad hasta llegar a la propia liberaci\u00f3n, esa que solo se consigue cuando vamos de frente, sin dejar de avanzar.<\/p>\n","protected":false},"excerpt":{"rendered":"<p>CONGOST PROVENSAL, SILVIA<\/p>\n","protected":false},"featured_media":119321,"template":"","meta":{"_acf_changed":false,"om_disable_all_campaigns":false,"rs_blank_template":"","rs_page_bg_color":"","slide_template_v7":"","inline_featured_image":false,"_monsterinsights_skip_tracking":false,"_monsterinsights_sitenote_active":false,"_monsterinsights_sitenote_note":"","_monsterinsights_sitenote_category":0},"product_brand":[],"product_cat":[159],"product_tag":[],"class_list":{"0":"post-119320","1":"product","2":"type-product","3":"status-publish","4":"has-post-thumbnail","6":"product_cat-autors","8":"first","9":"instock","10":"taxable","11":"shipping-taxable","12":"purchasable","13":"product-type-simple"},"acf":{"editorial":[{"ID":6233,"post_author":"3","post_date":"2022-07-28 17:47:48","post_date_gmt":"2022-07-28 15:47:48","post_content":"","post_title":"EDITORIAL PLANETA","post_excerpt":"","post_status":"publish","comment_status":"closed","ping_status":"closed","post_password":"","post_name":"editorial-planeta","to_ping":"","pinged":"","post_modified":"2022-07-28 17:47:48","post_modified_gmt":"2022-07-28 15:47:48","post_content_filtered":"","post_parent":0,"guid":"http:\/\/dev.claret.cat\/editorial\/editorial-planeta\/","menu_order":0,"post_type":"editorial","post_mime_type":"","comment_count":"0","filter":"raw"}],"autores-libros":[{"ID":169495,"post_author":"3","post_date":"2022-10-14 22:27:41","post_date_gmt":"2022-10-14 20:27:41","post_content":"","post_title":"SILVIA CONGOST PROVENSAL","post_excerpt":"","post_status":"publish","comment_status":"closed","ping_status":"closed","post_password":"","post_name":"silvia-congost-provensal","to_ping":"","pinged":"","post_modified":"2022-10-14 22:27:41","post_modified_gmt":"2022-10-14 20:27:41","post_content_filtered":"","post_parent":0,"guid":"http:\/\/dev.claret.cat\/autor\/silvia-congost-provensal\/","menu_order":0,"post_type":"autor","post_mime_type":"","comment_count":"0","filter":"raw"}],"autor":"CONGOST PROVENSAL, SILVIA","codart":"840821607","libros-coleccion":"Autoayuda y superaci\u00f3n","ediciones":"1","encuadernacion":"R\u00fastica","fecha_de_publicacion":"01\/10\/2019","novedad":"1","paginas":"0","subtitulo":"DESCUBRE EL PLACER DE ESTAR CONTIGO MISMO","orden":"0","portada":"0","idioma":"spa"},"aioseo_notices":[],"_links":{"self":[{"href":"https:\/\/www.claret.cat\/es\/wp-json\/wp\/v2\/product\/119320","targetHints":{"allow":["GET"]}}],"collection":[{"href":"https:\/\/www.claret.cat\/es\/wp-json\/wp\/v2\/product"}],"about":[{"href":"https:\/\/www.claret.cat\/es\/wp-json\/wp\/v2\/types\/product"}],"wp:featuredmedia":[{"embeddable":true,"href":"https:\/\/www.claret.cat\/es\/wp-json\/wp\/v2\/media\/119321"}],"wp:attachment":[{"href":"https:\/\/www.claret.cat\/es\/wp-json\/wp\/v2\/media?parent=119320"}],"wp:term":[{"taxonomy":"product_brand","embeddable":true,"href":"https:\/\/www.claret.cat\/es\/wp-json\/wp\/v2\/product_brand?post=119320"},{"taxonomy":"product_cat","embeddable":true,"href":"https:\/\/www.claret.cat\/es\/wp-json\/wp\/v2\/product_cat?post=119320"},{"taxonomy":"product_tag","embeddable":true,"href":"https:\/\/www.claret.cat\/es\/wp-json\/wp\/v2\/product_tag?post=119320"}],"curies":[{"name":"wp","href":"https:\/\/api.w.org\/{rel}","templated":true}]}}