{"id":119356,"date":"2022-10-12T16:00:06","date_gmt":"2022-10-12T14:00:06","guid":{"rendered":"http:\/\/dev.claret.cat\/producte\/100-mitos\/"},"modified":"2025-04-07T12:21:34","modified_gmt":"2025-04-07T10:21:34","slug":"100-mitos-9788427216365","status":"publish","type":"product","link":"https:\/\/www.claret.cat\/es\/libro\/100-mitos-9788427216365\/","title":{"rendered":"100 MITOS"},"content":{"rendered":"<p>\u00bfSabes qui\u00e9n sostiene el universo sobre su espalda? \u00bfO qu\u00e9 dios es el responsable de que exista el invierno? \u00bfConoces a la criatura m\u00e1s terror\u00edfica que haya existido jam\u00e1s? En 100 mitos descubrir\u00e1s las mejores historias de la mitolog\u00eda griega y romana: aventuras repletas de objetos m\u00e1gicos, monstruos temibles, amores legendarios, h\u00e9roes audaces y castigos divinos que, miles de a\u00f1os despu\u00e9s, siguen siendo igual de emocionantes que el primer d\u00eda. \u00bfTe apuntas a conocer las historias m\u00e1s \u00e9picas jam\u00e1s contadas?<\/p>\n","protected":false},"excerpt":{"rendered":"<p>MORENO JAIME \/ GONZ\u00c1LEZ AR\u00c9VALO, SONIA<\/p>\n","protected":false},"featured_media":119357,"template":"","meta":{"_acf_changed":false,"om_disable_all_campaigns":false,"rs_blank_template":"","rs_page_bg_color":"","slide_template_v7":"","inline_featured_image":false,"_monsterinsights_skip_tracking":false,"_monsterinsights_sitenote_active":false,"_monsterinsights_sitenote_note":"","_monsterinsights_sitenote_category":0},"product_brand":[],"product_cat":[132,362],"product_tag":[],"class_list":{"0":"post-119356","1":"product","2":"type-product","3":"status-publish","4":"has-post-thumbnail","6":"product_cat-lectures-per-preadolescents-6-12-anys","7":"product_cat-libros-preadolescentes-6-12-anos","9":"first","10":"instock","11":"taxable","12":"shipping-taxable","13":"purchasable","14":"product-type-simple"},"acf":{"editorial":[{"ID":6346,"post_author":"3","post_date":"2022-07-28 17:50:13","post_date_gmt":"2022-07-28 15:50:13","post_content":"","post_title":"RBA Molino","post_excerpt":"","post_status":"publish","comment_status":"closed","ping_status":"closed","post_password":"","post_name":"rba-molino","to_ping":"","pinged":"","post_modified":"2022-07-28 17:50:13","post_modified_gmt":"2022-07-28 15:50:13","post_content_filtered":"","post_parent":0,"guid":"http:\/\/dev.claret.cat\/editorial\/rba-molino\/","menu_order":0,"post_type":"editorial","post_mime_type":"","comment_count":"0","filter":"raw"}],"autor":"MORENO JAIME \/ GONZ\u00c1LEZ AR\u00c9VALO, SONIA","codart":"842721636","libros-coleccion":"COFRE ENCANTADO","ediciones":"1","encuadernacion":"Carton\u00e9","fecha_de_publicacion":"01\/11\/2019","novedad":"1","paginas":"0","subtitulo":"","orden":"0","portada":"0","idioma":"spa","autores-libros":[{"ID":169667,"post_author":"3","post_date":"2022-10-14 22:29:04","post_date_gmt":"2022-10-14 20:29:04","post_content":"","post_title":"SONIA GONZALEZ AREVALO","post_excerpt":"","post_status":"publish","comment_status":"closed","ping_status":"closed","post_password":"","post_name":"sonia-gonzalez-arevalo","to_ping":"","pinged":"","post_modified":"2022-10-14 22:29:04","post_modified_gmt":"2022-10-14 20:29:04","post_content_filtered":"","post_parent":0,"guid":"http:\/\/dev.claret.cat\/autor\/sonia-gonzalez-arevalo\/","menu_order":0,"post_type":"autor","post_mime_type":"","comment_count":"0","filter":"raw"},{"ID":165461,"post_author":"3","post_date":"2022-10-14 17:55:22","post_date_gmt":"2022-10-14 15:55:22","post_content":"","post_title":"MORENO JAIME","post_excerpt":"","post_status":"publish","comment_status":"closed","ping_status":"closed","post_password":"","post_name":"moreno-jaime","to_ping":"","pinged":"","post_modified":"2022-10-14 17:55:22","post_modified_gmt":"2022-10-14 15:55:22","post_content_filtered":"","post_parent":0,"guid":"http:\/\/dev.claret.cat\/autor\/moreno-jaime\/","menu_order":0,"post_type":"autor","post_mime_type":"","comment_count":"0","filter":"raw"}]},"aioseo_notices":[],"_links":{"self":[{"href":"https:\/\/www.claret.cat\/es\/wp-json\/wp\/v2\/product\/119356","targetHints":{"allow":["GET"]}}],"collection":[{"href":"https:\/\/www.claret.cat\/es\/wp-json\/wp\/v2\/product"}],"about":[{"href":"https:\/\/www.claret.cat\/es\/wp-json\/wp\/v2\/types\/product"}],"wp:featuredmedia":[{"embeddable":true,"href":"https:\/\/www.claret.cat\/es\/wp-json\/wp\/v2\/media\/119357"}],"wp:attachment":[{"href":"https:\/\/www.claret.cat\/es\/wp-json\/wp\/v2\/media?parent=119356"}],"wp:term":[{"taxonomy":"product_brand","embeddable":true,"href":"https:\/\/www.claret.cat\/es\/wp-json\/wp\/v2\/product_brand?post=119356"},{"taxonomy":"product_cat","embeddable":true,"href":"https:\/\/www.claret.cat\/es\/wp-json\/wp\/v2\/product_cat?post=119356"},{"taxonomy":"product_tag","embeddable":true,"href":"https:\/\/www.claret.cat\/es\/wp-json\/wp\/v2\/product_tag?post=119356"}],"curies":[{"name":"wp","href":"https:\/\/api.w.org\/{rel}","templated":true}]}}