{"id":119384,"date":"2022-10-12T16:00:33","date_gmt":"2022-10-12T14:00:33","guid":{"rendered":"http:\/\/dev.claret.cat\/producte\/sobre-el-arte-de-leer\/"},"modified":"2025-11-20T10:15:53","modified_gmt":"2025-11-20T09:15:53","slug":"sobre-el-arte-de-leer-9788417886424","status":"publish","type":"product","link":"https:\/\/www.claret.cat\/es\/libro\/sobre-el-arte-de-leer-9788417886424\/","title":{"rendered":"SOBRE EL ARTE DE LEER"},"content":{"rendered":"<p>\u00bfC\u00f3mo se aprende a leer? Y, m\u00e1s importante a\u00fan, \u00bfqu\u00e9 es aprender a leer?<br \/> Si, como sostiene el autor, hay que aprender a leer r\u00e1pido de peque\u00f1os para poder disfrutar de la lectura lenta de adultos, busquen un sitio c\u00f3modo y un momento tranquilo, porque el deleite de este texto les durar\u00e1 mucho tiempo.<br \/> Este texto es la versi\u00f3n revisada de la conferencia pronunciada por Gregorio Luri en el IV Forum Edita 2019, encuentro sobre el mundo del libro que tiene lugar cada verano en Barcelona.<\/p>\n","protected":false},"excerpt":{"rendered":"<p>LURI, GREGORIO<\/p>\n","protected":false},"featured_media":1066981,"template":"","meta":{"_acf_changed":false,"om_disable_all_campaigns":false,"rs_blank_template":"","rs_page_bg_color":"","slide_template_v7":"","inline_featured_image":false,"_monsterinsights_skip_tracking":false,"_monsterinsights_sitenote_active":false,"_monsterinsights_sitenote_note":"","_monsterinsights_sitenote_category":0},"product_brand":[],"product_cat":[90,540],"product_tag":[],"class_list":{"0":"post-119384","1":"product","2":"type-product","3":"status-publish","4":"has-post-thumbnail","6":"product_cat-altres","7":"product_cat-otros","9":"first","10":"outofstock","11":"taxable","12":"shipping-taxable","13":"purchasable","14":"product-type-simple"},"acf":{"editorial":[{"ID":6331,"post_author":"3","post_date":"2022-07-28 17:49:53","post_date_gmt":"2022-07-28 15:49:53","post_content":"","post_title":"PLATAFORMA EDITORIAL","post_excerpt":"","post_status":"publish","comment_status":"closed","ping_status":"closed","post_password":"","post_name":"plataforma-editorial","to_ping":"","pinged":"","post_modified":"2022-07-28 17:49:53","post_modified_gmt":"2022-07-28 15:49:53","post_content_filtered":"","post_parent":0,"guid":"http:\/\/dev.claret.cat\/editorial\/plataforma-editorial\/","menu_order":0,"post_type":"editorial","post_mime_type":"","comment_count":"0","filter":"raw"}],"autor":"LURI, GREGORIO","codart":"841788642","libros-coleccion":"","ediciones":"1","encuadernacion":"R\u00fastica","fecha_de_publicacion":"01\/11\/2019","novedad":"1","paginas":"106","subtitulo":"10 TESIS SOBRE LA EDUCACI\u00d3N Y LA LECTURA","orden":"0","portada":"0","idioma":"spa","autores-libros":[{"ID":157131,"post_author":"3","post_date":"2022-10-14 15:26:22","post_date_gmt":"2022-10-14 13:26:22","post_content":"","post_title":"GREGORIO LURI","post_excerpt":"","post_status":"publish","comment_status":"closed","ping_status":"closed","post_password":"","post_name":"gregorio-luri","to_ping":"","pinged":"","post_modified":"2022-10-14 15:26:22","post_modified_gmt":"2022-10-14 13:26:22","post_content_filtered":"","post_parent":0,"guid":"http:\/\/dev.claret.cat\/autor\/gregorio-luri\/","menu_order":0,"post_type":"autor","post_mime_type":"","comment_count":"0","filter":"raw"}],"booktrailer":"","resenas":""},"aioseo_notices":[],"_links":{"self":[{"href":"https:\/\/www.claret.cat\/es\/wp-json\/wp\/v2\/product\/119384","targetHints":{"allow":["GET"]}}],"collection":[{"href":"https:\/\/www.claret.cat\/es\/wp-json\/wp\/v2\/product"}],"about":[{"href":"https:\/\/www.claret.cat\/es\/wp-json\/wp\/v2\/types\/product"}],"wp:featuredmedia":[{"embeddable":true,"href":"https:\/\/www.claret.cat\/es\/wp-json\/wp\/v2\/media\/1066981"}],"wp:attachment":[{"href":"https:\/\/www.claret.cat\/es\/wp-json\/wp\/v2\/media?parent=119384"}],"wp:term":[{"taxonomy":"product_brand","embeddable":true,"href":"https:\/\/www.claret.cat\/es\/wp-json\/wp\/v2\/product_brand?post=119384"},{"taxonomy":"product_cat","embeddable":true,"href":"https:\/\/www.claret.cat\/es\/wp-json\/wp\/v2\/product_cat?post=119384"},{"taxonomy":"product_tag","embeddable":true,"href":"https:\/\/www.claret.cat\/es\/wp-json\/wp\/v2\/product_tag?post=119384"}],"curies":[{"name":"wp","href":"https:\/\/api.w.org\/{rel}","templated":true}]}}