{"id":119456,"date":"2022-10-12T16:01:44","date_gmt":"2022-10-12T14:01:44","guid":{"rendered":"http:\/\/dev.claret.cat\/producte\/violeta-i-els-contrabandistes\/"},"modified":"2025-03-28T10:21:45","modified_gmt":"2025-03-28T09:21:45","slug":"violeta-i-els-contrabandistes-3-9788418075087","status":"publish","type":"product","link":"https:\/\/www.claret.cat\/es\/libro\/violeta-i-els-contrabandistes-3-9788418075087\/","title":{"rendered":"VIOLETA I ELS CONTRABANDISTES (3)"},"content":{"rendered":"<p>* Sabries resoldre el misteri dels contrabandistes?<br \/> * El padr\u00ed Joan convida la Violeta i els seus amics a passar l&#8221;estiu amb ell i gaudir d&#8221;una aventura a bord d&#8221;un veler. A la Violeta li fa molt\u00edssima il\u00b7lusi\u00f3.<br \/> * Malgrat tot, quan sospita que el capit\u00e0 d&#8221;una embarcaci\u00f3 que hi ha amarrada a prop del veler d&#8221;en Joan trama alguna cosa, la <br \/> Violeta ha de posar en pr\u00e0ctica totes les seves habilitats de detectiu&#8230; I si \u00e9s el cap d&#8221;una banda de contrabandistes?<br \/> La Violeta viu amb un gat que es diu P\u00fading (de fet, el seu nom complet \u00e9s P\u00fading de Toffee Enganx\u00f3s), la seva mare, la Camila Cler, que \u00e9s dissenyadora de joies, i el seu pare, en Bonaventura Mora, que \u00e9s arquitecte. Viuen en un pis amb molt estil i incre\u00efblement endre\u00e7at; a la part de darrere de l&#8221;edifici hi ha un gran jard\u00ed que la Violeta comparteix amb tots els altres nens i adults que viuen al voltant. La millor amiga de la Violeta \u00e9s la Rosa; la seva fam\u00edlia viu al mateix carrer i ella va a la mateixa escola que la Violeta. <br \/> La Violeta fa moltes activitats despr\u00e9s de l&#8221;escola. De fet, est\u00e0 tan ocupada que a la seva habitaci\u00f3 fins i tot t\u00e9 un calendari especial per saber on ha d&#8221;anar cada dia. L&#8221;activitat preferida de la Violeta \u00e9s l&#8221;escalada, i per aix\u00f2 en fa dues vegades a la setmana. Com que \u00e9s filla \u00fanica, la Violeta passa llargues estones amb persones grans. Aix\u00f2 de vegades \u00e9s una mica avorrit, per\u00f2 tamb\u00e9 ha apr\u00e8s algunes coses molt \u00fatils, com per exemple, a llegir la carta d&#8221;un restaurant en franc\u00e8s, preparar un c\u00f2ctel perfecte i jugar al p\u00f2quer. Quan els seus pares treballen, la Norma, la majordoma, t\u00e9 cura d&#8221;ella; no parla gaire, per\u00f2 quan ho fa val la pena escoltar-la.<\/p>\n","protected":false},"excerpt":{"rendered":"<p>WHITEHORN, HARRIET<\/p>\n","protected":false},"featured_media":1014899,"template":"","meta":{"_acf_changed":false,"om_disable_all_campaigns":false,"rs_blank_template":"","rs_page_bg_color":"","slide_template_v7":"","inline_featured_image":false,"_monsterinsights_skip_tracking":false,"_monsterinsights_sitenote_active":false,"_monsterinsights_sitenote_note":"","_monsterinsights_sitenote_category":0},"product_brand":[],"product_cat":[132,362],"product_tag":[],"class_list":{"0":"post-119456","1":"product","2":"type-product","3":"status-publish","4":"has-post-thumbnail","6":"product_cat-lectures-per-preadolescents-6-12-anys","7":"product_cat-libros-preadolescentes-6-12-anos","9":"first","10":"instock","11":"taxable","12":"shipping-taxable","13":"purchasable","14":"product-type-simple"},"acf":{"autor":"WHITEHORN, HARRIET","codart":"841807508","libros-coleccion":"VIOLETA","ediciones":"1","encuadernacion":"Carton\u00e9","fecha_de_publicacion":"01\/10\/2019","novedad":"1","paginas":"0","subtitulo":"","orden":"0","portada":"0","idioma":"cat","editorial":[{"ID":147554,"post_author":"3","post_date":"2022-10-14 11:51:27","post_date_gmt":"2022-10-14 09:51:27","post_content":"","post_title":"BLUME (Naturart)","post_excerpt":"","post_status":"publish","comment_status":"closed","ping_status":"closed","post_password":"","post_name":"blume-naturart","to_ping":"","pinged":"","post_modified":"2022-10-14 11:51:27","post_modified_gmt":"2022-10-14 09:51:27","post_content_filtered":"","post_parent":0,"guid":"http:\/\/dev.claret.cat\/editorial\/blume-naturart\/","menu_order":0,"post_type":"editorial","post_mime_type":"","comment_count":"0","filter":"raw"}],"autores-libros":[{"ID":157387,"post_author":"3","post_date":"2022-10-14 15:28:25","post_date_gmt":"2022-10-14 13:28:25","post_content":"","post_title":"HARRIET WHITEHORN","post_excerpt":"","post_status":"publish","comment_status":"closed","ping_status":"closed","post_password":"","post_name":"harriet-whitehorn","to_ping":"","pinged":"","post_modified":"2022-10-14 15:28:25","post_modified_gmt":"2022-10-14 13:28:25","post_content_filtered":"","post_parent":0,"guid":"http:\/\/dev.claret.cat\/autor\/harriet-whitehorn\/","menu_order":0,"post_type":"autor","post_mime_type":"","comment_count":"0","filter":"raw"}]},"aioseo_notices":[],"_links":{"self":[{"href":"https:\/\/www.claret.cat\/es\/wp-json\/wp\/v2\/product\/119456","targetHints":{"allow":["GET"]}}],"collection":[{"href":"https:\/\/www.claret.cat\/es\/wp-json\/wp\/v2\/product"}],"about":[{"href":"https:\/\/www.claret.cat\/es\/wp-json\/wp\/v2\/types\/product"}],"wp:featuredmedia":[{"embeddable":true,"href":"https:\/\/www.claret.cat\/es\/wp-json\/wp\/v2\/media\/1014899"}],"wp:attachment":[{"href":"https:\/\/www.claret.cat\/es\/wp-json\/wp\/v2\/media?parent=119456"}],"wp:term":[{"taxonomy":"product_brand","embeddable":true,"href":"https:\/\/www.claret.cat\/es\/wp-json\/wp\/v2\/product_brand?post=119456"},{"taxonomy":"product_cat","embeddable":true,"href":"https:\/\/www.claret.cat\/es\/wp-json\/wp\/v2\/product_cat?post=119456"},{"taxonomy":"product_tag","embeddable":true,"href":"https:\/\/www.claret.cat\/es\/wp-json\/wp\/v2\/product_tag?post=119456"}],"curies":[{"name":"wp","href":"https:\/\/api.w.org\/{rel}","templated":true}]}}