{"id":119459,"date":"2022-10-12T16:01:47","date_gmt":"2022-10-12T14:01:47","guid":{"rendered":"http:\/\/dev.claret.cat\/producte\/violeta-y-los-contrabandistas\/"},"modified":"2025-03-28T10:25:37","modified_gmt":"2025-03-28T09:25:37","slug":"violeta-y-los-contrabandistas-3-9788418075070","status":"publish","type":"product","link":"https:\/\/www.claret.cat\/es\/libro\/violeta-y-los-contrabandistas-3-9788418075070\/","title":{"rendered":"VIOLETA Y LOS CONTRABANDISTAS (3)"},"content":{"rendered":"<p>* \u00bfEres capaz de resolver el misterio de los contrabandistas?<br \/> * El padrino Juan invita a Violeta y a sus amigos a pasar el verano con \u00e9l y disfrutar de una aventura en barco, y a Violeta le hace una ilusi\u00f3n tremenda.<br \/> * Sin embargo, cuando sospecha que el capit\u00e1n de una embarcaci\u00f3n atracada cerca del velero de Juan puede estar tramando algo, Violeta tiene que poner sus habilidades detectivescas en pr\u00e1ctica \u00bfNo ser\u00e1 el jefe de una banda de contrabandistas?<br \/> Violeta vive con un gato al que llaman Pudin para abreviar (en realidad, su nombre es Pudin de tofe pegajoso), su madre, Camila Cler, dise\u00f1adora de joyas, y su padre, Benito Morado, arquitecto. Viven en un piso con mucho estilo e incre\u00edblemente ordenado; en la parte posterior del edificio hay un gran jard\u00edn que comparten todos los ni\u00f1os y adultos que viven en los alrededores. La mejor amiga de Violeta es Rosa; su familia<br \/> vive en la misma calle y ella va al mismo colegio que Violeta. <\/p>\n<p> Violeta hace muchas actividades despu\u00e9s del colegio. De hecho, est\u00e1 tan ocupada que hasta tiene un calendario especial en su habitaci\u00f3n para saber d\u00f3nde tiene que ir cada d\u00eda. La actividad preferida de Violeta es la escalada, por eso va dos veces por semana. Violeta es hija \u00fanica, y por consiguiente pasa una gran parte de su tiempo con adultos. A veces esto puede resultar un poco aburrido, pero tambi\u00e9n significa aprender muchas cosas \u00fatiles, como, por ejemplo, leer la carta de un restaurante en franc\u00e9s, preparar un<br \/> c\u00f3ctel perfecto y jugar al p\u00f3quer. Cuando sus padres est\u00e1n trabajando, Norma, el ama de llaves, es quien la cuida; Norma no habla mucho, pero cuando dice algo merece la pena escucharla.<\/p>\n","protected":false},"excerpt":{"rendered":"<p>WHITEHORN, HARRIET<\/p>\n","protected":false},"featured_media":1014907,"template":"","meta":{"_acf_changed":false,"om_disable_all_campaigns":false,"rs_blank_template":"","rs_page_bg_color":"","slide_template_v7":"","inline_featured_image":false,"_monsterinsights_skip_tracking":false,"_monsterinsights_sitenote_active":false,"_monsterinsights_sitenote_note":"","_monsterinsights_sitenote_category":0},"product_brand":[],"product_cat":[132,362],"product_tag":[],"class_list":{"0":"post-119459","1":"product","2":"type-product","3":"status-publish","4":"has-post-thumbnail","6":"product_cat-lectures-per-preadolescents-6-12-anys","7":"product_cat-libros-preadolescentes-6-12-anos","9":"first","10":"instock","11":"taxable","12":"shipping-taxable","13":"purchasable","14":"product-type-simple"},"acf":{"autor":"WHITEHORN, HARRIET","codart":"841807507","libros-coleccion":"VIOLETA","ediciones":"1","encuadernacion":"Carton\u00e9","fecha_de_publicacion":"01\/10\/2019","novedad":"1","paginas":"0","subtitulo":"","orden":"0","portada":"0","idioma":"spa","editorial":[{"ID":147554,"post_author":"3","post_date":"2022-10-14 11:51:27","post_date_gmt":"2022-10-14 09:51:27","post_content":"","post_title":"BLUME (Naturart)","post_excerpt":"","post_status":"publish","comment_status":"closed","ping_status":"closed","post_password":"","post_name":"blume-naturart","to_ping":"","pinged":"","post_modified":"2022-10-14 11:51:27","post_modified_gmt":"2022-10-14 09:51:27","post_content_filtered":"","post_parent":0,"guid":"http:\/\/dev.claret.cat\/editorial\/blume-naturart\/","menu_order":0,"post_type":"editorial","post_mime_type":"","comment_count":"0","filter":"raw"}],"autores-libros":[{"ID":157387,"post_author":"3","post_date":"2022-10-14 15:28:25","post_date_gmt":"2022-10-14 13:28:25","post_content":"","post_title":"HARRIET WHITEHORN","post_excerpt":"","post_status":"publish","comment_status":"closed","ping_status":"closed","post_password":"","post_name":"harriet-whitehorn","to_ping":"","pinged":"","post_modified":"2022-10-14 15:28:25","post_modified_gmt":"2022-10-14 13:28:25","post_content_filtered":"","post_parent":0,"guid":"http:\/\/dev.claret.cat\/autor\/harriet-whitehorn\/","menu_order":0,"post_type":"autor","post_mime_type":"","comment_count":"0","filter":"raw"}]},"aioseo_notices":[],"_links":{"self":[{"href":"https:\/\/www.claret.cat\/es\/wp-json\/wp\/v2\/product\/119459","targetHints":{"allow":["GET"]}}],"collection":[{"href":"https:\/\/www.claret.cat\/es\/wp-json\/wp\/v2\/product"}],"about":[{"href":"https:\/\/www.claret.cat\/es\/wp-json\/wp\/v2\/types\/product"}],"wp:featuredmedia":[{"embeddable":true,"href":"https:\/\/www.claret.cat\/es\/wp-json\/wp\/v2\/media\/1014907"}],"wp:attachment":[{"href":"https:\/\/www.claret.cat\/es\/wp-json\/wp\/v2\/media?parent=119459"}],"wp:term":[{"taxonomy":"product_brand","embeddable":true,"href":"https:\/\/www.claret.cat\/es\/wp-json\/wp\/v2\/product_brand?post=119459"},{"taxonomy":"product_cat","embeddable":true,"href":"https:\/\/www.claret.cat\/es\/wp-json\/wp\/v2\/product_cat?post=119459"},{"taxonomy":"product_tag","embeddable":true,"href":"https:\/\/www.claret.cat\/es\/wp-json\/wp\/v2\/product_tag?post=119459"}],"curies":[{"name":"wp","href":"https:\/\/api.w.org\/{rel}","templated":true}]}}