{"id":119477,"date":"2022-10-12T16:02:07","date_gmt":"2022-10-12T14:02:07","guid":{"rendered":"http:\/\/dev.claret.cat\/producte\/violeta-y-la-perla-de-oriente\/"},"modified":"2023-01-28T04:21:30","modified_gmt":"2023-01-28T03:21:30","slug":"violeta-y-la-perla-de-oriente-9788416965601","status":"publish","type":"product","link":"https:\/\/www.claret.cat\/es\/libro\/violeta-y-la-perla-de-oriente-9788416965601\/","title":{"rendered":"VIOLETA Y LA PERLA DE ORIENTE"},"content":{"rendered":"<p>Violeta vive con un gato al que llaman Pudin para abreviar (en realidad, su nombre es Pudin de tofe pegajoso), su madre, Camila Cler, dise\u00f1adora de joyas, y su padre, Benito Morado, arquitecto. Viven en un piso con mucho estilo e incre\u00edblemente ordenado; en la parte posterior del edificio hay un gran jard\u00edn que comparten todos los ni\u00f1os y adultos que viven en los alrededores. La mejor amiga de Violeta es Rosa; su familia vive en la misma calle y ella va al mismo colegio que Violeta.<br \/> Violeta hace muchas actividades despu\u00e9s del colegio. De hecho, est\u00e1 tan ocupada que hasta tiene un calendario especial en su habitaci\u00f3n para saber d\u00f3nde tiene que ir cada d\u00eda. La actividad preferida de Violeta es la escalada, por eso va dos veces por semana. Violeta es hija \u00fanica, y por consiguiente pasa una gran parte de su tiempo con adultos. A veces esto puede resultar un poco aburrido, pero tambi\u00e9n significa aprender muchas cosas \u00fatiles, como por ejemplo, leer la carta de un restaurante en franc\u00e9s, preparar un c\u00f3ctel perfecto y jugar al p\u00f3quer. Cuando sus padres est\u00e1n trabajando, Norma, el ama de llaves, es quien la cuida; Norma no habla mucho, pero cuando dice algo merece la pena escucharla.<\/p>\n","protected":false},"excerpt":{"rendered":"<p>WHITEHORN, HARRIET \/ MOOR, BECKA<\/p>\n","protected":false},"featured_media":119478,"template":"","meta":{"_acf_changed":false,"om_disable_all_campaigns":false,"rs_blank_template":"","rs_page_bg_color":"","slide_template_v7":"","inline_featured_image":false,"_monsterinsights_skip_tracking":false,"_monsterinsights_sitenote_active":false,"_monsterinsights_sitenote_note":"","_monsterinsights_sitenote_category":0},"product_brand":[],"product_cat":[16],"product_tag":[],"class_list":{"0":"post-119477","1":"product","2":"type-product","3":"status-publish","4":"has-post-thumbnail","6":"product_cat-sense-categoria","8":"first","9":"instock","10":"taxable","11":"shipping-taxable","12":"purchasable","13":"product-type-simple"},"acf":{"editorial":[{"ID":147554,"post_author":"3","post_date":"2022-10-14 11:51:27","post_date_gmt":"2022-10-14 09:51:27","post_content":"","post_title":"BLUME (Naturart)","post_excerpt":"","post_status":"publish","comment_status":"closed","ping_status":"closed","post_password":"","post_name":"blume-naturart","to_ping":"","pinged":"","post_modified":"2022-10-14 11:51:27","post_modified_gmt":"2022-10-14 09:51:27","post_content_filtered":"","post_parent":0,"guid":"http:\/\/dev.claret.cat\/editorial\/blume-naturart\/","menu_order":0,"post_type":"editorial","post_mime_type":"","comment_count":"0","filter":"raw"}],"autores-libros":[{"ID":157387,"post_author":"3","post_date":"2022-10-14 15:28:25","post_date_gmt":"2022-10-14 13:28:25","post_content":"","post_title":"HARRIET WHITEHORN","post_excerpt":"","post_status":"publish","comment_status":"closed","ping_status":"closed","post_password":"","post_name":"harriet-whitehorn","to_ping":"","pinged":"","post_modified":"2022-10-14 15:28:25","post_modified_gmt":"2022-10-14 13:28:25","post_content_filtered":"","post_parent":0,"guid":"http:\/\/dev.claret.cat\/autor\/harriet-whitehorn\/","menu_order":0,"post_type":"autor","post_mime_type":"","comment_count":"0","filter":"raw"},{"ID":151466,"post_author":"3","post_date":"2022-10-14 14:41:06","post_date_gmt":"2022-10-14 12:41:06","post_content":"","post_title":"BECKA MOOR","post_excerpt":"","post_status":"publish","comment_status":"closed","ping_status":"closed","post_password":"","post_name":"becka-moor","to_ping":"","pinged":"","post_modified":"2022-10-14 14:41:06","post_modified_gmt":"2022-10-14 12:41:06","post_content_filtered":"","post_parent":0,"guid":"http:\/\/dev.claret.cat\/autor\/becka-moor\/","menu_order":0,"post_type":"autor","post_mime_type":"","comment_count":"0","filter":"raw"}],"autor":"WHITEHORN, HARRIET \/ MOOR, BECKA","codart":"841696560","libros-coleccion":"VIOLETA","ediciones":"1","encuadernacion":"Carton\u00e9","fecha_de_publicacion":"01\/02\/2018","novedad":"1","paginas":"0","subtitulo":"","orden":"0","portada":"0","idioma":"spa"},"aioseo_notices":[],"_links":{"self":[{"href":"https:\/\/www.claret.cat\/es\/wp-json\/wp\/v2\/product\/119477","targetHints":{"allow":["GET"]}}],"collection":[{"href":"https:\/\/www.claret.cat\/es\/wp-json\/wp\/v2\/product"}],"about":[{"href":"https:\/\/www.claret.cat\/es\/wp-json\/wp\/v2\/types\/product"}],"wp:featuredmedia":[{"embeddable":true,"href":"https:\/\/www.claret.cat\/es\/wp-json\/wp\/v2\/media\/119478"}],"wp:attachment":[{"href":"https:\/\/www.claret.cat\/es\/wp-json\/wp\/v2\/media?parent=119477"}],"wp:term":[{"taxonomy":"product_brand","embeddable":true,"href":"https:\/\/www.claret.cat\/es\/wp-json\/wp\/v2\/product_brand?post=119477"},{"taxonomy":"product_cat","embeddable":true,"href":"https:\/\/www.claret.cat\/es\/wp-json\/wp\/v2\/product_cat?post=119477"},{"taxonomy":"product_tag","embeddable":true,"href":"https:\/\/www.claret.cat\/es\/wp-json\/wp\/v2\/product_tag?post=119477"}],"curies":[{"name":"wp","href":"https:\/\/api.w.org\/{rel}","templated":true}]}}