{"id":119483,"date":"2022-10-12T16:02:12","date_gmt":"2022-10-12T14:02:12","guid":{"rendered":"http:\/\/dev.claret.cat\/producte\/los-i-el-piano-2019\/"},"modified":"2025-12-02T11:30:34","modified_gmt":"2025-12-02T10:30:34","slug":"los-i-el-piano-2019-9788417492939","status":"publish","type":"product","link":"https:\/\/www.claret.cat\/es\/libro\/los-i-el-piano-2019-9788417492939\/","title":{"rendered":"L&#8217;\u00d3S I EL PIANO (2019)"},"content":{"rendered":"<p>Un dia, al bosc, un osset va trobar una cosa que no havia vist mai. \u00abQu\u00e8 deu ser aquest objecte tan estrany?\u00bb, va pensar. Amb cautela, el va comen\u00e7ar a palpar amb aquelles potes rabassudes&#8230;<\/p>\n<p> Amb el transcurs del temps, l&#8221;\u00f3s va aprendre a tocar l&#8221;estrany instrument. Un dia, per casualitat, un pare i el seu fill, que esmorzaven al bosc, van sentir els bells sons del piano. L&#8221;\u00f3s els va acompanyar en un incre\u00efble viatge a Nova York, on la seva extraordin\u00e0ria habilitat el va convertir en un personatge fam\u00f3s. Va aconseguir la fama, la fortuna i tota la m\u00fasica del m\u00f3n, per\u00f2 trobava a faltar als seus amics i a la fam\u00edlia que havia deixat enrere.<\/p>\n","protected":false},"excerpt":{"rendered":"<p>LITCHFIELD, DAVID<\/p>\n","protected":false},"featured_media":119484,"template":"","meta":{"_acf_changed":false,"om_disable_all_campaigns":false,"rs_blank_template":"","rs_page_bg_color":"","slide_template_v7":"","inline_featured_image":false,"_monsterinsights_skip_tracking":false,"_monsterinsights_sitenote_active":false,"_monsterinsights_sitenote_note":"","_monsterinsights_sitenote_category":0},"product_brand":[],"product_cat":[90,540],"product_tag":[],"class_list":{"0":"post-119483","1":"product","2":"type-product","3":"status-publish","4":"has-post-thumbnail","6":"product_cat-altres","7":"product_cat-otros","9":"first","10":"outofstock","11":"taxable","12":"shipping-taxable","13":"purchasable","14":"product-type-simple"},"acf":{"autor":"LITCHFIELD, DAVID","codart":"841749293","libros-coleccion":"GENERICA","ediciones":"1","encuadernacion":"Carton\u00e9","fecha_de_publicacion":"01\/02\/2019","novedad":"1","paginas":"0","subtitulo":"","orden":"0","portada":"0","idioma":"cat","editorial":[{"ID":147554,"post_author":"3","post_date":"2022-10-14 11:51:27","post_date_gmt":"2022-10-14 09:51:27","post_content":"","post_title":"BLUME (Naturart)","post_excerpt":"","post_status":"publish","comment_status":"closed","ping_status":"closed","post_password":"","post_name":"blume-naturart","to_ping":"","pinged":"","post_modified":"2022-10-14 11:51:27","post_modified_gmt":"2022-10-14 09:51:27","post_content_filtered":"","post_parent":0,"guid":"http:\/\/dev.claret.cat\/editorial\/blume-naturart\/","menu_order":0,"post_type":"editorial","post_mime_type":"","comment_count":"0","filter":"raw"}],"autores-libros":[{"ID":153867,"post_author":"3","post_date":"2022-10-14 15:00:10","post_date_gmt":"2022-10-14 13:00:10","post_content":"","post_title":"DAVID LITCHFIELD","post_excerpt":"","post_status":"publish","comment_status":"closed","ping_status":"closed","post_password":"","post_name":"david-litchfield","to_ping":"","pinged":"","post_modified":"2022-10-14 15:00:10","post_modified_gmt":"2022-10-14 13:00:10","post_content_filtered":"","post_parent":0,"guid":"http:\/\/dev.claret.cat\/autor\/david-litchfield\/","menu_order":0,"post_type":"autor","post_mime_type":"","comment_count":"0","filter":"raw"}],"booktrailer":"","resenas":""},"aioseo_notices":[],"_links":{"self":[{"href":"https:\/\/www.claret.cat\/es\/wp-json\/wp\/v2\/product\/119483","targetHints":{"allow":["GET"]}}],"collection":[{"href":"https:\/\/www.claret.cat\/es\/wp-json\/wp\/v2\/product"}],"about":[{"href":"https:\/\/www.claret.cat\/es\/wp-json\/wp\/v2\/types\/product"}],"wp:featuredmedia":[{"embeddable":true,"href":"https:\/\/www.claret.cat\/es\/wp-json\/wp\/v2\/media\/119484"}],"wp:attachment":[{"href":"https:\/\/www.claret.cat\/es\/wp-json\/wp\/v2\/media?parent=119483"}],"wp:term":[{"taxonomy":"product_brand","embeddable":true,"href":"https:\/\/www.claret.cat\/es\/wp-json\/wp\/v2\/product_brand?post=119483"},{"taxonomy":"product_cat","embeddable":true,"href":"https:\/\/www.claret.cat\/es\/wp-json\/wp\/v2\/product_cat?post=119483"},{"taxonomy":"product_tag","embeddable":true,"href":"https:\/\/www.claret.cat\/es\/wp-json\/wp\/v2\/product_tag?post=119483"}],"curies":[{"name":"wp","href":"https:\/\/api.w.org\/{rel}","templated":true}]}}