{"id":119495,"date":"2022-10-12T16:02:22","date_gmt":"2022-10-12T14:02:22","guid":{"rendered":"http:\/\/dev.claret.cat\/producte\/catolicismo\/"},"modified":"2026-02-04T19:36:22","modified_gmt":"2026-02-04T18:36:22","slug":"catolicismo-9788413390031","status":"publish","type":"product","link":"https:\/\/www.claret.cat\/es\/libro\/catolicismo-9788413390031\/","title":{"rendered":"CATOLICISMO"},"content":{"rendered":"<p>En este gran cl\u00e1sico, de car\u00e1cter program\u00e1tico, del Padre De Lubac se perfilan los dos rasgos esenciales de la realidad cat\u00f3lica. Por un lado, la dimensi\u00f3n \u00absocial\u00bb &#8211;la solidaridad universal como acontecimiento salv\u00edfico de la humanidad&#8211; y, por otro, la dimensi\u00f3n \u00abhist\u00f3rica\u00bb &#8211;la significaci\u00f3n de la temporalidad y de la historia&#8211;.<br \/> El plan divino de la creaci\u00f3n y redenci\u00f3n es uno, como una es tambi\u00e9n la humanidad en cuanto realidad creada. La Iglesia fundada por Cristo est\u00e1 comprometida con la obra de unificaci\u00f3n de la humanidad, dividida por el pecado y el ego\u00edsmo; en ella se inaugura la reconciliaci\u00f3n universal.<br \/> La dial\u00e9ctica permanente entre persona y comunidad y entre inmanencia y trascendencia definen su ser y su obrar como sacramento de Cristo en el mundo. La Iglesia, igual que el hombre real, debe ser visible y tangible, al mismo tiempo que invisible y espiritual. Igualmente, no se pueden separar salvaci\u00f3n del g\u00e9nero humano y salvaci\u00f3n individual.<br \/> \u00abLa existencia socialmente m\u00e1s perfecta y m\u00e1s dichosa que pueda imaginarse ser\u00eda sin duda la cosa m\u00e1s inhumana del mundo, si no estuviera acompa\u00f1ada de una aut\u00e9ntica renovaci\u00f3n de la vida interior; de la misma manera que la vida interior no ser\u00eda m\u00e1s que pura mistificaci\u00f3n si se replegara sobre s\u00ed misma en una especie de ego\u00edsmo refinado\u00bb.<br \/> (Hans Urs von Balthasar, El cardenal Henri de Lubac)<\/p>\n","protected":false},"excerpt":{"rendered":"<p>DE LUBAC, HENRI<\/p>\n","protected":false},"featured_media":1081198,"template":"","meta":{"_acf_changed":false,"om_disable_all_campaigns":false,"rs_blank_template":"","rs_page_bg_color":"","slide_template_v7":"","inline_featured_image":false,"_monsterinsights_skip_tracking":false,"_monsterinsights_sitenote_active":false,"_monsterinsights_sitenote_note":"","_monsterinsights_sitenote_category":0},"product_brand":[],"product_cat":[485,232,277,415],"product_tag":[],"class_list":{"0":"post-119495","1":"product","2":"type-product","3":"status-publish","4":"has-post-thumbnail","6":"product_cat-autores-espiritualidad-1_espiritualidad","7":"product_cat-autors-espiritualitat","8":"product_cat-dogmatica","9":"product_cat-dogmatica-teologia-1_espiritualidad","11":"first","12":"instock","13":"taxable","14":"shipping-taxable","15":"purchasable","16":"product-type-simple"},"acf":{"editorial":[{"ID":6201,"post_author":"3","post_date":"2022-07-28 17:47:01","post_date_gmt":"2022-07-28 15:47:01","post_content":"","post_title":"Ediciones Encuentro","post_excerpt":"","post_status":"publish","comment_status":"closed","ping_status":"closed","post_password":"","post_name":"ediciones-encuentro","to_ping":"","pinged":"","post_modified":"2022-07-28 17:47:01","post_modified_gmt":"2022-07-28 15:47:01","post_content_filtered":"","post_parent":0,"guid":"http:\/\/dev.claret.cat\/editorial\/ediciones-encuentro\/","menu_order":0,"post_type":"editorial","post_mime_type":"","comment_count":"0","filter":"raw"}],"autores-libros":[{"ID":157511,"post_author":"3","post_date":"2022-10-14 15:29:24","post_date_gmt":"2022-10-14 13:29:24","post_content":"","post_title":"HENRI DE LUBAC","post_excerpt":"","post_status":"publish","comment_status":"closed","ping_status":"closed","post_password":"","post_name":"henri-de-lubac","to_ping":"","pinged":"","post_modified":"2022-10-14 15:29:24","post_modified_gmt":"2022-10-14 13:29:24","post_content_filtered":"","post_parent":0,"guid":"http:\/\/dev.claret.cat\/autor\/henri-de-lubac\/","menu_order":0,"post_type":"autor","post_mime_type":"","comment_count":"0","filter":"raw"}],"autor":"DE LUBAC, HENRI","codart":"841339003","libros-coleccion":"100XUNO","ediciones":"1","encuadernacion":"R\u00fastica","fecha_de_publicacion":"01\/11\/2019","novedad":"1","paginas":"404","subtitulo":"ASPECTOS SOCIALES DEL DOGMA","orden":"0","portada":"0","idioma":"spa","booktrailer":"","resenas":""},"aioseo_notices":[],"_links":{"self":[{"href":"https:\/\/www.claret.cat\/es\/wp-json\/wp\/v2\/product\/119495","targetHints":{"allow":["GET"]}}],"collection":[{"href":"https:\/\/www.claret.cat\/es\/wp-json\/wp\/v2\/product"}],"about":[{"href":"https:\/\/www.claret.cat\/es\/wp-json\/wp\/v2\/types\/product"}],"wp:featuredmedia":[{"embeddable":true,"href":"https:\/\/www.claret.cat\/es\/wp-json\/wp\/v2\/media\/1081198"}],"wp:attachment":[{"href":"https:\/\/www.claret.cat\/es\/wp-json\/wp\/v2\/media?parent=119495"}],"wp:term":[{"taxonomy":"product_brand","embeddable":true,"href":"https:\/\/www.claret.cat\/es\/wp-json\/wp\/v2\/product_brand?post=119495"},{"taxonomy":"product_cat","embeddable":true,"href":"https:\/\/www.claret.cat\/es\/wp-json\/wp\/v2\/product_cat?post=119495"},{"taxonomy":"product_tag","embeddable":true,"href":"https:\/\/www.claret.cat\/es\/wp-json\/wp\/v2\/product_tag?post=119495"}],"curies":[{"name":"wp","href":"https:\/\/api.w.org\/{rel}","templated":true}]}}