{"id":119525,"date":"2022-10-12T16:02:51","date_gmt":"2022-10-12T14:02:51","guid":{"rendered":"http:\/\/dev.claret.cat\/producte\/ingenieria\/"},"modified":"2023-01-28T17:11:11","modified_gmt":"2023-01-28T16:11:11","slug":"ingenieria-9788466219761","status":"publish","type":"product","link":"https:\/\/www.claret.cat\/es\/libro\/ingenieria-9788466219761\/","title":{"rendered":"INGENIER\u00cdA"},"content":{"rendered":"<p>Stem es un divertido m\u00e9todo que combina aprendizaje y juego desde una aplicaci\u00f3n pr\u00e1ctica basada en el entretenimiento, cuyo fin es encontrar la resoluci\u00f3n a distintos retos dentro de estas cuatro \u00e1reas. La ingenier\u00eda desarrolla con sus conocimientos herramientas innovadoras en todos los \u00e1mbitos: mec\u00e1nica, construcci\u00f3n, sanidad, aeroespacial, inform\u00e1tica para mejorar nuestro d\u00eda a d\u00eda y que sigamos avanzando.  Enfr\u00e9ntate a ella desde la pregunta y resuelve t\u00fa mismo las actividades que te proponemos en cada tema.<\/p>\n","protected":false},"excerpt":{"rendered":"<p>NIETO MART\u00cdNEZ, CARLA<\/p>\n","protected":false},"featured_media":119526,"template":"","meta":{"_acf_changed":false,"om_disable_all_campaigns":false,"rs_blank_template":"","rs_page_bg_color":"","slide_template_v7":"","inline_featured_image":false,"_monsterinsights_skip_tracking":false,"_monsterinsights_sitenote_active":false,"_monsterinsights_sitenote_note":"","_monsterinsights_sitenote_category":0},"product_brand":[],"product_cat":[131],"product_tag":[],"class_list":{"0":"post-119525","1":"product","2":"type-product","3":"status-publish","4":"has-post-thumbnail","6":"product_cat-contes-per-infants-0-6-anys","8":"first","9":"instock","10":"taxable","11":"shipping-taxable","12":"purchasable","13":"product-type-simple"},"acf":{"autor":"NIETO MART\u00cdNEZ, CARLA","codart":"846621976","libros-coleccion":"Stem","ediciones":"1","encuadernacion":"Carton\u00e9","fecha_de_publicacion":"01\/04\/2019","novedad":"1","paginas":"44","subtitulo":"TEMAS CURIOSOS, RETOS Y ACTIVIDADES PARA CONVERTIRSE EN UN GRAN INGENIERO","orden":"0","portada":"0","idioma":"spa","editorial":[{"ID":148442,"post_author":"3","post_date":"2022-10-14 11:58:16","post_date_gmt":"2022-10-14 09:58:16","post_content":"","post_title":"Libsa","post_excerpt":"","post_status":"publish","comment_status":"closed","ping_status":"closed","post_password":"","post_name":"libsa","to_ping":"","pinged":"","post_modified":"2022-10-14 11:58:16","post_modified_gmt":"2022-10-14 09:58:16","post_content_filtered":"","post_parent":0,"guid":"http:\/\/dev.claret.cat\/editorial\/libsa\/","menu_order":0,"post_type":"editorial","post_mime_type":"","comment_count":"0","filter":"raw"}],"autores-libros":[{"ID":152113,"post_author":"3","post_date":"2022-10-14 14:46:12","post_date_gmt":"2022-10-14 12:46:12","post_content":"","post_title":"CARLA NIETO MARTINEZ","post_excerpt":"","post_status":"publish","comment_status":"closed","ping_status":"closed","post_password":"","post_name":"carla-nieto-martinez","to_ping":"","pinged":"","post_modified":"2022-10-14 14:46:12","post_modified_gmt":"2022-10-14 12:46:12","post_content_filtered":"","post_parent":0,"guid":"http:\/\/dev.claret.cat\/autor\/carla-nieto-martinez\/","menu_order":0,"post_type":"autor","post_mime_type":"","comment_count":"0","filter":"raw"}]},"aioseo_notices":[],"_links":{"self":[{"href":"https:\/\/www.claret.cat\/es\/wp-json\/wp\/v2\/product\/119525","targetHints":{"allow":["GET"]}}],"collection":[{"href":"https:\/\/www.claret.cat\/es\/wp-json\/wp\/v2\/product"}],"about":[{"href":"https:\/\/www.claret.cat\/es\/wp-json\/wp\/v2\/types\/product"}],"wp:featuredmedia":[{"embeddable":true,"href":"https:\/\/www.claret.cat\/es\/wp-json\/wp\/v2\/media\/119526"}],"wp:attachment":[{"href":"https:\/\/www.claret.cat\/es\/wp-json\/wp\/v2\/media?parent=119525"}],"wp:term":[{"taxonomy":"product_brand","embeddable":true,"href":"https:\/\/www.claret.cat\/es\/wp-json\/wp\/v2\/product_brand?post=119525"},{"taxonomy":"product_cat","embeddable":true,"href":"https:\/\/www.claret.cat\/es\/wp-json\/wp\/v2\/product_cat?post=119525"},{"taxonomy":"product_tag","embeddable":true,"href":"https:\/\/www.claret.cat\/es\/wp-json\/wp\/v2\/product_tag?post=119525"}],"curies":[{"name":"wp","href":"https:\/\/api.w.org\/{rel}","templated":true}]}}