{"id":119534,"date":"2022-10-12T16:03:00","date_gmt":"2022-10-12T14:03:00","guid":{"rendered":"http:\/\/dev.claret.cat\/producte\/el-hijo-del-acordeonista\/"},"modified":"2024-02-29T10:42:36","modified_gmt":"2024-02-29T09:42:36","slug":"el-hijo-del-acordeonista-9788466332378","status":"publish","type":"product","link":"https:\/\/www.claret.cat\/es\/libro\/el-hijo-del-acordeonista-9788466332378\/","title":{"rendered":"EL HIJO DEL ACORDEONISTA"},"content":{"rendered":"<p>\u00c9sta es la novela m\u00e1s personal de Bernardo Atxaga. En ella  recorremos, como si mir\u00e1ramos un mosaico hecho con distintos tiempos,  lugares y estilos, la historia de dos amigos: Joseba y David, el hijo del acordeonista. \u00abLa diferencia entre las incisiones antiguas y las nuevas se borrar\u00e1  con el tiempo y s\u00f3lo quedar\u00e1, sobre la corteza, una \u00fanica inscripci\u00f3n,  un libro con un mensaje principal: Aqu\u00ed estuvieron dos amigos, dos hermanos.\u00bb Desde los a\u00f1os treinta hasta finales del siglo XX, desde Obaba hasta  California, de la infancia en la escuela a los infiernos de la guerra y  de la violencia, Atxaga aborda de forma valiente el tema de la memoria,  la nostalgia, la amistad y tambi\u00e9n de la tristeza del que deja su tierra sabiendo que no volver\u00e1. Y en el centro de las m\u00faltiples ramificaciones de esta historia, la  \u00fanica posibilidad de salvaci\u00f3n frente a las circunstancias m\u00e1s dram\u00e1ticas: el amor.<\/p>\n","protected":false},"excerpt":{"rendered":"<p>\u00c9sta es la novela m\u00e1s personal de Bernardo Atxaga. En ella recorremos, como si mir\u00e1ramos un mosaico hecho con distintos tiempos, lugares y estilos, la historia de dos amigos: Joseba y David, el hijo del acordeonista. \u00abLa diferencia entre las incisiones antiguas y las nuevas se borrar\u00e1 con el tiempo y s\u00f3lo quedar\u00e1, sobre la [&hellip;]<\/p>\n","protected":false},"featured_media":119535,"template":"","meta":{"_acf_changed":false,"om_disable_all_campaigns":false,"rs_blank_template":"","rs_page_bg_color":"","slide_template_v7":"","inline_featured_image":false,"_monsterinsights_skip_tracking":false,"_monsterinsights_sitenote_active":false,"_monsterinsights_sitenote_note":"","_monsterinsights_sitenote_category":0},"product_brand":[],"product_cat":[127,357],"product_tag":[],"class_list":{"0":"post-119534","1":"product","2":"type-product","3":"status-publish","4":"has-post-thumbnail","6":"product_cat-novella-contemporania","7":"product_cat-novela-contemporanea","9":"first","10":"instock","11":"taxable","12":"shipping-taxable","13":"purchasable","14":"product-type-simple"},"acf":{"editorial":[{"ID":6178,"post_author":"3","post_date":"2022-07-28 17:46:34","post_date_gmt":"2022-07-28 15:46:34","post_content":"","post_title":"DEBOLSILLO","post_excerpt":"","post_status":"publish","comment_status":"closed","ping_status":"closed","post_password":"","post_name":"debolsillo","to_ping":"","pinged":"","post_modified":"2022-07-28 17:46:34","post_modified_gmt":"2022-07-28 15:46:34","post_content_filtered":"","post_parent":0,"guid":"http:\/\/dev.claret.cat\/editorial\/debolsillo\/","menu_order":0,"post_type":"editorial","post_mime_type":"","comment_count":"0","filter":"raw"}],"autor":"ATXAGA, BERNARDO","codart":"846633237","libros-coleccion":"BEST SELLER","ediciones":"1","encuadernacion":"R\u00fastica","fecha_de_publicacion":"01\/10\/2016","novedad":"1","paginas":"473","subtitulo":"","orden":"0","portada":"0","idioma":"spa","autores-libros":[{"ID":151622,"post_author":"3","post_date":"2022-10-14 14:42:19","post_date_gmt":"2022-10-14 12:42:19","post_content":"","post_title":"BERNARDO ATXAGA","post_excerpt":"","post_status":"publish","comment_status":"closed","ping_status":"closed","post_password":"","post_name":"bernardo-atxaga","to_ping":"","pinged":"","post_modified":"2022-10-14 14:42:19","post_modified_gmt":"2022-10-14 12:42:19","post_content_filtered":"","post_parent":0,"guid":"http:\/\/dev.claret.cat\/autor\/bernardo-atxaga\/","menu_order":0,"post_type":"autor","post_mime_type":"","comment_count":"0","filter":"raw"}]},"aioseo_notices":[],"_links":{"self":[{"href":"https:\/\/www.claret.cat\/es\/wp-json\/wp\/v2\/product\/119534","targetHints":{"allow":["GET"]}}],"collection":[{"href":"https:\/\/www.claret.cat\/es\/wp-json\/wp\/v2\/product"}],"about":[{"href":"https:\/\/www.claret.cat\/es\/wp-json\/wp\/v2\/types\/product"}],"wp:featuredmedia":[{"embeddable":true,"href":"https:\/\/www.claret.cat\/es\/wp-json\/wp\/v2\/media\/119535"}],"wp:attachment":[{"href":"https:\/\/www.claret.cat\/es\/wp-json\/wp\/v2\/media?parent=119534"}],"wp:term":[{"taxonomy":"product_brand","embeddable":true,"href":"https:\/\/www.claret.cat\/es\/wp-json\/wp\/v2\/product_brand?post=119534"},{"taxonomy":"product_cat","embeddable":true,"href":"https:\/\/www.claret.cat\/es\/wp-json\/wp\/v2\/product_cat?post=119534"},{"taxonomy":"product_tag","embeddable":true,"href":"https:\/\/www.claret.cat\/es\/wp-json\/wp\/v2\/product_tag?post=119534"}],"curies":[{"name":"wp","href":"https:\/\/api.w.org\/{rel}","templated":true}]}}