{"id":119537,"date":"2022-10-12T16:03:03","date_gmt":"2022-10-12T14:03:03","guid":{"rendered":"http:\/\/dev.claret.cat\/producte\/siete-casas-en-francia\/"},"modified":"2023-01-28T00:30:49","modified_gmt":"2023-01-27T23:30:49","slug":"siete-casas-en-francia-9788466333054","status":"publish","type":"product","link":"https:\/\/www.claret.cat\/es\/libro\/siete-casas-en-francia-9788466333054\/","title":{"rendered":"SIETE CASAS EN FRANCIA"},"content":{"rendered":"<p>De Obaba a Yangambi. El sorprendente viaje de Bernardo Atxaga es toda una aventura. En Yangambi, junto al r\u00edo Congo, el ej\u00e9rcito de Leopoldo II de B\u00e9lgica  impone el orden bajo la autoridad de Lalande Biran, un poeta  con deseos  de amasar fortuna y regresar a las tertulias de los caf\u00e9s de Par\u00eds. A su alrededor se mueven disparatados y espl\u00e9ndidos personajes que  convierten aquella selva en un delirante circo de la ambici\u00f3n y el  absurdo humano: el ex legionario Coc\u00f3, mujeriego y brutal, con la cabeza  siempre dividida en dos; el gigante Donatien, servil y p\u00e9rfido; los  mandriles, una virgen, un le\u00f3n y una deslumbrante nativa. Pero las cosas  comienzan a ser diferentes con la llegada de un  nuevo oficial:  Chrysostome Li\u00e8ge, un tirador infalible que esconde una enigm\u00e1tica personalidad. Siete casas en Francia es una novela que huye de la cr\u00f3nica  sombr\u00eda o de la denuncia vehemente; busca, en cambio, a trav\u00e9s del humor  y de la aventura, la met\u00e1fora que habla del lado siniestro de nuestro mundo. Rese\u00f1as:<br \/>\u00abLo m\u00e1s novedoso y excitante que ofrece la literatura europea de nuestros d\u00edas. Leerlo es un placer.\u00bb<br \/>Publishing News \u00abSu enorme variedad y su mezcla \u00fanica de posibilidades gen\u00e9ricas lo  apartan de casi todo dentro de la narrativa. Sus p\u00e1ginas recrean un  mundo nuevo y fresco con una originalidad poco com\u00fan en la literatura espa\u00f1ola contempor\u00e1nea.\u00bb<br \/>The New York Times \u00abHay que ser muy escritor para atreverse a tanto y lograr una obra tan buena.\u00bb<br \/>Jos\u00e9 Mar\u00eda Pozuelo Yvancos, ABCD de las Artes y las Letras \u00abLos personajes son realmente fascinantes. A trav\u00e9s de ellos se produce  una serie de episodios divertidos, emocionantes y siempre memorables, que refuerzan lo que de f\u00e1bula tiene la novela.\u00bb<br \/>J.A. Masoliver R\u00f3denas, La Vanguardia<\/p>\n","protected":false},"excerpt":{"rendered":"<p>ATXAGA, BERNARDO<\/p>\n","protected":false},"featured_media":119538,"template":"","meta":{"_acf_changed":false,"om_disable_all_campaigns":false,"rs_blank_template":"","rs_page_bg_color":"","slide_template_v7":"","inline_featured_image":false,"_monsterinsights_skip_tracking":false,"_monsterinsights_sitenote_active":false,"_monsterinsights_sitenote_note":"","_monsterinsights_sitenote_category":0},"product_brand":[],"product_cat":[16],"product_tag":[],"class_list":{"0":"post-119537","1":"product","2":"type-product","3":"status-publish","4":"has-post-thumbnail","6":"product_cat-sense-categoria","8":"first","9":"instock","10":"taxable","11":"shipping-taxable","12":"purchasable","13":"product-type-simple"},"acf":{"editorial":[{"ID":6178,"post_author":"3","post_date":"2022-07-28 17:46:34","post_date_gmt":"2022-07-28 15:46:34","post_content":"","post_title":"DEBOLSILLO","post_excerpt":"","post_status":"publish","comment_status":"closed","ping_status":"closed","post_password":"","post_name":"debolsillo","to_ping":"","pinged":"","post_modified":"2022-07-28 17:46:34","post_modified_gmt":"2022-07-28 15:46:34","post_content_filtered":"","post_parent":0,"guid":"http:\/\/dev.claret.cat\/editorial\/debolsillo\/","menu_order":0,"post_type":"editorial","post_mime_type":"","comment_count":"0","filter":"raw"}],"autor":"ATXAGA, BERNARDO","codart":"846633305","libros-coleccion":"DEBOLSILLO BEST SELLER","ediciones":"1","encuadernacion":"R\u00fastica","fecha_de_publicacion":"01\/10\/2016","novedad":"1","paginas":"268","subtitulo":"","orden":"0","portada":"0","idioma":"spa","autores-libros":[{"ID":151622,"post_author":"3","post_date":"2022-10-14 14:42:19","post_date_gmt":"2022-10-14 12:42:19","post_content":"","post_title":"BERNARDO ATXAGA","post_excerpt":"","post_status":"publish","comment_status":"closed","ping_status":"closed","post_password":"","post_name":"bernardo-atxaga","to_ping":"","pinged":"","post_modified":"2022-10-14 14:42:19","post_modified_gmt":"2022-10-14 12:42:19","post_content_filtered":"","post_parent":0,"guid":"http:\/\/dev.claret.cat\/autor\/bernardo-atxaga\/","menu_order":0,"post_type":"autor","post_mime_type":"","comment_count":"0","filter":"raw"}]},"aioseo_notices":[],"_links":{"self":[{"href":"https:\/\/www.claret.cat\/es\/wp-json\/wp\/v2\/product\/119537","targetHints":{"allow":["GET"]}}],"collection":[{"href":"https:\/\/www.claret.cat\/es\/wp-json\/wp\/v2\/product"}],"about":[{"href":"https:\/\/www.claret.cat\/es\/wp-json\/wp\/v2\/types\/product"}],"wp:featuredmedia":[{"embeddable":true,"href":"https:\/\/www.claret.cat\/es\/wp-json\/wp\/v2\/media\/119538"}],"wp:attachment":[{"href":"https:\/\/www.claret.cat\/es\/wp-json\/wp\/v2\/media?parent=119537"}],"wp:term":[{"taxonomy":"product_brand","embeddable":true,"href":"https:\/\/www.claret.cat\/es\/wp-json\/wp\/v2\/product_brand?post=119537"},{"taxonomy":"product_cat","embeddable":true,"href":"https:\/\/www.claret.cat\/es\/wp-json\/wp\/v2\/product_cat?post=119537"},{"taxonomy":"product_tag","embeddable":true,"href":"https:\/\/www.claret.cat\/es\/wp-json\/wp\/v2\/product_tag?post=119537"}],"curies":[{"name":"wp","href":"https:\/\/api.w.org\/{rel}","templated":true}]}}