{"id":119540,"date":"2022-10-12T16:03:05","date_gmt":"2022-10-12T14:03:05","guid":{"rendered":"http:\/\/dev.claret.cat\/producte\/obabakoak\/"},"modified":"2023-01-28T19:59:31","modified_gmt":"2023-01-28T18:59:31","slug":"obabakoak-9788420454368","status":"publish","type":"product","link":"https:\/\/www.claret.cat\/es\/libro\/obabakoak-9788420454368\/","title":{"rendered":"OBABAKOAK"},"content":{"rendered":"<p>Edici\u00f3n especial con ilustraciones de la pintora Marta C\u00e1rdenas.  PREMIO NACIONAL DE LAS LETRAS ESPA\u00d1OLAS 2019 Obabakoak cuenta una historia que son muchas a la vez: en el  territorio de Obaba, un profesor de geograf\u00eda recuerda su extra\u00f1a  relaci\u00f3n amorosa con una chica que s\u00f3lo conoce en sus cartas, una joven  maestra tiene que aprender a combatir la soledad a lo largo de un fr\u00edo  invierno, un can\u00f3nigo cuenta en una carta lo ocurrido a un ni\u00f1o perdido  en el bosque, un escritor da un giro a su vida cuando descubre un detalle asombroso en una vieja foto de la escuela&#8230; Galardonada con el Premio Euskadi, el Premio de la Cr\u00edtica, el Prix  Mille Pages y el Premio Nacional de Narrativa, traducida a m\u00e1s de veinte lenguas y adaptada al cine y al teatro, Obabakoak  es un referente fundamental en la literatura espa\u00f1ola contempor\u00e1nea. La cr\u00edtica ha dicho:<br \/>\u00abGusto por contar historias, estilo sorprendente por su viveza y su oralidad.\u00bb<br \/>El Cultural \u00abRecrea un mundo nuevo y fresco con una originalidad poco com\u00fan en la literatura espa\u00f1ola contempor\u00e1nea.\u00bb<br \/>The New York Times \u00abHay humor, iron\u00eda, magia, misterio y un lenguaje po\u00e9tico magistral.\u00bb<br \/>Publishing News \u00abObabakoak es pura literatura.\u00bb<br \/>Basler Zeitung \u00abUna obra delicada, brillante y fresca.\u00bb<br \/>The Observer<\/p>\n","protected":false},"excerpt":{"rendered":"<p>ATXAGA, BERNARDO<\/p>\n","protected":false},"featured_media":119541,"template":"","meta":{"_acf_changed":false,"om_disable_all_campaigns":false,"rs_blank_template":"","rs_page_bg_color":"","slide_template_v7":"","inline_featured_image":false,"_monsterinsights_skip_tracking":false,"_monsterinsights_sitenote_active":false,"_monsterinsights_sitenote_note":"","_monsterinsights_sitenote_category":0},"product_brand":[],"product_cat":[127],"product_tag":[],"class_list":{"0":"post-119540","1":"product","2":"type-product","3":"status-publish","4":"has-post-thumbnail","6":"product_cat-novella-contemporania","8":"first","9":"instock","10":"taxable","11":"shipping-taxable","12":"purchasable","13":"product-type-simple"},"acf":{"editorial":[{"ID":6118,"post_author":"3","post_date":"2022-07-28 17:45:17","post_date_gmt":"2022-07-28 15:45:17","post_content":"","post_title":"ALFAGUARA","post_excerpt":"","post_status":"publish","comment_status":"closed","ping_status":"closed","post_password":"","post_name":"alfaguara","to_ping":"","pinged":"","post_modified":"2022-07-28 17:45:17","post_modified_gmt":"2022-07-28 15:45:17","post_content_filtered":"","post_parent":0,"guid":"http:\/\/dev.claret.cat\/editorial\/alfaguara\/","menu_order":0,"post_type":"editorial","post_mime_type":"","comment_count":"0","filter":"raw"}],"autor":"ATXAGA, BERNARDO","codart":"842045436","libros-coleccion":"ALFAGUARA","ediciones":"1","encuadernacion":"Carton\u00e9","fecha_de_publicacion":"01\/12\/2019","novedad":"1","paginas":"373","subtitulo":"","orden":"0","portada":"0","idioma":"spa","autores-libros":[{"ID":151622,"post_author":"3","post_date":"2022-10-14 14:42:19","post_date_gmt":"2022-10-14 12:42:19","post_content":"","post_title":"BERNARDO ATXAGA","post_excerpt":"","post_status":"publish","comment_status":"closed","ping_status":"closed","post_password":"","post_name":"bernardo-atxaga","to_ping":"","pinged":"","post_modified":"2022-10-14 14:42:19","post_modified_gmt":"2022-10-14 12:42:19","post_content_filtered":"","post_parent":0,"guid":"http:\/\/dev.claret.cat\/autor\/bernardo-atxaga\/","menu_order":0,"post_type":"autor","post_mime_type":"","comment_count":"0","filter":"raw"}]},"aioseo_notices":[],"_links":{"self":[{"href":"https:\/\/www.claret.cat\/es\/wp-json\/wp\/v2\/product\/119540","targetHints":{"allow":["GET"]}}],"collection":[{"href":"https:\/\/www.claret.cat\/es\/wp-json\/wp\/v2\/product"}],"about":[{"href":"https:\/\/www.claret.cat\/es\/wp-json\/wp\/v2\/types\/product"}],"wp:featuredmedia":[{"embeddable":true,"href":"https:\/\/www.claret.cat\/es\/wp-json\/wp\/v2\/media\/119541"}],"wp:attachment":[{"href":"https:\/\/www.claret.cat\/es\/wp-json\/wp\/v2\/media?parent=119540"}],"wp:term":[{"taxonomy":"product_brand","embeddable":true,"href":"https:\/\/www.claret.cat\/es\/wp-json\/wp\/v2\/product_brand?post=119540"},{"taxonomy":"product_cat","embeddable":true,"href":"https:\/\/www.claret.cat\/es\/wp-json\/wp\/v2\/product_cat?post=119540"},{"taxonomy":"product_tag","embeddable":true,"href":"https:\/\/www.claret.cat\/es\/wp-json\/wp\/v2\/product_tag?post=119540"}],"curies":[{"name":"wp","href":"https:\/\/api.w.org\/{rel}","templated":true}]}}