{"id":119594,"date":"2022-10-12T16:03:56","date_gmt":"2022-10-12T14:03:56","guid":{"rendered":"http:\/\/dev.claret.cat\/producte\/carta-abierta-a-leo-messi\/"},"modified":"2023-01-28T23:01:26","modified_gmt":"2023-01-28T22:01:26","slug":"carta-abierta-a-leo-messi-9788417647056","status":"publish","type":"product","link":"https:\/\/www.claret.cat\/es\/libro\/carta-abierta-a-leo-messi-9788417647056\/","title":{"rendered":"CARTA ABIERTA A LEO MESSI"},"content":{"rendered":"<p>Carta abierta a Leo Messi&#8230; Si, si, mucha fama&#8230; pero quien escribe a Leo Messi? \u00bfQui\u00e9n le cuenta como lo ve? \u00bfUn seguidor o un socio del Bar\u00e7a&#8230;? Uno de los catalanes m\u00e1s polifac\u00e9ticos se dirige a uno de los futbolistas  m\u00e1s relevantes y al que ha seguido desde sus primeros pasos.<\/p>\n","protected":false},"excerpt":{"rendered":"<p>LLONGUERAS, LLUIS<\/p>\n","protected":false},"featured_media":119595,"template":"","meta":{"_acf_changed":false,"om_disable_all_campaigns":false,"rs_blank_template":"","rs_page_bg_color":"","slide_template_v7":"","inline_featured_image":false,"_monsterinsights_skip_tracking":false,"_monsterinsights_sitenote_active":false,"_monsterinsights_sitenote_note":"","_monsterinsights_sitenote_category":0},"product_brand":[],"product_cat":[96],"product_tag":[],"class_list":{"0":"post-119594","1":"product","2":"type-product","3":"status-publish","4":"has-post-thumbnail","6":"product_cat-esports","8":"first","9":"instock","10":"taxable","11":"shipping-taxable","12":"purchasable","13":"product-type-simple"},"acf":{"autor":"LLONGUERAS, LLUIS","codart":"841764705","libros-coleccion":"Colecci\u00f3n:----","ediciones":"1","encuadernacion":"R\u00fastica","fecha_de_publicacion":"01\/11\/2019","novedad":"1","paginas":"104","subtitulo":"","orden":"0","portada":"0","idioma":"spa","editorial":[{"ID":147471,"post_author":"3","post_date":"2022-10-14 11:50:50","post_date_gmt":"2022-10-14 09:50:50","post_content":"","post_title":"Art Espai Edicions SL","post_excerpt":"","post_status":"publish","comment_status":"closed","ping_status":"closed","post_password":"","post_name":"art-espai-edicions-sl","to_ping":"","pinged":"","post_modified":"2022-10-14 11:50:50","post_modified_gmt":"2022-10-14 09:50:50","post_content_filtered":"","post_parent":0,"guid":"http:\/\/dev.claret.cat\/editorial\/art-espai-edicions-sl\/","menu_order":0,"post_type":"editorial","post_mime_type":"","comment_count":"0","filter":"raw"}],"autores-libros":[{"ID":162358,"post_author":"3","post_date":"2022-10-14 17:30:23","post_date_gmt":"2022-10-14 15:30:23","post_content":"","post_title":"LLUIS LLONGUERAS","post_excerpt":"","post_status":"publish","comment_status":"closed","ping_status":"closed","post_password":"","post_name":"lluis-llongueras","to_ping":"","pinged":"","post_modified":"2022-10-14 17:30:23","post_modified_gmt":"2022-10-14 15:30:23","post_content_filtered":"","post_parent":0,"guid":"http:\/\/dev.claret.cat\/autor\/lluis-llongueras\/","menu_order":0,"post_type":"autor","post_mime_type":"","comment_count":"0","filter":"raw"}]},"aioseo_notices":[],"_links":{"self":[{"href":"https:\/\/www.claret.cat\/es\/wp-json\/wp\/v2\/product\/119594","targetHints":{"allow":["GET"]}}],"collection":[{"href":"https:\/\/www.claret.cat\/es\/wp-json\/wp\/v2\/product"}],"about":[{"href":"https:\/\/www.claret.cat\/es\/wp-json\/wp\/v2\/types\/product"}],"wp:featuredmedia":[{"embeddable":true,"href":"https:\/\/www.claret.cat\/es\/wp-json\/wp\/v2\/media\/119595"}],"wp:attachment":[{"href":"https:\/\/www.claret.cat\/es\/wp-json\/wp\/v2\/media?parent=119594"}],"wp:term":[{"taxonomy":"product_brand","embeddable":true,"href":"https:\/\/www.claret.cat\/es\/wp-json\/wp\/v2\/product_brand?post=119594"},{"taxonomy":"product_cat","embeddable":true,"href":"https:\/\/www.claret.cat\/es\/wp-json\/wp\/v2\/product_cat?post=119594"},{"taxonomy":"product_tag","embeddable":true,"href":"https:\/\/www.claret.cat\/es\/wp-json\/wp\/v2\/product_tag?post=119594"}],"curies":[{"name":"wp","href":"https:\/\/api.w.org\/{rel}","templated":true}]}}