{"id":119663,"date":"2022-10-12T16:04:58","date_gmt":"2022-10-12T14:04:58","guid":{"rendered":"http:\/\/dev.claret.cat\/producte\/la-ciencia-del-temps\/"},"modified":"2023-05-15T13:00:49","modified_gmt":"2023-05-15T11:00:49","slug":"la-ciencia-del-temps-9788417599409","status":"publish","type":"product","link":"https:\/\/www.claret.cat\/es\/libro\/la-ciencia-del-temps-9788417599409\/","title":{"rendered":"LA CI\u00c8NCIA DEL TEMPS"},"content":{"rendered":"<p>La variable veritat sobre el clima de la Terra.<\/p>\n<p>Per qu\u00e8 existeixen les estacions? Qu\u00e8 passa dins d\u2019un hurac\u00e0? Com est\u00e0 canviant el clima? Descobreix les respostes a aquestes preguntes i a moltes m\u00e9s en aquesta fascinadora guia sobre el temps.<\/p>\n<p>Inclou textos informatius, il\u00b7lustracions originals i panells laterals amb m\u00e9s dades sorprenents.<\/p>\n","protected":false},"excerpt":{"rendered":"<p>GRAHAM, IAN<\/p>\n","protected":false},"featured_media":317965,"template":"","meta":{"_acf_changed":false,"om_disable_all_campaigns":false,"rs_blank_template":"","rs_page_bg_color":"","slide_template_v7":"","inline_featured_image":false,"_monsterinsights_skip_tracking":false,"_monsterinsights_sitenote_active":false,"_monsterinsights_sitenote_note":"","_monsterinsights_sitenote_category":0},"product_brand":[],"product_cat":[131,361],"product_tag":[],"class_list":{"0":"post-119663","1":"product","2":"type-product","3":"status-publish","4":"has-post-thumbnail","6":"product_cat-contes-per-infants-0-6-anys","7":"product_cat-cuentos-para-ninos-0-6-anos","9":"first","10":"instock","11":"taxable","12":"shipping-taxable","13":"purchasable","14":"product-type-simple"},"acf":{"editorial":[{"ID":6123,"post_author":"3","post_date":"2022-07-28 17:45:23","post_date_gmt":"2022-07-28 15:45:23","post_content":"","post_title":"ANIMALLIBRES","post_excerpt":"","post_status":"publish","comment_status":"closed","ping_status":"closed","post_password":"","post_name":"animallibres","to_ping":"","pinged":"","post_modified":"2022-07-28 17:45:23","post_modified_gmt":"2022-07-28 15:45:23","post_content_filtered":"","post_parent":0,"guid":"http:\/\/dev.claret.cat\/editorial\/animallibres\/","menu_order":0,"post_type":"editorial","post_mime_type":"","comment_count":"0","filter":"raw"}],"autor":"GRAHAM, IAN","codart":"841759940","libros-coleccion":"La biblioteca dels ratolins","ediciones":"1","encuadernacion":"Carton\u00e9","fecha_de_publicacion":"01\/09\/2019","novedad":"1","paginas":"32","subtitulo":"","orden":"0","portada":"0","idioma":"spa","autores-libros":[{"ID":157708,"post_author":"3","post_date":"2022-10-14 15:30:59","post_date_gmt":"2022-10-14 13:30:59","post_content":"","post_title":"IAN GRAHAM","post_excerpt":"","post_status":"publish","comment_status":"closed","ping_status":"closed","post_password":"","post_name":"ian-graham","to_ping":"","pinged":"","post_modified":"2022-10-14 15:30:59","post_modified_gmt":"2022-10-14 13:30:59","post_content_filtered":"","post_parent":0,"guid":"http:\/\/dev.claret.cat\/autor\/ian-graham\/","menu_order":0,"post_type":"autor","post_mime_type":"","comment_count":"0","filter":"raw"}]},"aioseo_notices":[],"_links":{"self":[{"href":"https:\/\/www.claret.cat\/es\/wp-json\/wp\/v2\/product\/119663","targetHints":{"allow":["GET"]}}],"collection":[{"href":"https:\/\/www.claret.cat\/es\/wp-json\/wp\/v2\/product"}],"about":[{"href":"https:\/\/www.claret.cat\/es\/wp-json\/wp\/v2\/types\/product"}],"wp:featuredmedia":[{"embeddable":true,"href":"https:\/\/www.claret.cat\/es\/wp-json\/wp\/v2\/media\/317965"}],"wp:attachment":[{"href":"https:\/\/www.claret.cat\/es\/wp-json\/wp\/v2\/media?parent=119663"}],"wp:term":[{"taxonomy":"product_brand","embeddable":true,"href":"https:\/\/www.claret.cat\/es\/wp-json\/wp\/v2\/product_brand?post=119663"},{"taxonomy":"product_cat","embeddable":true,"href":"https:\/\/www.claret.cat\/es\/wp-json\/wp\/v2\/product_cat?post=119663"},{"taxonomy":"product_tag","embeddable":true,"href":"https:\/\/www.claret.cat\/es\/wp-json\/wp\/v2\/product_tag?post=119663"}],"curies":[{"name":"wp","href":"https:\/\/api.w.org\/{rel}","templated":true}]}}