{"id":119744,"date":"2022-10-12T16:06:13","date_gmt":"2022-10-12T14:06:13","guid":{"rendered":"http:\/\/dev.claret.cat\/producte\/sion-galilea-samaria-judea-jerusalen\/"},"modified":"2024-05-02T08:15:15","modified_gmt":"2024-05-02T06:15:15","slug":"sion-galilea-samaria-judea-jerusalen-9788428557979","status":"publish","type":"product","link":"https:\/\/www.claret.cat\/es\/libro\/sion-galilea-samaria-judea-jerusalen-9788428557979\/","title":{"rendered":"SION &#8211; GALILEA &#8211; SAMAR\u00cdA &#8211; JUDEA &#8211; JERUSAL\u00c9N"},"content":{"rendered":"<p>Jerusal\u00e9n es el sitio en el que el cielo ha tocado la tierra y Dios ha caminado sobre los pasos del hombre. Por esta raz\u00f3n no se puede visitar Tierra Santa sin tener entre las manos la Biblia, ni se puede entender totalmente la dimensi\u00f3n hist\u00f3rica de la revelaci\u00f3n b\u00edblica sin conocer la geograf\u00eda de este lugar. El cardenal Ravasi, Presidente del Consejo Pontificio de la Cultura y de la Pontificia Comisi\u00f3n de Arqueolog\u00eda Sagrada, propone en esta gu\u00eda un trayecto estructurado en cuatro grandes etapas, que se corresponden con los momentos principales de una peregrinaci\u00f3n a Israel y Palestina: Galilea, la regi\u00f3n septentrional, escenario de los primeros actos de Jesucristo; la central Samar\u00eda; la meridional Judea y en el centro pero tambi\u00e9n en el centro de toda Tierra Santa y de toda la Biblia, Jerusal\u00e9n, la ciudad santa de las tres religiones monote\u00edstas hermanas: el islam, el juda\u00edsmo y el cristianismo. 56 visitas a localidades, ordenadas alfab\u00e9ticamente, cuyas descripciones evocan la historia, los datos b\u00edblicos ,la topograf\u00eda, la arqueolog\u00eda, y las tradiciones judaicas, cristianas y musulmanas.<\/p>\n","protected":false},"excerpt":{"rendered":"<p>RAVASI, GIANFRANCO<\/p>\n","protected":false},"featured_media":386121,"template":"","meta":{"_acf_changed":false,"om_disable_all_campaigns":false,"rs_blank_template":"","rs_page_bg_color":"","slide_template_v7":"","inline_featured_image":false,"_monsterinsights_skip_tracking":false,"_monsterinsights_sitenote_active":false,"_monsterinsights_sitenote_note":"","_monsterinsights_sitenote_category":0},"product_brand":[],"product_cat":[90,540],"product_tag":[],"class_list":{"0":"post-119744","1":"product","2":"type-product","3":"status-publish","4":"has-post-thumbnail","6":"product_cat-altres","7":"product_cat-otros","9":"first","10":"instock","11":"taxable","12":"shipping-taxable","13":"purchasable","14":"product-type-simple"},"acf":{"editorial":[{"ID":6356,"post_author":"3","post_date":"2022-07-28 17:50:26","post_date_gmt":"2022-07-28 15:50:26","post_content":"","post_title":"SAN PABLO COMUNICACI\u00d3N","post_excerpt":"","post_status":"publish","comment_status":"closed","ping_status":"closed","post_password":"","post_name":"san-pablo-comunicacion","to_ping":"","pinged":"","post_modified":"2022-07-28 17:50:26","post_modified_gmt":"2022-07-28 15:50:26","post_content_filtered":"","post_parent":0,"guid":"http:\/\/dev.claret.cat\/editorial\/san-pablo-comunicacion\/","menu_order":0,"post_type":"editorial","post_mime_type":"","comment_count":"0","filter":"raw"}],"autor":"RAVASI, GIANFRANCO","codart":"842855797","libros-coleccion":"En cuerpo y alma","ediciones":"1","encuadernacion":"R\u00fastica","fecha_de_publicacion":"09\/12\/2019","novedad":"1","paginas":"264","subtitulo":"RECORRIDO ESPIRITUAL POR TIERRA SANTA - EN CUERPO Y ALMA","orden":"0","portada":"0","idioma":"spa","autores-libros":[{"ID":156859,"post_author":"3","post_date":"2022-10-14 15:24:11","post_date_gmt":"2022-10-14 13:24:11","post_content":"","post_title":"GIANFRANCO RAVASI","post_excerpt":"","post_status":"publish","comment_status":"closed","ping_status":"closed","post_password":"","post_name":"gianfranco-ravasi","to_ping":"","pinged":"","post_modified":"2022-10-14 15:24:11","post_modified_gmt":"2022-10-14 13:24:11","post_content_filtered":"","post_parent":0,"guid":"http:\/\/dev.claret.cat\/autor\/gianfranco-ravasi\/","menu_order":0,"post_type":"autor","post_mime_type":"","comment_count":"0","filter":"raw"}]},"aioseo_notices":[],"_links":{"self":[{"href":"https:\/\/www.claret.cat\/es\/wp-json\/wp\/v2\/product\/119744","targetHints":{"allow":["GET"]}}],"collection":[{"href":"https:\/\/www.claret.cat\/es\/wp-json\/wp\/v2\/product"}],"about":[{"href":"https:\/\/www.claret.cat\/es\/wp-json\/wp\/v2\/types\/product"}],"wp:featuredmedia":[{"embeddable":true,"href":"https:\/\/www.claret.cat\/es\/wp-json\/wp\/v2\/media\/386121"}],"wp:attachment":[{"href":"https:\/\/www.claret.cat\/es\/wp-json\/wp\/v2\/media?parent=119744"}],"wp:term":[{"taxonomy":"product_brand","embeddable":true,"href":"https:\/\/www.claret.cat\/es\/wp-json\/wp\/v2\/product_brand?post=119744"},{"taxonomy":"product_cat","embeddable":true,"href":"https:\/\/www.claret.cat\/es\/wp-json\/wp\/v2\/product_cat?post=119744"},{"taxonomy":"product_tag","embeddable":true,"href":"https:\/\/www.claret.cat\/es\/wp-json\/wp\/v2\/product_tag?post=119744"}],"curies":[{"name":"wp","href":"https:\/\/api.w.org\/{rel}","templated":true}]}}