{"id":119834,"date":"2022-10-12T16:07:33","date_gmt":"2022-10-12T14:07:33","guid":{"rendered":"http:\/\/dev.claret.cat\/producte\/ensenanos-a-orar\/"},"modified":"2024-05-23T20:55:41","modified_gmt":"2024-05-23T18:55:41","slug":"ensenanos-a-orar-9788470576621","status":"publish","type":"product","link":"https:\/\/www.claret.cat\/es\/libro\/ensenanos-a-orar-9788470576621\/","title":{"rendered":"\u00a1ENS\u00c9\u00d1ANOS A ORAR!"},"content":{"rendered":"<p>\u00abHoy se nos plantea el desaf\u00edo de responder adecuadamente a la sed de Dios de mucha gente\u00bb (Papa Francisco). Una sed que \u00fanicamente se sacia en la oraci\u00f3n porque, en su ra\u00edz, la oraci\u00f3n no es una actividad humana sino divina. La oraci\u00f3n es la contestaci\u00f3n del hombre a un Dios que se le aproxima sobremanera; a un Dios que, sin esperar a ser buscado, se hace el encontradizo.<br \/>La oraci\u00f3n deja de ser una actividad piadosa, un quehacer\u2026 para convertirse en la puerta de entrada de Dios en la existencia personal. Algo, en s\u00ed mismo cambiante, que har\u00e1 del cristiano un contemplativo en medio del mundo. \u00danicamente con esta ambici\u00f3n espiritual evitaremos el peligro de quedarnos a mitad de camino del Amor.<\/p>\n","protected":false},"excerpt":{"rendered":"<p>ORDEIG, MANUEL; HERCE, RUB\u00c9N<\/p>\n","protected":false},"featured_media":349617,"template":"","meta":{"_acf_changed":false,"om_disable_all_campaigns":false,"rs_blank_template":"","rs_page_bg_color":"","slide_template_v7":"","inline_featured_image":false,"_monsterinsights_skip_tracking":false,"_monsterinsights_sitenote_active":false,"_monsterinsights_sitenote_note":"","_monsterinsights_sitenote_category":0},"product_brand":[],"product_cat":[90,540],"product_tag":[],"class_list":{"0":"post-119834","1":"product","2":"type-product","3":"status-publish","4":"has-post-thumbnail","6":"product_cat-altres","7":"product_cat-otros","9":"first","10":"instock","11":"taxable","12":"shipping-taxable","13":"purchasable","14":"product-type-simple"},"acf":{"editorial":[{"ID":6173,"post_author":"3","post_date":"2022-07-28 17:46:28","post_date_gmt":"2022-07-28 15:46:28","post_content":"","post_title":"Cristiandad","post_excerpt":"","post_status":"publish","comment_status":"closed","ping_status":"closed","post_password":"","post_name":"cristiandad","to_ping":"","pinged":"","post_modified":"2022-07-28 17:46:28","post_modified_gmt":"2022-07-28 15:46:28","post_content_filtered":"","post_parent":0,"guid":"http:\/\/dev.claret.cat\/editorial\/cristiandad\/","menu_order":0,"post_type":"editorial","post_mime_type":"","comment_count":"0","filter":"raw"}],"autor":"ORDEIG, MANUEL; HERCE, RUB\u00c9N","codart":"847057662","libros-coleccion":"","ediciones":"1","encuadernacion":"R\u00fastica","fecha_de_publicacion":"09\/12\/2019","novedad":"1","paginas":"184","subtitulo":"PARA PONERTE EN MODO ORACI\u00d3N","orden":"0","portada":"0","idioma":"spa","autores-libros":[{"ID":163201,"post_author":"3","post_date":"2022-10-14 17:37:08","post_date_gmt":"2022-10-14 15:37:08","post_content":"","post_title":"MANUEL ORDEIG","post_excerpt":"","post_status":"publish","comment_status":"closed","ping_status":"closed","post_password":"","post_name":"manuel-ordeig","to_ping":"","pinged":"","post_modified":"2022-10-14 17:37:08","post_modified_gmt":"2022-10-14 15:37:08","post_content_filtered":"","post_parent":0,"guid":"http:\/\/dev.claret.cat\/autor\/manuel-ordeig\/","menu_order":0,"post_type":"autor","post_mime_type":"","comment_count":"0","filter":"raw"},{"ID":168643,"post_author":"3","post_date":"2022-10-14 22:20:45","post_date_gmt":"2022-10-14 20:20:45","post_content":"","post_title":"RUB\u00c9N HERCE","post_excerpt":"","post_status":"publish","comment_status":"closed","ping_status":"closed","post_password":"","post_name":"ruben-herce","to_ping":"","pinged":"","post_modified":"2022-10-14 22:20:45","post_modified_gmt":"2022-10-14 20:20:45","post_content_filtered":"","post_parent":0,"guid":"http:\/\/dev.claret.cat\/autor\/ruben-herce\/","menu_order":0,"post_type":"autor","post_mime_type":"","comment_count":"0","filter":"raw"}]},"aioseo_notices":[],"_links":{"self":[{"href":"https:\/\/www.claret.cat\/es\/wp-json\/wp\/v2\/product\/119834","targetHints":{"allow":["GET"]}}],"collection":[{"href":"https:\/\/www.claret.cat\/es\/wp-json\/wp\/v2\/product"}],"about":[{"href":"https:\/\/www.claret.cat\/es\/wp-json\/wp\/v2\/types\/product"}],"wp:featuredmedia":[{"embeddable":true,"href":"https:\/\/www.claret.cat\/es\/wp-json\/wp\/v2\/media\/349617"}],"wp:attachment":[{"href":"https:\/\/www.claret.cat\/es\/wp-json\/wp\/v2\/media?parent=119834"}],"wp:term":[{"taxonomy":"product_brand","embeddable":true,"href":"https:\/\/www.claret.cat\/es\/wp-json\/wp\/v2\/product_brand?post=119834"},{"taxonomy":"product_cat","embeddable":true,"href":"https:\/\/www.claret.cat\/es\/wp-json\/wp\/v2\/product_cat?post=119834"},{"taxonomy":"product_tag","embeddable":true,"href":"https:\/\/www.claret.cat\/es\/wp-json\/wp\/v2\/product_tag?post=119834"}],"curies":[{"name":"wp","href":"https:\/\/api.w.org\/{rel}","templated":true}]}}