{"id":119952,"date":"2022-10-12T16:09:21","date_gmt":"2022-10-12T14:09:21","guid":{"rendered":"http:\/\/dev.claret.cat\/producte\/siahl-ted-perry-cada-part-daquesta-terra-es-sagrada-per-al-meu-poble\/"},"modified":"2023-01-28T06:05:05","modified_gmt":"2023-01-28T05:05:05","slug":"siahl-ted-perry-cada-part-daquesta-terra-es-sagrada-per-al-meu-poble-9788417440480","status":"publish","type":"product","link":"https:\/\/www.claret.cat\/es\/libro\/siahl-ted-perry-cada-part-daquesta-terra-es-sagrada-per-al-meu-poble-9788417440480\/","title":{"rendered":"SI&#8221;AHL \/ TED PERRY: CADA PART D&#8217;AQUESTA TERRA \u00c9S SAGRADA PER AL MEU POBLE"},"content":{"rendered":"<p>L&#8221;ecologia i l&#8221;espiritualitat caracteritzen la visi\u00f3 de la natura dels pobles ind\u00edgenes.<br \/> El gener del 1854 el cap ind\u00edgena Si&#8221;ahl (m\u00e9s conegut com a Seattle) va fer<br \/> un eloq\u00fcent discurs explicant per qu\u00e8 la terra no es pot vendre. Des del segle XIX<br \/> s&#8221;han fet molts intents de recrear les paraules perdudes de Si&#8221;ahl. Aqu\u00ed presentem,<br \/> a partir del que sabem avui, la versi\u00f3 m\u00e9s fiable del discurs en edici\u00f3 biling\u00fce<br \/> i il\u00b7lustrada, amb un comentari sobre els seus temes claus i la seva qualitat orat\u00f2ria.<\/p>\n","protected":false},"excerpt":{"rendered":"<p>PIGEM, JORDI<\/p>\n","protected":false},"featured_media":119953,"template":"","meta":{"_acf_changed":false,"om_disable_all_campaigns":false,"rs_blank_template":"","rs_page_bg_color":"","slide_template_v7":"","inline_featured_image":false,"_monsterinsights_skip_tracking":false,"_monsterinsights_sitenote_active":false,"_monsterinsights_sitenote_note":"","_monsterinsights_sitenote_category":0},"product_brand":[],"product_cat":[16],"product_tag":[],"class_list":{"0":"post-119952","1":"product","2":"type-product","3":"status-publish","4":"has-post-thumbnail","6":"product_cat-sense-categoria","8":"first","9":"instock","10":"taxable","11":"shipping-taxable","12":"purchasable","13":"product-type-simple"},"acf":{"editorial":[{"ID":6116,"post_author":"3","post_date":"2022-07-28 17:45:14","post_date_gmt":"2022-07-28 15:45:14","post_content":"","post_title":"Akiara Books","post_excerpt":"","post_status":"publish","comment_status":"closed","ping_status":"closed","post_password":"","post_name":"akiara-books","to_ping":"","pinged":"","post_modified":"2022-07-28 17:45:14","post_modified_gmt":"2022-07-28 15:45:14","post_content_filtered":"","post_parent":0,"guid":"http:\/\/dev.claret.cat\/editorial\/akiara-books\/","menu_order":0,"post_type":"editorial","post_mime_type":"","comment_count":"0","filter":"raw"}],"autor":"PIGEM, JORDI","codart":"841744048","libros-coleccion":"AKIPARLA","ediciones":"1","encuadernacion":"R\u00fastica","fecha_de_publicacion":"01\/11\/2019","novedad":"1","paginas":"60","subtitulo":"","orden":"0","portada":"0","idioma":"cat","autores-libros":[{"ID":159976,"post_author":"3","post_date":"2022-10-14 15:49:17","post_date_gmt":"2022-10-14 13:49:17","post_content":"","post_title":"JORDI PIGEM","post_excerpt":"","post_status":"publish","comment_status":"closed","ping_status":"closed","post_password":"","post_name":"jordi-pigem","to_ping":"","pinged":"","post_modified":"2022-10-14 15:49:17","post_modified_gmt":"2022-10-14 13:49:17","post_content_filtered":"","post_parent":0,"guid":"http:\/\/dev.claret.cat\/autor\/jordi-pigem\/","menu_order":0,"post_type":"autor","post_mime_type":"","comment_count":"0","filter":"raw"}]},"aioseo_notices":[],"_links":{"self":[{"href":"https:\/\/www.claret.cat\/es\/wp-json\/wp\/v2\/product\/119952","targetHints":{"allow":["GET"]}}],"collection":[{"href":"https:\/\/www.claret.cat\/es\/wp-json\/wp\/v2\/product"}],"about":[{"href":"https:\/\/www.claret.cat\/es\/wp-json\/wp\/v2\/types\/product"}],"wp:featuredmedia":[{"embeddable":true,"href":"https:\/\/www.claret.cat\/es\/wp-json\/wp\/v2\/media\/119953"}],"wp:attachment":[{"href":"https:\/\/www.claret.cat\/es\/wp-json\/wp\/v2\/media?parent=119952"}],"wp:term":[{"taxonomy":"product_brand","embeddable":true,"href":"https:\/\/www.claret.cat\/es\/wp-json\/wp\/v2\/product_brand?post=119952"},{"taxonomy":"product_cat","embeddable":true,"href":"https:\/\/www.claret.cat\/es\/wp-json\/wp\/v2\/product_cat?post=119952"},{"taxonomy":"product_tag","embeddable":true,"href":"https:\/\/www.claret.cat\/es\/wp-json\/wp\/v2\/product_tag?post=119952"}],"curies":[{"name":"wp","href":"https:\/\/api.w.org\/{rel}","templated":true}]}}