{"id":120255,"date":"2022-10-12T16:13:57","date_gmt":"2022-10-12T14:13:57","guid":{"rendered":"http:\/\/dev.claret.cat\/producte\/siahl-ted-perry-cada-parte-de-esta-tierra-es-sagrada-para-mi-pueblo\/"},"modified":"2023-01-28T23:52:39","modified_gmt":"2023-01-28T22:52:39","slug":"siahl-ted-perry-cada-parte-de-esta-tierra-es-sagrada-para-mi-pueblo-9788417440497","status":"publish","type":"product","link":"https:\/\/www.claret.cat\/es\/libro\/siahl-ted-perry-cada-parte-de-esta-tierra-es-sagrada-para-mi-pueblo-9788417440497\/","title":{"rendered":"SI&#8217;AHL \/ TED PERRY: CADA PARTE DE ESTA TIERRA ES SAGRADA PARA MI PUEBLO"},"content":{"rendered":"<p>La ecolog\u00eda y la espiritualidad caracterizan la visi\u00f3n de la naturaleza de los pueblos ind\u00edgenas. En enero de 1854 el jefe ind\u00edgena Si&#8221;ahl (m\u00e1s conocido como Seattle) pronunci\u00f3 un elocuente discurso explicando porqu\u00e9 la tierra no se puede vender.<br \/> Desde el siglo XIX se han hecho muchos intentos de recrear las palabras perdidas<br \/> de Si&#8221;ahl. Aqu\u00ed presentamos, a partir de lo que hoy sabemos, la versi\u00f3n m\u00e1s fiable<br \/> del discurso en edici\u00f3n biling\u00fce e ilustrada, con un comentario sobre sus temas clave<br \/> y su calidad oratoria.<\/p>\n","protected":false},"excerpt":{"rendered":"<p>PIGEM, JORDI<\/p>\n","protected":false},"featured_media":120256,"template":"","meta":{"_acf_changed":false,"om_disable_all_campaigns":false,"rs_blank_template":"","rs_page_bg_color":"","slide_template_v7":"","inline_featured_image":false,"_monsterinsights_skip_tracking":false,"_monsterinsights_sitenote_active":false,"_monsterinsights_sitenote_note":"","_monsterinsights_sitenote_category":0},"product_brand":[],"product_cat":[99],"product_tag":[],"class_list":{"0":"post-120255","1":"product","2":"type-product","3":"status-publish","4":"has-post-thumbnail","6":"product_cat-biografies","8":"first","9":"instock","10":"taxable","11":"shipping-taxable","12":"purchasable","13":"product-type-simple"},"acf":{"editorial":[{"ID":6116,"post_author":"3","post_date":"2022-07-28 17:45:14","post_date_gmt":"2022-07-28 15:45:14","post_content":"","post_title":"Akiara Books","post_excerpt":"","post_status":"publish","comment_status":"closed","ping_status":"closed","post_password":"","post_name":"akiara-books","to_ping":"","pinged":"","post_modified":"2022-07-28 17:45:14","post_modified_gmt":"2022-07-28 15:45:14","post_content_filtered":"","post_parent":0,"guid":"http:\/\/dev.claret.cat\/editorial\/akiara-books\/","menu_order":0,"post_type":"editorial","post_mime_type":"","comment_count":"0","filter":"raw"}],"autor":"PIGEM, JORDI","codart":"841744049","libros-coleccion":"AKIPARLA","ediciones":"1","encuadernacion":"R\u00fastica","fecha_de_publicacion":"01\/11\/2019","novedad":"1","paginas":"31","subtitulo":"","orden":"0","portada":"0","idioma":"spa","autores-libros":[{"ID":159976,"post_author":"3","post_date":"2022-10-14 15:49:17","post_date_gmt":"2022-10-14 13:49:17","post_content":"","post_title":"JORDI PIGEM","post_excerpt":"","post_status":"publish","comment_status":"closed","ping_status":"closed","post_password":"","post_name":"jordi-pigem","to_ping":"","pinged":"","post_modified":"2022-10-14 15:49:17","post_modified_gmt":"2022-10-14 13:49:17","post_content_filtered":"","post_parent":0,"guid":"http:\/\/dev.claret.cat\/autor\/jordi-pigem\/","menu_order":0,"post_type":"autor","post_mime_type":"","comment_count":"0","filter":"raw"}]},"aioseo_notices":[],"_links":{"self":[{"href":"https:\/\/www.claret.cat\/es\/wp-json\/wp\/v2\/product\/120255","targetHints":{"allow":["GET"]}}],"collection":[{"href":"https:\/\/www.claret.cat\/es\/wp-json\/wp\/v2\/product"}],"about":[{"href":"https:\/\/www.claret.cat\/es\/wp-json\/wp\/v2\/types\/product"}],"wp:featuredmedia":[{"embeddable":true,"href":"https:\/\/www.claret.cat\/es\/wp-json\/wp\/v2\/media\/120256"}],"wp:attachment":[{"href":"https:\/\/www.claret.cat\/es\/wp-json\/wp\/v2\/media?parent=120255"}],"wp:term":[{"taxonomy":"product_brand","embeddable":true,"href":"https:\/\/www.claret.cat\/es\/wp-json\/wp\/v2\/product_brand?post=120255"},{"taxonomy":"product_cat","embeddable":true,"href":"https:\/\/www.claret.cat\/es\/wp-json\/wp\/v2\/product_cat?post=120255"},{"taxonomy":"product_tag","embeddable":true,"href":"https:\/\/www.claret.cat\/es\/wp-json\/wp\/v2\/product_tag?post=120255"}],"curies":[{"name":"wp","href":"https:\/\/api.w.org\/{rel}","templated":true}]}}