{"id":120395,"date":"2022-10-12T16:16:10","date_gmt":"2022-10-12T14:16:10","guid":{"rendered":"http:\/\/dev.claret.cat\/producte\/el-blat-tendre\/"},"modified":"2025-07-18T16:20:16","modified_gmt":"2025-07-18T14:20:16","slug":"el-blat-tendre-9788417998158","status":"publish","type":"product","link":"https:\/\/www.claret.cat\/es\/libro\/el-blat-tendre-9788417998158\/","title":{"rendered":"EL BLAT TENDRE"},"content":{"rendered":"<p>En Philippe i la Vinca es coneixen des de la infantesa. Fins ara, han passat les vacances sempre junts, perqu\u00e8 les fam\u00edlies de tots dos estiuegen al mateix poblet de la Bretanya. I aquest no ser\u00e0 pas diferent: banys al mar, excursions, p\u00edcnics, llargues jornades de pesca&#8230; per\u00f2 ells ja no s\u00f3n dues criatures, els seus cossos i els seus sentiments estan canviant. Aix\u00ed descobriran l&#8217;atracci\u00f3 f\u00edsica i la plenitud del plaer, per\u00f2 tamb\u00e9 les responsabilitats del m\u00f3n adult que els est\u00e0 esperant tan bon punt s&#8217;acabin les vacances.<\/p>\n","protected":false},"excerpt":{"rendered":"<p>COLETTE, SIDONIE-GABRIELLE<\/p>\n","protected":false},"featured_media":120396,"template":"","meta":{"_acf_changed":false,"om_disable_all_campaigns":false,"rs_blank_template":"","rs_page_bg_color":"","slide_template_v7":"","inline_featured_image":false,"_monsterinsights_skip_tracking":false,"_monsterinsights_sitenote_active":false,"_monsterinsights_sitenote_note":"","_monsterinsights_sitenote_category":0},"product_brand":[],"product_cat":[354,123],"product_tag":[],"class_list":{"0":"post-120395","1":"product","2":"type-product","3":"status-publish","4":"has-post-thumbnail","6":"product_cat-clasica","7":"product_cat-classica","9":"first","10":"instock","11":"taxable","12":"shipping-taxable","13":"purchasable","14":"product-type-simple"},"acf":{"editorial":[{"ID":6392,"post_author":"3","post_date":"2022-07-28 17:51:10","post_date_gmt":"2022-07-28 15:51:10","post_content":"","post_title":"Viena","post_excerpt":"","post_status":"publish","comment_status":"closed","ping_status":"closed","post_password":"","post_name":"viena","to_ping":"","pinged":"","post_modified":"2022-07-28 17:51:10","post_modified_gmt":"2022-07-28 15:51:10","post_content_filtered":"","post_parent":0,"guid":"http:\/\/dev.claret.cat\/editorial\/viena\/","menu_order":0,"post_type":"editorial","post_mime_type":"","comment_count":"0","filter":"raw"}],"autor":"COLETTE, SIDONIE-GABRIELLE","codart":"841799815","libros-coleccion":"Petits Plaers","ediciones":"1","encuadernacion":"R\u00fastica","fecha_de_publicacion":"01\/11\/2019","novedad":"1","paginas":"191","subtitulo":"","orden":"0","portada":"0","idioma":"cat","autores-libros":[{"ID":169453,"post_author":"3","post_date":"2022-10-14 22:27:21","post_date_gmt":"2022-10-14 20:27:21","post_content":"","post_title":"SIDONIE-GABRIELLE COLETTE","post_excerpt":"","post_status":"publish","comment_status":"closed","ping_status":"closed","post_password":"","post_name":"sidonie-gabrielle-colette","to_ping":"","pinged":"","post_modified":"2022-10-14 22:27:21","post_modified_gmt":"2022-10-14 20:27:21","post_content_filtered":"","post_parent":0,"guid":"http:\/\/dev.claret.cat\/autor\/sidonie-gabrielle-colette\/","menu_order":0,"post_type":"autor","post_mime_type":"","comment_count":"0","filter":"raw"}],"booktrailer":"","resenas":""},"aioseo_notices":[],"_links":{"self":[{"href":"https:\/\/www.claret.cat\/es\/wp-json\/wp\/v2\/product\/120395","targetHints":{"allow":["GET"]}}],"collection":[{"href":"https:\/\/www.claret.cat\/es\/wp-json\/wp\/v2\/product"}],"about":[{"href":"https:\/\/www.claret.cat\/es\/wp-json\/wp\/v2\/types\/product"}],"wp:featuredmedia":[{"embeddable":true,"href":"https:\/\/www.claret.cat\/es\/wp-json\/wp\/v2\/media\/120396"}],"wp:attachment":[{"href":"https:\/\/www.claret.cat\/es\/wp-json\/wp\/v2\/media?parent=120395"}],"wp:term":[{"taxonomy":"product_brand","embeddable":true,"href":"https:\/\/www.claret.cat\/es\/wp-json\/wp\/v2\/product_brand?post=120395"},{"taxonomy":"product_cat","embeddable":true,"href":"https:\/\/www.claret.cat\/es\/wp-json\/wp\/v2\/product_cat?post=120395"},{"taxonomy":"product_tag","embeddable":true,"href":"https:\/\/www.claret.cat\/es\/wp-json\/wp\/v2\/product_tag?post=120395"}],"curies":[{"name":"wp","href":"https:\/\/api.w.org\/{rel}","templated":true}]}}