{"id":120521,"date":"2022-10-12T16:18:05","date_gmt":"2022-10-12T14:18:05","guid":{"rendered":"http:\/\/dev.claret.cat\/producte\/terra-alta-cat\/"},"modified":"2024-01-31T16:51:30","modified_gmt":"2024-01-31T15:51:30","slug":"terra-alta-cat-9788466426091","status":"publish","type":"product","link":"https:\/\/www.claret.cat\/es\/libro\/terra-alta-cat-9788466426091\/","title":{"rendered":"TERRA ALTA (CAT)"},"content":{"rendered":"<p>Un crim terrible sacseja la tranquil\u00b7la comarca de la Terra Alta: els propietaris de la seva empresa m\u00e9s gran, Gr\u00e0fiques Adell, apareixen assassinats despr\u00e9s d&#8217;haver estat sotmesos a tortures terribles. Del cas se n&#8217;encarrega Melcior Mar\u00edn, un jove policia i lector vora\u00e7 arribat de Barcelona quatre anys enrere, amb un passat fosc a l&#8217;esquena que l&#8217;ha convertit en una llegenda al cos i que creu haver enterrat sota una vida feli\u00e7 com a marit de la bibliotec\u00e0ria del poble i pare d&#8217;una nena anomenada Cosette, igual que la filla de Jean Valjean, el protagonista de la seva novel\u00b7la preferida: Els miserables. <\/p>\n<p>Partint d&#8217;aquest esdeveniment, a trav\u00e9s d&#8217;una narraci\u00f3 trepidant i plena de personatges memorables, la novel\u00b7la es converteix en una reflexi\u00f3 l\u00facida sobre el valor de la llei, la possibilitat de la just\u00edcia i la legitimitat de la venjan\u00e7a, per\u00f2 sobretot en l&#8217;epopeia d&#8217;un home a la recerca del seu lloc al m\u00f3n.<\/p>\n","protected":false},"excerpt":{"rendered":"<p>CERCAS, JAVIER<\/p>\n","protected":false},"featured_media":120522,"template":"","meta":{"_acf_changed":false,"om_disable_all_campaigns":false,"rs_blank_template":"","rs_page_bg_color":"","slide_template_v7":"","inline_featured_image":false,"_monsterinsights_skip_tracking":false,"_monsterinsights_sitenote_active":false,"_monsterinsights_sitenote_note":"","_monsterinsights_sitenote_category":0},"product_brand":[],"product_cat":[127,357],"product_tag":[],"class_list":{"0":"post-120521","1":"product","2":"type-product","3":"status-publish","4":"has-post-thumbnail","6":"product_cat-novella-contemporania","7":"product_cat-novela-contemporanea","9":"first","10":"instock","11":"taxable","12":"shipping-taxable","13":"purchasable","14":"product-type-simple"},"acf":{"editorial":[{"ID":6166,"post_author":"3","post_date":"2022-07-28 17:46:19","post_date_gmt":"2022-07-28 15:46:19","post_content":"","post_title":"Columna CAT","post_excerpt":"","post_status":"publish","comment_status":"closed","ping_status":"closed","post_password":"","post_name":"columna-cat","to_ping":"","pinged":"","post_modified":"2022-07-28 17:46:19","post_modified_gmt":"2022-07-28 15:46:19","post_content_filtered":"","post_parent":0,"guid":"http:\/\/dev.claret.cat\/editorial\/columna-cat\/","menu_order":0,"post_type":"editorial","post_mime_type":"","comment_count":"0","filter":"raw"}],"autor":"CERCAS, JAVIER","codart":"846642609","libros-coleccion":"Cl\u00e0ssica","ediciones":"1","encuadernacion":"Carton\u00e9","fecha_de_publicacion":"01\/11\/2019","novedad":"1","paginas":"382","subtitulo":"","orden":"0","portada":"0","idioma":"cat","autores-libros":[{"ID":158686,"post_author":"3","post_date":"2022-10-14 15:38:49","post_date_gmt":"2022-10-14 13:38:49","post_content":"","post_title":"JAVIER CERCAS","post_excerpt":"","post_status":"publish","comment_status":"closed","ping_status":"closed","post_password":"","post_name":"javier-cercas","to_ping":"","pinged":"","post_modified":"2022-10-14 15:38:49","post_modified_gmt":"2022-10-14 13:38:49","post_content_filtered":"","post_parent":0,"guid":"http:\/\/dev.claret.cat\/autor\/javier-cercas\/","menu_order":0,"post_type":"autor","post_mime_type":"","comment_count":"0","filter":"raw"}]},"aioseo_notices":[],"_links":{"self":[{"href":"https:\/\/www.claret.cat\/es\/wp-json\/wp\/v2\/product\/120521","targetHints":{"allow":["GET"]}}],"collection":[{"href":"https:\/\/www.claret.cat\/es\/wp-json\/wp\/v2\/product"}],"about":[{"href":"https:\/\/www.claret.cat\/es\/wp-json\/wp\/v2\/types\/product"}],"wp:featuredmedia":[{"embeddable":true,"href":"https:\/\/www.claret.cat\/es\/wp-json\/wp\/v2\/media\/120522"}],"wp:attachment":[{"href":"https:\/\/www.claret.cat\/es\/wp-json\/wp\/v2\/media?parent=120521"}],"wp:term":[{"taxonomy":"product_brand","embeddable":true,"href":"https:\/\/www.claret.cat\/es\/wp-json\/wp\/v2\/product_brand?post=120521"},{"taxonomy":"product_cat","embeddable":true,"href":"https:\/\/www.claret.cat\/es\/wp-json\/wp\/v2\/product_cat?post=120521"},{"taxonomy":"product_tag","embeddable":true,"href":"https:\/\/www.claret.cat\/es\/wp-json\/wp\/v2\/product_tag?post=120521"}],"curies":[{"name":"wp","href":"https:\/\/api.w.org\/{rel}","templated":true}]}}