{"id":120569,"date":"2022-10-12T16:18:48","date_gmt":"2022-10-12T14:18:48","guid":{"rendered":"http:\/\/dev.claret.cat\/producte\/el-gat-llampec-i-el-tio\/"},"modified":"2024-05-23T02:14:23","modified_gmt":"2024-05-23T00:14:23","slug":"el-gat-llampec-i-el-tio-9788491910879","status":"publish","type":"product","link":"https:\/\/www.claret.cat\/es\/libro\/el-gat-llampec-i-el-tio-9788491910879\/","title":{"rendered":"EL GAT LLAMPEC I EL TI\u00d3"},"content":{"rendered":"<p>El llampec \u00e9s un gat molt juganer i blanc com la neu. Quan arriba l&#8217;hivern no t\u00e9 fred i s&#8217;ho passa molt b\u00e9 jugant a l&#8217;aire lliure amb els seus amics. Un dia, el seu trineu ensopega amb un tronc molt especial.<\/p>\n","protected":false},"excerpt":{"rendered":"<p>ESCODA, MARTINA; FRANSOY, MONTSE<\/p>\n","protected":false},"featured_media":361770,"template":"","meta":{"_acf_changed":false,"om_disable_all_campaigns":false,"rs_blank_template":"","rs_page_bg_color":"","slide_template_v7":"","inline_featured_image":false,"_monsterinsights_skip_tracking":false,"_monsterinsights_sitenote_active":false,"_monsterinsights_sitenote_note":"","_monsterinsights_sitenote_category":0},"product_brand":[],"product_cat":[131,361],"product_tag":[],"class_list":{"0":"post-120569","1":"product","2":"type-product","3":"status-publish","4":"has-post-thumbnail","6":"product_cat-contes-per-infants-0-6-anys","7":"product_cat-cuentos-para-ninos-0-6-anos","9":"first","10":"instock","11":"taxable","12":"shipping-taxable","13":"purchasable","14":"product-type-simple"},"acf":{"editorial":[{"ID":8266,"post_author":"3","post_date":"2022-09-30 09:21:36","post_date_gmt":"2022-09-30 07:21:36","post_content":"","post_title":"PUBLICACIONS DE L'ABADIA DE MONTSERRAT","post_excerpt":"","post_status":"publish","comment_status":"closed","ping_status":"closed","post_password":"","post_name":"publicacions-de-labadia-de-montserrat-5","to_ping":"","pinged":"","post_modified":"2022-09-30 09:21:36","post_modified_gmt":"2022-09-30 07:21:36","post_content_filtered":"","post_parent":0,"guid":"http:\/\/dev.claret.cat\/editorial\/publicacions-de-labadia-de-montserrat-5\/","menu_order":0,"post_type":"editorial","post_mime_type":"","comment_count":"0","filter":"raw"}],"autor":"ESCODA, MARTINA; FRANSOY, MONTSE","codart":"849191087","libros-coleccion":"\u00c0lbum il\u00b7lustrat","ediciones":"1","encuadernacion":"Carton\u00e9","fecha_de_publicacion":"27\/11\/2019","novedad":"1","paginas":"28","subtitulo":"","orden":"0","portada":"0","idioma":"cat","autores-libros":[{"ID":164329,"post_author":"3","post_date":"2022-10-14 17:46:12","post_date_gmt":"2022-10-14 15:46:12","post_content":"","post_title":"MARTINA ESCODA","post_excerpt":"","post_status":"publish","comment_status":"closed","ping_status":"closed","post_password":"","post_name":"martina-escoda","to_ping":"","pinged":"","post_modified":"2022-10-14 17:46:12","post_modified_gmt":"2022-10-14 15:46:12","post_content_filtered":"","post_parent":0,"guid":"http:\/\/dev.claret.cat\/autor\/martina-escoda\/","menu_order":0,"post_type":"autor","post_mime_type":"","comment_count":"0","filter":"raw"},{"ID":165389,"post_author":"3","post_date":"2022-10-14 17:54:47","post_date_gmt":"2022-10-14 15:54:47","post_content":"","post_title":"MONTSE FRANSOY","post_excerpt":"","post_status":"publish","comment_status":"closed","ping_status":"closed","post_password":"","post_name":"montse-fransoy","to_ping":"","pinged":"","post_modified":"2022-10-14 17:54:47","post_modified_gmt":"2022-10-14 15:54:47","post_content_filtered":"","post_parent":0,"guid":"http:\/\/dev.claret.cat\/autor\/montse-fransoy\/","menu_order":0,"post_type":"autor","post_mime_type":"","comment_count":"0","filter":"raw"}]},"aioseo_notices":[],"_links":{"self":[{"href":"https:\/\/www.claret.cat\/es\/wp-json\/wp\/v2\/product\/120569","targetHints":{"allow":["GET"]}}],"collection":[{"href":"https:\/\/www.claret.cat\/es\/wp-json\/wp\/v2\/product"}],"about":[{"href":"https:\/\/www.claret.cat\/es\/wp-json\/wp\/v2\/types\/product"}],"wp:featuredmedia":[{"embeddable":true,"href":"https:\/\/www.claret.cat\/es\/wp-json\/wp\/v2\/media\/361770"}],"wp:attachment":[{"href":"https:\/\/www.claret.cat\/es\/wp-json\/wp\/v2\/media?parent=120569"}],"wp:term":[{"taxonomy":"product_brand","embeddable":true,"href":"https:\/\/www.claret.cat\/es\/wp-json\/wp\/v2\/product_brand?post=120569"},{"taxonomy":"product_cat","embeddable":true,"href":"https:\/\/www.claret.cat\/es\/wp-json\/wp\/v2\/product_cat?post=120569"},{"taxonomy":"product_tag","embeddable":true,"href":"https:\/\/www.claret.cat\/es\/wp-json\/wp\/v2\/product_tag?post=120569"}],"curies":[{"name":"wp","href":"https:\/\/api.w.org\/{rel}","templated":true}]}}