{"id":120887,"date":"2022-10-12T16:23:50","date_gmt":"2022-10-12T14:23:50","guid":{"rendered":"http:\/\/dev.claret.cat\/producte\/sobre-la-serenidad\/"},"modified":"2023-01-28T04:00:59","modified_gmt":"2023-01-28T03:00:59","slug":"sobre-la-serenidad-9788417134679","status":"publish","type":"product","link":"https:\/\/www.claret.cat\/es\/libro\/sobre-la-serenidad-9788417134679\/","title":{"rendered":"SOBRE LA SERENIDAD"},"content":{"rendered":"<p>A lo largo de los 15 cap\u00edtulos que componen el di\u00e1logo Sobre la serenidad, en el que conversa con su amigo Sereno, S\u00e9neca nos explica las razones por las que, incluso cuando las cosas nos van moderadamente bien, anida en nosotros un persistente malestar.<br \/> La inquietud procede por lo general de que no acomodamos bien los deseos a lo que es razonable esperar que podamos conseguir, y nos pasamos la vida como fuera de s\u00ed, esperando personas o bienes que no terminan de llegar y que, cuando lo hacen, no suelen satisfacer nuestras expectativas.<br \/> La serenidad la entiende S\u00e9neca como una cierta concordia con la naturaleza y con la vida social y pol\u00edtica, como una reconciliaci\u00f3n que tiene que empezar siempre por nosotros mismos.<\/p>\n","protected":false},"excerpt":{"rendered":"<p>S\u00c9NECA, LUCIO ANNEO<\/p>\n","protected":false},"featured_media":120888,"template":"","meta":{"_acf_changed":false,"om_disable_all_campaigns":false,"rs_blank_template":"","rs_page_bg_color":"","slide_template_v7":"","inline_featured_image":false,"_monsterinsights_skip_tracking":false,"_monsterinsights_sitenote_active":false,"_monsterinsights_sitenote_note":"","_monsterinsights_sitenote_category":0},"product_brand":[],"product_cat":[175],"product_tag":[],"class_list":{"0":"post-120887","1":"product","2":"type-product","3":"status-publish","4":"has-post-thumbnail","6":"product_cat-etica","8":"first","9":"instock","10":"taxable","11":"shipping-taxable","12":"purchasable","13":"product-type-simple"},"acf":{"autor":"S\u00c9NECA, LUCIO ANNEO","codart":"841713467","libros-coleccion":"Los secretos de Diotima","ediciones":"1","encuadernacion":"R\u00fastica","fecha_de_publicacion":"01\/09\/2019","novedad":"1","paginas":"96","subtitulo":"","orden":"0","portada":"0","idioma":"spa","editorial":[{"ID":148111,"post_author":"3","post_date":"2022-10-14 11:55:43","post_date_gmt":"2022-10-14 09:55:43","post_content":"","post_title":"ESCOLAR Y MAYO EDITORES","post_excerpt":"","post_status":"publish","comment_status":"closed","ping_status":"closed","post_password":"","post_name":"escolar-y-mayo-editores","to_ping":"","pinged":"","post_modified":"2022-10-14 11:55:43","post_modified_gmt":"2022-10-14 09:55:43","post_content_filtered":"","post_parent":0,"guid":"http:\/\/dev.claret.cat\/editorial\/escolar-y-mayo-editores\/","menu_order":0,"post_type":"editorial","post_mime_type":"","comment_count":"0","filter":"raw"}],"autores-libros":[{"ID":162614,"post_author":"3","post_date":"2022-10-14 17:32:25","post_date_gmt":"2022-10-14 15:32:25","post_content":"","post_title":"LUCIO ANNEO SENECA","post_excerpt":"","post_status":"publish","comment_status":"closed","ping_status":"closed","post_password":"","post_name":"lucio-anneo-seneca","to_ping":"","pinged":"","post_modified":"2022-10-14 17:32:25","post_modified_gmt":"2022-10-14 15:32:25","post_content_filtered":"","post_parent":0,"guid":"http:\/\/dev.claret.cat\/autor\/lucio-anneo-seneca\/","menu_order":0,"post_type":"autor","post_mime_type":"","comment_count":"0","filter":"raw"}]},"aioseo_notices":[],"_links":{"self":[{"href":"https:\/\/www.claret.cat\/es\/wp-json\/wp\/v2\/product\/120887","targetHints":{"allow":["GET"]}}],"collection":[{"href":"https:\/\/www.claret.cat\/es\/wp-json\/wp\/v2\/product"}],"about":[{"href":"https:\/\/www.claret.cat\/es\/wp-json\/wp\/v2\/types\/product"}],"wp:featuredmedia":[{"embeddable":true,"href":"https:\/\/www.claret.cat\/es\/wp-json\/wp\/v2\/media\/120888"}],"wp:attachment":[{"href":"https:\/\/www.claret.cat\/es\/wp-json\/wp\/v2\/media?parent=120887"}],"wp:term":[{"taxonomy":"product_brand","embeddable":true,"href":"https:\/\/www.claret.cat\/es\/wp-json\/wp\/v2\/product_brand?post=120887"},{"taxonomy":"product_cat","embeddable":true,"href":"https:\/\/www.claret.cat\/es\/wp-json\/wp\/v2\/product_cat?post=120887"},{"taxonomy":"product_tag","embeddable":true,"href":"https:\/\/www.claret.cat\/es\/wp-json\/wp\/v2\/product_tag?post=120887"}],"curies":[{"name":"wp","href":"https:\/\/api.w.org\/{rel}","templated":true}]}}