{"id":120956,"date":"2022-10-12T16:24:55","date_gmt":"2022-10-12T14:24:55","guid":{"rendered":"http:\/\/dev.claret.cat\/producte\/piel-de-asno\/"},"modified":"2023-01-28T06:39:15","modified_gmt":"2023-01-28T05:39:15","slug":"piel-de-asno-9788414024577","status":"publish","type":"product","link":"https:\/\/www.claret.cat\/es\/libro\/piel-de-asno-9788414024577\/","title":{"rendered":"PIEL DE ASNO"},"content":{"rendered":"<p>Una nueva versi\u00f3n del cuento cl\u00e1sico, basado en las versiones y adaptaciones de los textos de Charles Perrault y los hermanos Grimm, y de la pel\u00edcula de Jacques Demy. Las elegantes ilustraciones de la artista estadounidense Alessandra Maria combinan con maestr\u00eda el grafito, la tinta y el pan de oro. <br \/> Benjamin Lacombe es el director art\u00edstico de esta colecci\u00f3n de cl\u00e1sicos de la literatura infantil. En ella se re\u00fanen algunas de las obras m\u00e1s conocidas y queridas por los lectores, que se nos presentan renovadas a trav\u00e9s de la mirada personal de cada uno de sus extraordinarios ilustradores.<\/p>\n","protected":false},"excerpt":{"rendered":"<p>LACOMBE, BENJAMIN<\/p>\n","protected":false},"featured_media":120957,"template":"","meta":{"_acf_changed":false,"om_disable_all_campaigns":false,"rs_blank_template":"","rs_page_bg_color":"","slide_template_v7":"","inline_featured_image":false,"_monsterinsights_skip_tracking":false,"_monsterinsights_sitenote_active":false,"_monsterinsights_sitenote_note":"","_monsterinsights_sitenote_category":0},"product_brand":[],"product_cat":[131,132],"product_tag":[],"class_list":{"0":"post-120956","1":"product","2":"type-product","3":"status-publish","4":"has-post-thumbnail","6":"product_cat-contes-per-infants-0-6-anys","7":"product_cat-lectures-per-preadolescents-6-12-anys","9":"first","10":"instock","11":"taxable","12":"shipping-taxable","13":"purchasable","14":"product-type-simple"},"acf":{"editorial":[{"ID":6229,"post_author":"3","post_date":"2022-07-28 17:47:40","post_date_gmt":"2022-07-28 15:47:40","post_content":"","post_title":"Editorial Luis Vives (Edelvives)","post_excerpt":"","post_status":"publish","comment_status":"closed","ping_status":"closed","post_password":"","post_name":"editorial-luis-vives-edelvives","to_ping":"","pinged":"","post_modified":"2022-07-28 17:47:40","post_modified_gmt":"2022-07-28 15:47:40","post_content_filtered":"","post_parent":0,"guid":"http:\/\/dev.claret.cat\/editorial\/editorial-luis-vives-edelvives\/","menu_order":0,"post_type":"editorial","post_mime_type":"","comment_count":"0","filter":"raw"}],"autores-libros":[{"ID":151574,"post_author":"3","post_date":"2022-10-14 14:41:57","post_date_gmt":"2022-10-14 12:41:57","post_content":"","post_title":"BENJAMIN LACOMBE","post_excerpt":"","post_status":"publish","comment_status":"closed","ping_status":"closed","post_password":"","post_name":"benjamin-lacombe","to_ping":"","pinged":"","post_modified":"2022-10-14 14:41:57","post_modified_gmt":"2022-10-14 12:41:57","post_content_filtered":"","post_parent":0,"guid":"http:\/\/dev.claret.cat\/autor\/benjamin-lacombe\/","menu_order":0,"post_type":"autor","post_mime_type":"","comment_count":"0","filter":"raw"}],"autor":"LACOMBE, BENJAMIN","codart":"841402457","libros-coleccion":"CL\u00c1SICOS ILUSTRADOS","ediciones":"1","encuadernacion":"Carton\u00e9","fecha_de_publicacion":"01\/09\/2019","novedad":"1","paginas":"64","subtitulo":"","orden":"0","portada":"0","idioma":"spa"},"aioseo_notices":[],"_links":{"self":[{"href":"https:\/\/www.claret.cat\/es\/wp-json\/wp\/v2\/product\/120956","targetHints":{"allow":["GET"]}}],"collection":[{"href":"https:\/\/www.claret.cat\/es\/wp-json\/wp\/v2\/product"}],"about":[{"href":"https:\/\/www.claret.cat\/es\/wp-json\/wp\/v2\/types\/product"}],"wp:featuredmedia":[{"embeddable":true,"href":"https:\/\/www.claret.cat\/es\/wp-json\/wp\/v2\/media\/120957"}],"wp:attachment":[{"href":"https:\/\/www.claret.cat\/es\/wp-json\/wp\/v2\/media?parent=120956"}],"wp:term":[{"taxonomy":"product_brand","embeddable":true,"href":"https:\/\/www.claret.cat\/es\/wp-json\/wp\/v2\/product_brand?post=120956"},{"taxonomy":"product_cat","embeddable":true,"href":"https:\/\/www.claret.cat\/es\/wp-json\/wp\/v2\/product_cat?post=120956"},{"taxonomy":"product_tag","embeddable":true,"href":"https:\/\/www.claret.cat\/es\/wp-json\/wp\/v2\/product_tag?post=120956"}],"curies":[{"name":"wp","href":"https:\/\/api.w.org\/{rel}","templated":true}]}}