{"id":120965,"date":"2022-10-12T16:25:04","date_gmt":"2022-10-12T14:25:04","guid":{"rendered":"http:\/\/dev.claret.cat\/producte\/historias-de-rios\/"},"modified":"2023-01-28T20:58:23","modified_gmt":"2023-01-28T19:58:23","slug":"historias-de-rios-9788414023457","status":"publish","type":"product","link":"https:\/\/www.claret.cat\/es\/libro\/historias-de-rios-9788414023457\/","title":{"rendered":"HISTORIAS DE R\u00cdOS"},"content":{"rendered":"<p>Navega por cinco r\u00edos grandiosos y descubre incre\u00edbles relatos relacionados con la historia, los mitos y su presente. El Nilo nos invita a descubrir pir\u00e1mides, tumbas y templos milenarios; el Misisipi nos habla de batallas hist\u00f3ricas, dinosaurios y aventuras en kayak; el Rin susurra cr\u00f3nicas de castillos, tribus aguerridas y de Frankenstein; el Yangts\u00e9 evoca dragones, demonios y delfines; mientras el Amazonas guarda en su selva oro y ciudades perdidas. Las p\u00e1ginas de este libro se despliegan en bellas ilustraciones que muestran el curso completo de cada r\u00edo.<\/p>\n","protected":false},"excerpt":{"rendered":"<p>KNAPMAN, TIMOTHY<\/p>\n","protected":false},"featured_media":120966,"template":"","meta":{"_acf_changed":false,"om_disable_all_campaigns":false,"rs_blank_template":"","rs_page_bg_color":"","slide_template_v7":"","inline_featured_image":false,"_monsterinsights_skip_tracking":false,"_monsterinsights_sitenote_active":false,"_monsterinsights_sitenote_note":"","_monsterinsights_sitenote_category":0},"product_brand":[],"product_cat":[131],"product_tag":[],"class_list":{"0":"post-120965","1":"product","2":"type-product","3":"status-publish","4":"has-post-thumbnail","6":"product_cat-contes-per-infants-0-6-anys","8":"first","9":"instock","10":"taxable","11":"shipping-taxable","12":"purchasable","13":"product-type-simple"},"acf":{"editorial":[{"ID":6229,"post_author":"3","post_date":"2022-07-28 17:47:40","post_date_gmt":"2022-07-28 15:47:40","post_content":"","post_title":"Editorial Luis Vives (Edelvives)","post_excerpt":"","post_status":"publish","comment_status":"closed","ping_status":"closed","post_password":"","post_name":"editorial-luis-vives-edelvives","to_ping":"","pinged":"","post_modified":"2022-07-28 17:47:40","post_modified_gmt":"2022-07-28 15:47:40","post_content_filtered":"","post_parent":0,"guid":"http:\/\/dev.claret.cat\/editorial\/editorial-luis-vives-edelvives\/","menu_order":0,"post_type":"editorial","post_mime_type":"","comment_count":"0","filter":"raw"}],"autores-libros":[{"ID":170423,"post_author":"3","post_date":"2022-10-14 22:35:12","post_date_gmt":"2022-10-14 20:35:12","post_content":"","post_title":"TIMOTHY KNAPMAN","post_excerpt":"","post_status":"publish","comment_status":"closed","ping_status":"closed","post_password":"","post_name":"timothy-knapman","to_ping":"","pinged":"","post_modified":"2022-10-14 22:35:12","post_modified_gmt":"2022-10-14 20:35:12","post_content_filtered":"","post_parent":0,"guid":"http:\/\/dev.claret.cat\/autor\/timothy-knapman\/","menu_order":0,"post_type":"autor","post_mime_type":"","comment_count":"0","filter":"raw"}],"autor":"KNAPMAN, TIMOTHY","codart":"841402345","libros-coleccion":"EDELVIVES","ediciones":"1","encuadernacion":"Carton\u00e9","fecha_de_publicacion":"01\/08\/2019","novedad":"1","paginas":"45","subtitulo":"","orden":"0","portada":"0","idioma":"spa"},"aioseo_notices":[],"_links":{"self":[{"href":"https:\/\/www.claret.cat\/es\/wp-json\/wp\/v2\/product\/120965","targetHints":{"allow":["GET"]}}],"collection":[{"href":"https:\/\/www.claret.cat\/es\/wp-json\/wp\/v2\/product"}],"about":[{"href":"https:\/\/www.claret.cat\/es\/wp-json\/wp\/v2\/types\/product"}],"wp:featuredmedia":[{"embeddable":true,"href":"https:\/\/www.claret.cat\/es\/wp-json\/wp\/v2\/media\/120966"}],"wp:attachment":[{"href":"https:\/\/www.claret.cat\/es\/wp-json\/wp\/v2\/media?parent=120965"}],"wp:term":[{"taxonomy":"product_brand","embeddable":true,"href":"https:\/\/www.claret.cat\/es\/wp-json\/wp\/v2\/product_brand?post=120965"},{"taxonomy":"product_cat","embeddable":true,"href":"https:\/\/www.claret.cat\/es\/wp-json\/wp\/v2\/product_cat?post=120965"},{"taxonomy":"product_tag","embeddable":true,"href":"https:\/\/www.claret.cat\/es\/wp-json\/wp\/v2\/product_tag?post=120965"}],"curies":[{"name":"wp","href":"https:\/\/api.w.org\/{rel}","templated":true}]}}