{"id":121007,"date":"2022-10-12T16:25:44","date_gmt":"2022-10-12T14:25:44","guid":{"rendered":"http:\/\/dev.claret.cat\/producte\/un-home-que-sen-va-2\/"},"modified":"2024-01-31T19:17:50","modified_gmt":"2024-01-31T18:17:50","slug":"un-home-que-sen-va-9788416334520","status":"publish","type":"product","link":"https:\/\/www.claret.cat\/es\/libro\/un-home-que-sen-va-9788416334520\/","title":{"rendered":"UN HOME QUE SE&#8217;N VA"},"content":{"rendered":"<p>Vicen\u00e7 Villatoro indaga en les causes que van fer que el seu avi abandon\u00e9s Castro del R\u00edo, un poble &#8216;blanc i imm\u00f2bil&#8217; de C\u00f2rdova, a l&#8221;edat de 60 anys, despr\u00e9s d&#8221;una vida agitada, com a regidor de l&#8221;esquerra burgesa, comerciant de teixits sense sentit del negoci, condemnat a mort pels franquistes i finalment emigrant a 60 anys, gaireb\u00e9 l&#8221;edat que t\u00e9 el seu n\u00e9t escriptor quan s&#8221;encara a la figura enigm\u00e0tica de l&#8221;avi Vicente. Un home que se&#8221;n va \u00e9s una novel\u00b7la testimonial i de reconstrucci\u00f3 del passat. Un cop mort l&#8221;avi, l&#8221;escriptor Vicen\u00e7 Villatoro fa un viatge a Castro amb el pare, per reconstruir entre tots dos la gran hist\u00f2ria d&#8221;un de tants immigrants que un dia van deixar el poble sense saber si hi tornarien mai m\u00e9s. De Vicen\u00e7 a Vicente i de Vicente a Vicen\u00e7, un viatge als or\u00edgens i una projecci\u00f3 de futur.<\/p>\n","protected":false},"excerpt":{"rendered":"<p>VILLATORO, VICEN\u00c7<\/p>\n","protected":false},"featured_media":121008,"template":"","meta":{"_acf_changed":false,"om_disable_all_campaigns":false,"rs_blank_template":"","rs_page_bg_color":"","slide_template_v7":"","inline_featured_image":false,"_monsterinsights_skip_tracking":false,"_monsterinsights_sitenote_active":false,"_monsterinsights_sitenote_note":"","_monsterinsights_sitenote_category":0},"product_brand":[],"product_cat":[127,357],"product_tag":[],"class_list":{"0":"post-121007","1":"product","2":"type-product","3":"status-publish","4":"has-post-thumbnail","6":"product_cat-novella-contemporania","7":"product_cat-novela-contemporanea","9":"first","10":"instock","11":"taxable","12":"shipping-taxable","13":"purchasable","14":"product-type-simple"},"acf":{"editorial":[{"ID":6281,"post_author":"3","post_date":"2022-07-28 17:48:50","post_date_gmt":"2022-07-28 15:48:50","post_content":"","post_title":"LABUTXACA","post_excerpt":"","post_status":"publish","comment_status":"closed","ping_status":"closed","post_password":"","post_name":"labutxaca","to_ping":"","pinged":"","post_modified":"2022-07-28 17:48:50","post_modified_gmt":"2022-07-28 15:48:50","post_content_filtered":"","post_parent":0,"guid":"http:\/\/dev.claret.cat\/editorial\/labutxaca\/","menu_order":0,"post_type":"editorial","post_mime_type":"","comment_count":"0","filter":"raw"}],"autores-libros":[{"ID":170923,"post_author":"3","post_date":"2022-10-14 22:39:16","post_date_gmt":"2022-10-14 20:39:16","post_content":"","post_title":"VICEN\u00c7 VILLATORO","post_excerpt":"","post_status":"publish","comment_status":"closed","ping_status":"closed","post_password":"","post_name":"vicenc-villatoro","to_ping":"","pinged":"","post_modified":"2022-10-14 22:39:16","post_modified_gmt":"2022-10-14 20:39:16","post_content_filtered":"","post_parent":0,"guid":"http:\/\/dev.claret.cat\/autor\/vicenc-villatoro\/","menu_order":0,"post_type":"autor","post_mime_type":"","comment_count":"0","filter":"raw"}],"autor":"VILLATORO, VICEN\u00c7","codart":"841633452","libros-coleccion":"LABUTXACA","ediciones":"1","encuadernacion":"R\u00fastica","fecha_de_publicacion":"01\/10\/2015","novedad":"1","paginas":"667","subtitulo":"","orden":"0","portada":"0","idioma":"cat"},"aioseo_notices":[],"_links":{"self":[{"href":"https:\/\/www.claret.cat\/es\/wp-json\/wp\/v2\/product\/121007","targetHints":{"allow":["GET"]}}],"collection":[{"href":"https:\/\/www.claret.cat\/es\/wp-json\/wp\/v2\/product"}],"about":[{"href":"https:\/\/www.claret.cat\/es\/wp-json\/wp\/v2\/types\/product"}],"wp:featuredmedia":[{"embeddable":true,"href":"https:\/\/www.claret.cat\/es\/wp-json\/wp\/v2\/media\/121008"}],"wp:attachment":[{"href":"https:\/\/www.claret.cat\/es\/wp-json\/wp\/v2\/media?parent=121007"}],"wp:term":[{"taxonomy":"product_brand","embeddable":true,"href":"https:\/\/www.claret.cat\/es\/wp-json\/wp\/v2\/product_brand?post=121007"},{"taxonomy":"product_cat","embeddable":true,"href":"https:\/\/www.claret.cat\/es\/wp-json\/wp\/v2\/product_cat?post=121007"},{"taxonomy":"product_tag","embeddable":true,"href":"https:\/\/www.claret.cat\/es\/wp-json\/wp\/v2\/product_tag?post=121007"}],"curies":[{"name":"wp","href":"https:\/\/api.w.org\/{rel}","templated":true}]}}