{"id":121019,"date":"2022-10-12T16:25:55","date_gmt":"2022-10-12T14:25:55","guid":{"rendered":"http:\/\/dev.claret.cat\/producte\/la-claror-del-juliol\/"},"modified":"2024-01-31T20:43:09","modified_gmt":"2024-01-31T19:43:09","slug":"la-claror-del-juliol-9788475887777","status":"publish","type":"product","link":"https:\/\/www.claret.cat\/es\/libro\/la-claror-del-juliol-9788475887777\/","title":{"rendered":"LA CLAROR DEL JULIOL"},"content":{"rendered":"<p>Durant deu anys de la seva joventut, tres personatges dos nois i una noia s&#8217;entusiasmen,<br \/>dubten, s&#8217;estimen i s&#8217;enlluernen amb intensitat. Al seu darrere, dos paisatges dels anys trenta:<br \/>un de tr\u00e0gic el temps de les grans ideologies, de la guerra, de la mort i un de pl\u00e0cid<br \/>els estius a Favinyana, la claror del juliol en una illa mediterr\u00e0nia i amable. Anys despr\u00e9s, un<br \/>d&#8217;aquells tres amics explica el record que t\u00e9 del m\u00f3n d&#8217;aleshores. El resultat \u00e9s una novel\u00b7la<br \/>ambiciosa sobre la tensi\u00f3 entre les ideologies i els individus en una \u00e8poca aspra. Per\u00f2 La claror<br \/>del juliol \u00e9s tamb\u00e9 una novel\u00b7la sobre els sentiments, sobre la identitat i sobre la mem\u00f2ria.<br \/>En aquesta edici\u00f3, s&#8217;afegeixen a la novel\u00b7la els relats escrits per l&#8217;autor que s&#8217;ambienten a<br \/>la possessi\u00f3 de Favinyana, o que hi tenen relaci\u00f3, hist\u00f2ries que expliquen aspectes parcials<br \/>i ocults de la novel\u00b7la La claror del juliol i completen el cicle literari d&#8217;un indret m\u00edtic com el<br \/>Macondo de Garc\u00eda M\u00e1rquez o l&#8217;Andratx porceli\u00e0.<\/p>\n","protected":false},"excerpt":{"rendered":"<p>VILLATORO, VICEN\u00c7<\/p>\n","protected":false},"featured_media":121020,"template":"","meta":{"_acf_changed":false,"om_disable_all_campaigns":false,"rs_blank_template":"","rs_page_bg_color":"","slide_template_v7":"","inline_featured_image":false,"_monsterinsights_skip_tracking":false,"_monsterinsights_sitenote_active":false,"_monsterinsights_sitenote_note":"","_monsterinsights_sitenote_category":0},"product_brand":[],"product_cat":[127,357],"product_tag":[],"class_list":{"0":"post-121019","1":"product","2":"type-product","3":"status-publish","4":"has-post-thumbnail","6":"product_cat-novella-contemporania","7":"product_cat-novela-contemporanea","9":"first","10":"instock","11":"taxable","12":"shipping-taxable","13":"purchasable","14":"product-type-simple"},"acf":{"editorial":[{"ID":6336,"post_author":"3","post_date":"2022-07-28 17:50:00","post_date_gmt":"2022-07-28 15:50:00","post_content":"","post_title":"Proa","post_excerpt":"","post_status":"publish","comment_status":"closed","ping_status":"closed","post_password":"","post_name":"proa","to_ping":"","pinged":"","post_modified":"2022-07-28 17:50:00","post_modified_gmt":"2022-07-28 15:50:00","post_content_filtered":"","post_parent":0,"guid":"http:\/\/dev.claret.cat\/editorial\/proa\/","menu_order":0,"post_type":"editorial","post_mime_type":"","comment_count":"0","filter":"raw"}],"autor":"VILLATORO, VICEN\u00c7","codart":"847588777","libros-coleccion":"A TOT VENT-R\u00daST","ediciones":"1","encuadernacion":"R\u00fastica","fecha_de_publicacion":"01\/11\/2019","novedad":"1","paginas":"676","subtitulo":"SEGUIT D'ESTIUS DE FAVINYANA","orden":"0","portada":"0","idioma":"cat","autores-libros":[{"ID":170923,"post_author":"3","post_date":"2022-10-14 22:39:16","post_date_gmt":"2022-10-14 20:39:16","post_content":"","post_title":"VICEN\u00c7 VILLATORO","post_excerpt":"","post_status":"publish","comment_status":"closed","ping_status":"closed","post_password":"","post_name":"vicenc-villatoro","to_ping":"","pinged":"","post_modified":"2022-10-14 22:39:16","post_modified_gmt":"2022-10-14 20:39:16","post_content_filtered":"","post_parent":0,"guid":"http:\/\/dev.claret.cat\/autor\/vicenc-villatoro\/","menu_order":0,"post_type":"autor","post_mime_type":"","comment_count":"0","filter":"raw"}]},"aioseo_notices":[],"_links":{"self":[{"href":"https:\/\/www.claret.cat\/es\/wp-json\/wp\/v2\/product\/121019","targetHints":{"allow":["GET"]}}],"collection":[{"href":"https:\/\/www.claret.cat\/es\/wp-json\/wp\/v2\/product"}],"about":[{"href":"https:\/\/www.claret.cat\/es\/wp-json\/wp\/v2\/types\/product"}],"wp:featuredmedia":[{"embeddable":true,"href":"https:\/\/www.claret.cat\/es\/wp-json\/wp\/v2\/media\/121020"}],"wp:attachment":[{"href":"https:\/\/www.claret.cat\/es\/wp-json\/wp\/v2\/media?parent=121019"}],"wp:term":[{"taxonomy":"product_brand","embeddable":true,"href":"https:\/\/www.claret.cat\/es\/wp-json\/wp\/v2\/product_brand?post=121019"},{"taxonomy":"product_cat","embeddable":true,"href":"https:\/\/www.claret.cat\/es\/wp-json\/wp\/v2\/product_cat?post=121019"},{"taxonomy":"product_tag","embeddable":true,"href":"https:\/\/www.claret.cat\/es\/wp-json\/wp\/v2\/product_tag?post=121019"}],"curies":[{"name":"wp","href":"https:\/\/api.w.org\/{rel}","templated":true}]}}