{"id":121064,"date":"2022-10-12T16:26:39","date_gmt":"2022-10-12T14:26:39","guid":{"rendered":"http:\/\/dev.claret.cat\/producte\/atlas-del-viajero-para-amantes-de-la-naturaleza\/"},"modified":"2023-01-28T23:08:17","modified_gmt":"2023-01-28T22:08:17","slug":"atlas-del-viajero-para-amantes-de-la-naturaleza-9789463593052","status":"publish","type":"product","link":"https:\/\/www.claret.cat\/es\/libro\/atlas-del-viajero-para-amantes-de-la-naturaleza-9789463593052\/","title":{"rendered":"ATLAS DEL VIAJERO PARA AMANTES DE LA NATURALEZA"},"content":{"rendered":"<p>En este fant\u00e1stico libro encontrar\u00e1 1000 aventuras de gran envergadura y peque\u00f1as tambi\u00e9n para disfrutar de la naturaleza en cada continente. Desde ver ballenas en el Pac\u00edfico hasta hacer snorkel en la Gran Barrera de Coral. Un libro que no puede faltar en la biblioteca de aquellos a quienes gusta viajar, andar, pasear, ver y oler la naturaleza en estado puro.<\/p>\n","protected":false},"excerpt":{"rendered":"<p>STATHERS, KATH<\/p>\n","protected":false},"featured_media":121065,"template":"","meta":{"_acf_changed":false,"om_disable_all_campaigns":false,"rs_blank_template":"","rs_page_bg_color":"","slide_template_v7":"","inline_featured_image":false,"_monsterinsights_skip_tracking":false,"_monsterinsights_sitenote_active":false,"_monsterinsights_sitenote_note":"","_monsterinsights_sitenote_category":0},"product_brand":[],"product_cat":[105],"product_tag":[],"class_list":{"0":"post-121064","1":"product","2":"type-product","3":"status-publish","4":"has-post-thumbnail","6":"product_cat-regal","8":"first","9":"instock","10":"taxable","11":"shipping-taxable","12":"purchasable","13":"product-type-simple"},"acf":{"editorial":[{"ID":6285,"post_author":"3","post_date":"2022-07-28 17:48:54","post_date_gmt":"2022-07-28 15:48:54","post_content":"","post_title":"Librero IBP","post_excerpt":"","post_status":"publish","comment_status":"closed","ping_status":"closed","post_password":"","post_name":"librero-ibp","to_ping":"","pinged":"","post_modified":"2022-07-28 17:48:54","post_modified_gmt":"2022-07-28 15:48:54","post_content_filtered":"","post_parent":0,"guid":"http:\/\/dev.claret.cat\/editorial\/librero-ibp\/","menu_order":0,"post_type":"editorial","post_mime_type":"","comment_count":"0","filter":"raw"}],"autor":"STATHERS, KATH","codart":"946359305","libros-coleccion":"Viajar","ediciones":"1","encuadernacion":"Carton\u00e9","fecha_de_publicacion":"01\/09\/2019","novedad":"1","paginas":"416","subtitulo":"1000 AVENTURAS PEQUE\u00d1AS Y GRANDES","orden":"0","portada":"0","idioma":"spa","autores-libros":[{"ID":161510,"post_author":"3","post_date":"2022-10-14 17:18:47","post_date_gmt":"2022-10-14 15:18:47","post_content":"","post_title":"KATH STATHERS","post_excerpt":"","post_status":"publish","comment_status":"closed","ping_status":"closed","post_password":"","post_name":"kath-stathers","to_ping":"","pinged":"","post_modified":"2022-10-14 17:18:47","post_modified_gmt":"2022-10-14 15:18:47","post_content_filtered":"","post_parent":0,"guid":"http:\/\/dev.claret.cat\/autor\/kath-stathers\/","menu_order":0,"post_type":"autor","post_mime_type":"","comment_count":"0","filter":"raw"}]},"aioseo_notices":[],"_links":{"self":[{"href":"https:\/\/www.claret.cat\/es\/wp-json\/wp\/v2\/product\/121064","targetHints":{"allow":["GET"]}}],"collection":[{"href":"https:\/\/www.claret.cat\/es\/wp-json\/wp\/v2\/product"}],"about":[{"href":"https:\/\/www.claret.cat\/es\/wp-json\/wp\/v2\/types\/product"}],"wp:featuredmedia":[{"embeddable":true,"href":"https:\/\/www.claret.cat\/es\/wp-json\/wp\/v2\/media\/121065"}],"wp:attachment":[{"href":"https:\/\/www.claret.cat\/es\/wp-json\/wp\/v2\/media?parent=121064"}],"wp:term":[{"taxonomy":"product_brand","embeddable":true,"href":"https:\/\/www.claret.cat\/es\/wp-json\/wp\/v2\/product_brand?post=121064"},{"taxonomy":"product_cat","embeddable":true,"href":"https:\/\/www.claret.cat\/es\/wp-json\/wp\/v2\/product_cat?post=121064"},{"taxonomy":"product_tag","embeddable":true,"href":"https:\/\/www.claret.cat\/es\/wp-json\/wp\/v2\/product_tag?post=121064"}],"curies":[{"name":"wp","href":"https:\/\/api.w.org\/{rel}","templated":true}]}}