{"id":121076,"date":"2022-10-12T16:26:52","date_gmt":"2022-10-12T14:26:52","guid":{"rendered":"http:\/\/dev.claret.cat\/producte\/juego-de-memoria-diferente-automoviles\/"},"modified":"2025-09-03T14:00:26","modified_gmt":"2025-09-03T12:00:26","slug":"juego-de-memoria-diferente-automoviles-9789463593151","status":"publish","type":"product","link":"https:\/\/www.claret.cat\/es\/libro\/juego-de-memoria-diferente-automoviles-9789463593151\/","title":{"rendered":"JUEGO DE MEMORIA DIFERENTE. AUTOM\u00d3VILES"},"content":{"rendered":"<p>En este juego de memoria, los participantes deben formar parejas de autom\u00f3viles de la misma marca. El juego con sus muchos y diferentes modelos, no solo entusiasmar\u00e1 a los amantes de los autom\u00f3viles, sino a toda la familia.<\/p>\n","protected":false},"excerpt":{"rendered":"<p>VVAA<\/p>\n","protected":false},"featured_media":1050085,"template":"","meta":{"_acf_changed":false,"om_disable_all_campaigns":false,"rs_blank_template":"","rs_page_bg_color":"","slide_template_v7":"","inline_featured_image":false,"_monsterinsights_skip_tracking":false,"_monsterinsights_sitenote_active":false,"_monsterinsights_sitenote_note":"","_monsterinsights_sitenote_category":0},"product_brand":[],"product_cat":[90,540,105,555],"product_tag":[],"class_list":{"0":"post-121076","1":"product","2":"type-product","3":"status-publish","4":"has-post-thumbnail","6":"product_cat-altres","7":"product_cat-otros","8":"product_cat-regal","9":"product_cat-regalo","11":"first","12":"instock","13":"taxable","14":"shipping-taxable","15":"purchasable","16":"product-type-simple"},"acf":{"editorial":[{"ID":6285,"post_author":"3","post_date":"2022-07-28 17:48:54","post_date_gmt":"2022-07-28 15:48:54","post_content":"","post_title":"Librero IBP","post_excerpt":"","post_status":"publish","comment_status":"closed","ping_status":"closed","post_password":"","post_name":"librero-ibp","to_ping":"","pinged":"","post_modified":"2022-07-28 17:48:54","post_modified_gmt":"2022-07-28 15:48:54","post_content_filtered":"","post_parent":0,"guid":"http:\/\/dev.claret.cat\/editorial\/librero-ibp\/","menu_order":0,"post_type":"editorial","post_mime_type":"","comment_count":"0","filter":"raw"}],"autor":"VVAA","codart":"946359315","libros-coleccion":"JUEGO DE MEMORIA DIFERENTE","ediciones":"1","encuadernacion":"Carpeta","fecha_de_publicacion":"01\/09\/2019","novedad":"1","paginas":"0","subtitulo":"","orden":"0","portada":"0","idioma":"spa","autores-libros":[{"ID":171204,"post_author":"3","post_date":"2022-10-14 22:41:30","post_date_gmt":"2022-10-14 20:41:30","post_content":"","post_title":"VVAA","post_excerpt":"","post_status":"publish","comment_status":"closed","ping_status":"closed","post_password":"","post_name":"vvaa","to_ping":"","pinged":"","post_modified":"2022-10-14 22:41:30","post_modified_gmt":"2022-10-14 20:41:30","post_content_filtered":"","post_parent":0,"guid":"http:\/\/dev.claret.cat\/autor\/vvaa\/","menu_order":0,"post_type":"autor","post_mime_type":"","comment_count":"0","filter":"raw"}],"booktrailer":"","resenas":""},"aioseo_notices":[],"_links":{"self":[{"href":"https:\/\/www.claret.cat\/es\/wp-json\/wp\/v2\/product\/121076","targetHints":{"allow":["GET"]}}],"collection":[{"href":"https:\/\/www.claret.cat\/es\/wp-json\/wp\/v2\/product"}],"about":[{"href":"https:\/\/www.claret.cat\/es\/wp-json\/wp\/v2\/types\/product"}],"wp:featuredmedia":[{"embeddable":true,"href":"https:\/\/www.claret.cat\/es\/wp-json\/wp\/v2\/media\/1050085"}],"wp:attachment":[{"href":"https:\/\/www.claret.cat\/es\/wp-json\/wp\/v2\/media?parent=121076"}],"wp:term":[{"taxonomy":"product_brand","embeddable":true,"href":"https:\/\/www.claret.cat\/es\/wp-json\/wp\/v2\/product_brand?post=121076"},{"taxonomy":"product_cat","embeddable":true,"href":"https:\/\/www.claret.cat\/es\/wp-json\/wp\/v2\/product_cat?post=121076"},{"taxonomy":"product_tag","embeddable":true,"href":"https:\/\/www.claret.cat\/es\/wp-json\/wp\/v2\/product_tag?post=121076"}],"curies":[{"name":"wp","href":"https:\/\/api.w.org\/{rel}","templated":true}]}}