{"id":121226,"date":"2022-10-12T16:29:09","date_gmt":"2022-10-12T14:29:09","guid":{"rendered":"http:\/\/dev.claret.cat\/producte\/azul-el-arte-de-esther-gili\/"},"modified":"2023-01-28T17:24:28","modified_gmt":"2023-01-28T16:24:28","slug":"azul-el-arte-de-esther-gili-9788467938548","status":"publish","type":"product","link":"https:\/\/www.claret.cat\/es\/libro\/azul-el-arte-de-esther-gili-9788467938548\/","title":{"rendered":"AZUL EL ARTE DE ESTHER GILI"},"content":{"rendered":"<p>Descubre el arte de la ilustradora con m\u00e1s \u00e9xito de nuestro cat\u00e1logo.<br \/>Una visi\u00f3n \u00edntima al arte de Esther Gili, con ilustraciones de distintos estilos, la mayor\u00eda completamente in\u00e9ditas.<\/p>\n","protected":false},"excerpt":{"rendered":"<p>GILI,ESTHER<\/p>\n","protected":false},"featured_media":121227,"template":"","meta":{"_acf_changed":false,"om_disable_all_campaigns":false,"rs_blank_template":"","rs_page_bg_color":"","slide_template_v7":"","inline_featured_image":false,"_monsterinsights_skip_tracking":false,"_monsterinsights_sitenote_active":false,"_monsterinsights_sitenote_note":"","_monsterinsights_sitenote_category":0},"product_brand":[],"product_cat":[110],"product_tag":[],"class_list":{"0":"post-121226","1":"product","2":"type-product","3":"status-publish","4":"has-post-thumbnail","6":"product_cat-art","8":"first","9":"instock","10":"taxable","11":"shipping-taxable","12":"purchasable","13":"product-type-simple"},"acf":{"editorial":[{"ID":6315,"post_author":"3","post_date":"2022-07-28 17:49:33","post_date_gmt":"2022-07-28 15:49:33","post_content":"","post_title":"NORMA EDITORIAL S.A","post_excerpt":"","post_status":"publish","comment_status":"closed","ping_status":"closed","post_password":"","post_name":"norma-editorial-s-a","to_ping":"","pinged":"","post_modified":"2022-07-28 17:49:33","post_modified_gmt":"2022-07-28 15:49:33","post_content_filtered":"","post_parent":0,"guid":"http:\/\/dev.claret.cat\/editorial\/norma-editorial-s-a\/","menu_order":0,"post_type":"editorial","post_mime_type":"","comment_count":"0","filter":"raw"}],"autor":"GILI,ESTHER","codart":"846793854","libros-coleccion":"COMIC","ediciones":"1","encuadernacion":"Carton\u00e9","fecha_de_publicacion":"01\/07\/2019","novedad":"1","paginas":"176","subtitulo":"","orden":"0","portada":"0","idioma":"spa","autores-libros":[{"ID":155436,"post_author":"3","post_date":"2022-10-14 15:12:49","post_date_gmt":"2022-10-14 13:12:49","post_content":"","post_title":"ESTHER GILI","post_excerpt":"","post_status":"publish","comment_status":"closed","ping_status":"closed","post_password":"","post_name":"esther-gili","to_ping":"","pinged":"","post_modified":"2022-10-14 15:12:49","post_modified_gmt":"2022-10-14 13:12:49","post_content_filtered":"","post_parent":0,"guid":"http:\/\/dev.claret.cat\/autor\/esther-gili\/","menu_order":0,"post_type":"autor","post_mime_type":"","comment_count":"0","filter":"raw"}]},"aioseo_notices":[],"_links":{"self":[{"href":"https:\/\/www.claret.cat\/es\/wp-json\/wp\/v2\/product\/121226","targetHints":{"allow":["GET"]}}],"collection":[{"href":"https:\/\/www.claret.cat\/es\/wp-json\/wp\/v2\/product"}],"about":[{"href":"https:\/\/www.claret.cat\/es\/wp-json\/wp\/v2\/types\/product"}],"wp:featuredmedia":[{"embeddable":true,"href":"https:\/\/www.claret.cat\/es\/wp-json\/wp\/v2\/media\/121227"}],"wp:attachment":[{"href":"https:\/\/www.claret.cat\/es\/wp-json\/wp\/v2\/media?parent=121226"}],"wp:term":[{"taxonomy":"product_brand","embeddable":true,"href":"https:\/\/www.claret.cat\/es\/wp-json\/wp\/v2\/product_brand?post=121226"},{"taxonomy":"product_cat","embeddable":true,"href":"https:\/\/www.claret.cat\/es\/wp-json\/wp\/v2\/product_cat?post=121226"},{"taxonomy":"product_tag","embeddable":true,"href":"https:\/\/www.claret.cat\/es\/wp-json\/wp\/v2\/product_tag?post=121226"}],"curies":[{"name":"wp","href":"https:\/\/api.w.org\/{rel}","templated":true}]}}