{"id":12123,"date":"2022-10-01T00:42:21","date_gmt":"2022-09-30T22:42:21","guid":{"rendered":"http:\/\/dev.claret.cat\/producte\/rescat-al-regne-de-la-fantasia\/"},"modified":"2022-10-01T00:42:21","modified_gmt":"2022-09-30T22:42:21","slug":"rescat-al-regne-de-la-fantasia","status":"publish","type":"product","link":"https:\/\/www.claret.cat\/es\/libro\/rescat-al-regne-de-la-fantasia\/","title":{"rendered":"RESCAT AL REGNE DE LA FANTASIA"},"content":{"rendered":"<p>La reina Flordiana ha desaparegut, i amb ella tamb\u00e9 han desaparegut tres objectes m\u00e0gics: el Llibre dels Mil Encanteris, l?Esfera de Cristall i la Vareta Xiuxiuejant. Ser\u00e0 capa\u00e7 el Cavaller Sense M\u00e0cula i Sense Temen\u00e7a de trobar-los i salvar el Regne de la Fantasia? Flordiana est\u00e0 en perill i per rescatar-la haurem d?anar al Pa\u00eds de les Aranyes Invisibles, a l?Imperi dels Dracs de Rob\u00ed, al Regne de les Serps Sibilants i al Pa\u00eds de les Mil Ombres!<\/p>\n","protected":false},"excerpt":{"rendered":"<p>La reina Flordiana ha desaparegut, i amb ella tamb\u00e9 han desaparegut tres objectes m\u00e0gics: el Llibre dels Mil Encanteris, l?Esfera de Cristall i la Vareta Xiuxiuejant. Ser\u00e0 capa\u00e7 el Cavaller Sense M\u00e0cula i Sense Temen\u00e7a de trobar-los i salvar el Regne de la Fantasia? Flordiana est\u00e0 en perill i per rescatar-la haurem d?anar al Pa\u00eds [&hellip;]<\/p>\n","protected":false},"featured_media":0,"template":"","meta":{"_acf_changed":false,"om_disable_all_campaigns":false,"rs_blank_template":"","rs_page_bg_color":"","slide_template_v7":"","inline_featured_image":false,"_monsterinsights_skip_tracking":false,"_monsterinsights_sitenote_active":false,"_monsterinsights_sitenote_note":"","_monsterinsights_sitenote_category":0},"product_brand":[],"product_cat":[16],"product_tag":[],"class_list":{"0":"post-12123","1":"product","2":"type-product","3":"status-publish","5":"product_cat-sense-categoria","7":"first","8":"instock","9":"taxable","10":"shipping-taxable","11":"product-type-simple"},"acf":{"subtitulo":null,"editorial":null,"autor":null,"autores-libros":null,"traductores-libros":null,"ilustradores-libros":null,"fecha_de_publicacion":null,"libros-coleccion":null,"paginas":null,"encuadernacion":null,"ediciones":null,"formato":null,"idioma":null,"linkebook":null,"precioebook":null,"ebookportada":null,"ficha":null,"muestra":null,"presentacion":null,"booktrailer":null,"resenas":null,"codart":null,"portada":null,"orden":null,"novedad":null,"recomendamos":null,"mas_vendido":null},"aioseo_notices":[],"_links":{"self":[{"href":"https:\/\/www.claret.cat\/es\/wp-json\/wp\/v2\/product\/12123","targetHints":{"allow":["GET"]}}],"collection":[{"href":"https:\/\/www.claret.cat\/es\/wp-json\/wp\/v2\/product"}],"about":[{"href":"https:\/\/www.claret.cat\/es\/wp-json\/wp\/v2\/types\/product"}],"wp:attachment":[{"href":"https:\/\/www.claret.cat\/es\/wp-json\/wp\/v2\/media?parent=12123"}],"wp:term":[{"taxonomy":"product_brand","embeddable":true,"href":"https:\/\/www.claret.cat\/es\/wp-json\/wp\/v2\/product_brand?post=12123"},{"taxonomy":"product_cat","embeddable":true,"href":"https:\/\/www.claret.cat\/es\/wp-json\/wp\/v2\/product_cat?post=12123"},{"taxonomy":"product_tag","embeddable":true,"href":"https:\/\/www.claret.cat\/es\/wp-json\/wp\/v2\/product_tag?post=12123"}],"curies":[{"name":"wp","href":"https:\/\/api.w.org\/{rel}","templated":true}]}}