{"id":121310,"date":"2022-10-12T16:30:28","date_gmt":"2022-10-12T14:30:28","guid":{"rendered":"http:\/\/dev.claret.cat\/producte\/el-evangelio-de-mateo\/"},"modified":"2025-11-24T11:54:31","modified_gmt":"2025-11-24T10:54:31","slug":"el-evangelio-de-mateo-un-drama-con-final-feliz-9788490735558","status":"publish","type":"product","link":"https:\/\/www.claret.cat\/es\/libro\/el-evangelio-de-mateo-un-drama-con-final-feliz-9788490735558\/","title":{"rendered":"EL EVANGELIO DE MATEO. UN DRAMA CON FINAL FELIZ"},"content":{"rendered":"<p>Las lecturas dominicales del ciclo A, aunque est\u00e9n tomadas del evangelio de Mateo, no son posibles de compaginar con el proceso dram\u00e1tico del mismo. Pero el hecho de que el primer ciclo se dedique preferentemente a este evangelio anima a conocerlo mejor. La intenci\u00f3n de este comentario es ayudar a descubrir el proceso que llev\u00f3 a Jesucristo hasta la muerte, acompa\u00f1\u00e1ndolo, a veces sin comprender mucho, como los disc\u00edpulos; escandaliz\u00e1ndonos en ciertos momentos, como los fariseos; desconcertados, como las mujeres ante la tumba; cumpliendo, entre dudas y entusiasmo, la misi\u00f3n final que nos encarga, convencidos de que \u00e9l est\u00e1 con nosotros hasta el fin del mundo.<\/p>\n","protected":false},"excerpt":{"rendered":"<p>SICRE D\u00cdAZ, JOS\u00c9 LUIS<\/p>\n","protected":false},"featured_media":1067928,"template":"","meta":{"_acf_changed":false,"om_disable_all_campaigns":false,"rs_blank_template":"","rs_page_bg_color":"","slide_template_v7":"","inline_featured_image":false,"_monsterinsights_skip_tracking":false,"_monsterinsights_sitenote_active":false,"_monsterinsights_sitenote_note":"","_monsterinsights_sitenote_category":0},"product_brand":[],"product_cat":[464,203],"product_tag":[],"class_list":{"0":"post-121310","1":"product","2":"type-product","3":"status-publish","4":"has-post-thumbnail","6":"product_cat-sinopticos","7":"product_cat-sinoptics","9":"first","10":"instock","11":"taxable","12":"shipping-taxable","13":"purchasable","14":"product-type-simple"},"acf":{"editorial":[{"ID":6390,"post_author":"3","post_date":"2022-07-28 17:51:08","post_date_gmt":"2022-07-28 15:51:08","post_content":"","post_title":"VERBO DIVINO","post_excerpt":"","post_status":"publish","comment_status":"closed","ping_status":"closed","post_password":"","post_name":"verbo-divino","to_ping":"","pinged":"","post_modified":"2022-07-28 17:51:08","post_modified_gmt":"2022-07-28 15:51:08","post_content_filtered":"","post_parent":0,"guid":"http:\/\/dev.claret.cat\/editorial\/verbo-divino\/","menu_order":0,"post_type":"editorial","post_mime_type":"","comment_count":"0","filter":"raw"}],"autor":"SICRE D\u00cdAZ, JOS\u00c9 LUIS","codart":"849073555","libros-coleccion":"Estudios B\u00edblicos","ediciones":"1","encuadernacion":"R\u00fastica","fecha_de_publicacion":"15\/11\/2019","novedad":"1","paginas":"496","subtitulo":"UN DRAMA CON FINAL FELIZ","orden":"0","portada":"0","idioma":"spa","autores-libros":[{"ID":160374,"post_author":"3","post_date":"2022-10-14 15:52:33","post_date_gmt":"2022-10-14 13:52:33","post_content":"","post_title":"JOS\u00c9 LUIS SICRE","post_excerpt":"","post_status":"publish","comment_status":"closed","ping_status":"closed","post_password":"","post_name":"jose-luis-sicre","to_ping":"","pinged":"","post_modified":"2022-10-14 15:52:33","post_modified_gmt":"2022-10-14 13:52:33","post_content_filtered":"","post_parent":0,"guid":"http:\/\/dev.claret.cat\/autor\/jose-luis-sicre\/","menu_order":0,"post_type":"autor","post_mime_type":"","comment_count":"0","filter":"raw"}],"booktrailer":"","resenas":""},"aioseo_notices":[],"_links":{"self":[{"href":"https:\/\/www.claret.cat\/es\/wp-json\/wp\/v2\/product\/121310","targetHints":{"allow":["GET"]}}],"collection":[{"href":"https:\/\/www.claret.cat\/es\/wp-json\/wp\/v2\/product"}],"about":[{"href":"https:\/\/www.claret.cat\/es\/wp-json\/wp\/v2\/types\/product"}],"wp:featuredmedia":[{"embeddable":true,"href":"https:\/\/www.claret.cat\/es\/wp-json\/wp\/v2\/media\/1067928"}],"wp:attachment":[{"href":"https:\/\/www.claret.cat\/es\/wp-json\/wp\/v2\/media?parent=121310"}],"wp:term":[{"taxonomy":"product_brand","embeddable":true,"href":"https:\/\/www.claret.cat\/es\/wp-json\/wp\/v2\/product_brand?post=121310"},{"taxonomy":"product_cat","embeddable":true,"href":"https:\/\/www.claret.cat\/es\/wp-json\/wp\/v2\/product_cat?post=121310"},{"taxonomy":"product_tag","embeddable":true,"href":"https:\/\/www.claret.cat\/es\/wp-json\/wp\/v2\/product_tag?post=121310"}],"curies":[{"name":"wp","href":"https:\/\/api.w.org\/{rel}","templated":true}]}}