{"id":12135,"date":"2022-10-01T21:53:30","date_gmt":"2022-10-01T19:53:30","guid":{"rendered":"http:\/\/dev.claret.cat\/producte\/mi-familia\/"},"modified":"2023-01-28T18:40:59","modified_gmt":"2023-01-28T17:40:59","slug":"mi-familia-9788408183242","status":"publish","type":"product","link":"https:\/\/www.claret.cat\/es\/libro\/mi-familia-9788408183242\/","title":{"rendered":"MI FAMILIA"},"content":{"rendered":"<p>Pablo pronto tendr\u00e1 un hermanito, Martina se pregunta por qu\u00e9 ella solo tiene una mam\u00e1 y Juan recuerda cuando le adoptaron&#8230;<br \/>Con las familias pasa lo mismo que con las personas: todas son distintas, no hay dos iguales. Pero todas tienen algo en com\u00fan, aquello que hace que para cada uno de nosotros, nuestra familia sea la mejor del mundo: \u00a1que nos queremos!<br \/>Mi familia es una historia creada con el asesoramiento del equipo m\u00e9dico de Dexeus Mujer e ilustrada por Cristina Losantos. Con ella, los peque\u00f1os lectores se acercar\u00e1n a la variedad de familias con las que conviven cada d\u00eda y descubrir\u00e1n las diferentes formas de concebir un beb\u00e9.<\/p>\n","protected":false},"excerpt":{"rendered":"<p>LOSANTOS, CRISTINA \/ DEXEUS MUJER<\/p>\n","protected":false},"featured_media":70976,"template":"","meta":{"_acf_changed":false,"om_disable_all_campaigns":false,"rs_blank_template":"","rs_page_bg_color":"","slide_template_v7":"","inline_featured_image":false,"_monsterinsights_skip_tracking":false,"_monsterinsights_sitenote_active":false,"_monsterinsights_sitenote_note":"","_monsterinsights_sitenote_category":0},"product_brand":[],"product_cat":[86],"product_tag":[],"class_list":{"0":"post-12135","1":"product","2":"type-product","3":"status-publish","4":"has-post-thumbnail","6":"product_cat-infantil","8":"first","9":"instock","10":"taxable","11":"shipping-taxable","12":"purchasable","13":"product-type-simple"},"acf":{"autor":"LOSANTOS, CRISTINA \/ DEXEUS MUJER","codart":"840818324","libros-coleccion":"Otros t\u00edtulos","ediciones":"1","encuadernacion":"R\u00fastica","fecha_de_publicacion":"01\/03\/2018","novedad":"1","paginas":"64","subtitulo":"","orden":"0","portada":"0","idioma":"spa","editorial":[{"ID":147710,"post_author":"3","post_date":"2022-10-14 11:52:39","post_date_gmt":"2022-10-14 09:52:39","post_content":"","post_title":"Destino Infantil & Juvenil","post_excerpt":"","post_status":"publish","comment_status":"closed","ping_status":"closed","post_password":"","post_name":"destino-infantil-juvenil","to_ping":"","pinged":"","post_modified":"2022-10-14 11:52:39","post_modified_gmt":"2022-10-14 09:52:39","post_content_filtered":"","post_parent":0,"guid":"http:\/\/dev.claret.cat\/editorial\/destino-infantil-juvenil\/","menu_order":0,"post_type":"editorial","post_mime_type":"","comment_count":"0","filter":"raw"}],"autores-libros":[{"ID":154111,"post_author":"3","post_date":"2022-10-14 15:02:11","post_date_gmt":"2022-10-14 13:02:11","post_content":"","post_title":"DEXEUS MUJER","post_excerpt":"","post_status":"publish","comment_status":"closed","ping_status":"closed","post_password":"","post_name":"dexeus-mujer","to_ping":"","pinged":"","post_modified":"2022-10-14 15:02:11","post_modified_gmt":"2022-10-14 13:02:11","post_content_filtered":"","post_parent":0,"guid":"http:\/\/dev.claret.cat\/autor\/dexeus-mujer\/","menu_order":0,"post_type":"autor","post_mime_type":"","comment_count":"0","filter":"raw"},{"ID":153364,"post_author":"3","post_date":"2022-10-14 14:56:11","post_date_gmt":"2022-10-14 12:56:11","post_content":"","post_title":"CRISTINA LOSANTOS","post_excerpt":"","post_status":"publish","comment_status":"closed","ping_status":"closed","post_password":"","post_name":"cristina-losantos","to_ping":"","pinged":"","post_modified":"2022-10-14 14:56:11","post_modified_gmt":"2022-10-14 12:56:11","post_content_filtered":"","post_parent":0,"guid":"http:\/\/dev.claret.cat\/autor\/cristina-losantos\/","menu_order":0,"post_type":"autor","post_mime_type":"","comment_count":"0","filter":"raw"}]},"aioseo_notices":[],"_links":{"self":[{"href":"https:\/\/www.claret.cat\/es\/wp-json\/wp\/v2\/product\/12135","targetHints":{"allow":["GET"]}}],"collection":[{"href":"https:\/\/www.claret.cat\/es\/wp-json\/wp\/v2\/product"}],"about":[{"href":"https:\/\/www.claret.cat\/es\/wp-json\/wp\/v2\/types\/product"}],"wp:featuredmedia":[{"embeddable":true,"href":"https:\/\/www.claret.cat\/es\/wp-json\/wp\/v2\/media\/70976"}],"wp:attachment":[{"href":"https:\/\/www.claret.cat\/es\/wp-json\/wp\/v2\/media?parent=12135"}],"wp:term":[{"taxonomy":"product_brand","embeddable":true,"href":"https:\/\/www.claret.cat\/es\/wp-json\/wp\/v2\/product_brand?post=12135"},{"taxonomy":"product_cat","embeddable":true,"href":"https:\/\/www.claret.cat\/es\/wp-json\/wp\/v2\/product_cat?post=12135"},{"taxonomy":"product_tag","embeddable":true,"href":"https:\/\/www.claret.cat\/es\/wp-json\/wp\/v2\/product_tag?post=12135"}],"curies":[{"name":"wp","href":"https:\/\/api.w.org\/{rel}","templated":true}]}}