{"id":121382,"date":"2022-10-12T16:31:37","date_gmt":"2022-10-12T14:31:37","guid":{"rendered":"http:\/\/dev.claret.cat\/producte\/no-te-rindas\/"},"modified":"2025-02-04T18:06:09","modified_gmt":"2025-02-04T17:06:09","slug":"no-te-rindas-9788490569672","status":"publish","type":"product","link":"https:\/\/www.claret.cat\/es\/libro\/no-te-rindas-9788490569672\/","title":{"rendered":"NO TE RINDAS"},"content":{"rendered":"<p>LA VERDAD OCULTA ES SIEMPRE ESTREMECEDORA En el \u00faltimo curso de instituto, Napoleon Dumas perdi\u00f3 a su hermano gemelo en un tr\u00e1gico accidente. Mientras paseaba con su novia, ambos adolescentes fueron arrollados por un tren. Pocos d\u00edas despu\u00e9s, Maura Wells, el gran amor de Napoleon, desapareci\u00f3 sin dejar rastro. \u00c9l siempre ha cre\u00eddo que los dos sucesos estaban relacionados. Quince a\u00f1os despu\u00e9s, cuando ya es polic\u00eda de la localidad en la que creci\u00f3, aparecen las huellas de Maura en el escenario de un asesinato. Es la pista que estaba esperando para intentar atar todos los cabos sueltos de su vida.<\/p>\n","protected":false},"excerpt":{"rendered":"<p>COBEN HARLAN<\/p>\n","protected":false},"featured_media":121383,"template":"","meta":{"_acf_changed":false,"om_disable_all_campaigns":false,"rs_blank_template":"","rs_page_bg_color":"","slide_template_v7":"","inline_featured_image":false,"_monsterinsights_skip_tracking":false,"_monsterinsights_sitenote_active":false,"_monsterinsights_sitenote_note":"","_monsterinsights_sitenote_category":0},"product_brand":[],"product_cat":[127,357],"product_tag":[],"class_list":{"0":"post-121382","1":"product","2":"type-product","3":"status-publish","4":"has-post-thumbnail","6":"product_cat-novella-contemporania","7":"product_cat-novela-contemporanea","9":"first","10":"instock","11":"taxable","12":"shipping-taxable","13":"purchasable","14":"product-type-simple"},"acf":{"editorial":[{"ID":148737,"post_author":"3","post_date":"2022-10-14 12:00:35","post_date_gmt":"2022-10-14 10:00:35","post_content":"","post_title":"RBA Libros","post_excerpt":"","post_status":"publish","comment_status":"closed","ping_status":"closed","post_password":"","post_name":"rba-libros","to_ping":"","pinged":"","post_modified":"2022-10-14 12:00:35","post_modified_gmt":"2022-10-14 10:00:35","post_content_filtered":"","post_parent":0,"guid":"http:\/\/dev.claret.cat\/editorial\/rba-libros\/","menu_order":0,"post_type":"editorial","post_mime_type":"","comment_count":"0","filter":"raw"}],"autor":"COBEN HARLAN","codart":"849056967","libros-coleccion":"NOVELA POLIC\u00cdACA BIB","ediciones":"1","encuadernacion":"Carton\u00e9","fecha_de_publicacion":"01\/11\/2019","novedad":"1","paginas":"384","subtitulo":"","orden":"0","portada":"0","idioma":"spa","autores-libros":[{"ID":153143,"post_author":"3","post_date":"2022-10-14 14:54:25","post_date_gmt":"2022-10-14 12:54:25","post_content":"","post_title":"COBEN HARLAN","post_excerpt":"","post_status":"publish","comment_status":"closed","ping_status":"closed","post_password":"","post_name":"coben-harlan","to_ping":"","pinged":"","post_modified":"2022-10-14 14:54:25","post_modified_gmt":"2022-10-14 12:54:25","post_content_filtered":"","post_parent":0,"guid":"http:\/\/dev.claret.cat\/autor\/coben-harlan\/","menu_order":0,"post_type":"autor","post_mime_type":"","comment_count":"0","filter":"raw"}]},"aioseo_notices":[],"_links":{"self":[{"href":"https:\/\/www.claret.cat\/es\/wp-json\/wp\/v2\/product\/121382","targetHints":{"allow":["GET"]}}],"collection":[{"href":"https:\/\/www.claret.cat\/es\/wp-json\/wp\/v2\/product"}],"about":[{"href":"https:\/\/www.claret.cat\/es\/wp-json\/wp\/v2\/types\/product"}],"wp:featuredmedia":[{"embeddable":true,"href":"https:\/\/www.claret.cat\/es\/wp-json\/wp\/v2\/media\/121383"}],"wp:attachment":[{"href":"https:\/\/www.claret.cat\/es\/wp-json\/wp\/v2\/media?parent=121382"}],"wp:term":[{"taxonomy":"product_brand","embeddable":true,"href":"https:\/\/www.claret.cat\/es\/wp-json\/wp\/v2\/product_brand?post=121382"},{"taxonomy":"product_cat","embeddable":true,"href":"https:\/\/www.claret.cat\/es\/wp-json\/wp\/v2\/product_cat?post=121382"},{"taxonomy":"product_tag","embeddable":true,"href":"https:\/\/www.claret.cat\/es\/wp-json\/wp\/v2\/product_tag?post=121382"}],"curies":[{"name":"wp","href":"https:\/\/api.w.org\/{rel}","templated":true}]}}