{"id":121391,"date":"2022-10-12T16:31:45","date_gmt":"2022-10-12T14:31:45","guid":{"rendered":"http:\/\/dev.claret.cat\/producte\/empieza-con-un-punto\/"},"modified":"2025-04-07T12:29:24","modified_gmt":"2025-04-07T10:29:24","slug":"empieza-con-un-punto-9788427214996","status":"publish","type":"product","link":"https:\/\/www.claret.cat\/es\/libro\/empieza-con-un-punto-9788427214996\/","title":{"rendered":"EMPIEZA CON UN PUNTO"},"content":{"rendered":"<p>Inspirado en su \u00e1lbum de \u00e9xito internacional El punto, Peter H. Reynolds nos gu\u00eda en un viaje hacia la creatividad anim\u00e1ndonos a encontrar el placer en lo sencillo: puntos peque\u00f1os, puntos grandes, puntos de colores, puntos ordenados y puntos desperdigados que gracias a los sencillos ejercicios de dibujo de Reynolds nos ayudar\u00e1n a relajarnos, a dejar que fluya la creatividad e incluso a superar el exceso de perfeccionismo. Tanto si eres un principiante que necesita un empujoncito como si eres un experto que necesita una buena dosis de imaginaci\u00f3n para refrescarse y renovarse&#8230; este cuaderno es para ti. SI SABES DIBUJAR UN PUNTO, EST\u00c1S LISTO PARA EMPEZAR ESTE VIAJE A LA CREATIVIDAD.<\/p>\n","protected":false},"excerpt":{"rendered":"<p>REYNOLDS PETER H.<\/p>\n","protected":false},"featured_media":121392,"template":"","meta":{"_acf_changed":false,"om_disable_all_campaigns":false,"rs_blank_template":"","rs_page_bg_color":"","slide_template_v7":"","inline_featured_image":false,"_monsterinsights_skip_tracking":false,"_monsterinsights_sitenote_active":false,"_monsterinsights_sitenote_note":"","_monsterinsights_sitenote_category":0},"product_brand":[],"product_cat":[551,101],"product_tag":[],"class_list":{"0":"post-121391","1":"product","2":"type-product","3":"status-publish","4":"has-post-thumbnail","6":"product_cat-manualidades","7":"product_cat-manualitats","9":"first","10":"instock","11":"taxable","12":"shipping-taxable","13":"purchasable","14":"product-type-simple"},"acf":{"editorial":[{"ID":6346,"post_author":"3","post_date":"2022-07-28 17:50:13","post_date_gmt":"2022-07-28 15:50:13","post_content":"","post_title":"RBA Molino","post_excerpt":"","post_status":"publish","comment_status":"closed","ping_status":"closed","post_password":"","post_name":"rba-molino","to_ping":"","pinged":"","post_modified":"2022-07-28 17:50:13","post_modified_gmt":"2022-07-28 15:50:13","post_content_filtered":"","post_parent":0,"guid":"http:\/\/dev.claret.cat\/editorial\/rba-molino\/","menu_order":0,"post_type":"editorial","post_mime_type":"","comment_count":"0","filter":"raw"}],"autor":"REYNOLDS PETER H.","codart":"842721499","libros-coleccion":"COFRE ENCANTADO","ediciones":"1","encuadernacion":"R\u00fastica","fecha_de_publicacion":"01\/11\/2019","novedad":"1","paginas":"160","subtitulo":"","orden":"0","portada":"0","idioma":"spa","autores-libros":[{"ID":168008,"post_author":"3","post_date":"2022-10-14 18:15:47","post_date_gmt":"2022-10-14 16:15:47","post_content":"","post_title":"REYNOLDS PETER H.","post_excerpt":"","post_status":"publish","comment_status":"closed","ping_status":"closed","post_password":"","post_name":"reynolds-peter-h","to_ping":"","pinged":"","post_modified":"2022-10-14 18:15:47","post_modified_gmt":"2022-10-14 16:15:47","post_content_filtered":"","post_parent":0,"guid":"http:\/\/dev.claret.cat\/autor\/reynolds-peter-h\/","menu_order":0,"post_type":"autor","post_mime_type":"","comment_count":"0","filter":"raw"}]},"aioseo_notices":[],"_links":{"self":[{"href":"https:\/\/www.claret.cat\/es\/wp-json\/wp\/v2\/product\/121391","targetHints":{"allow":["GET"]}}],"collection":[{"href":"https:\/\/www.claret.cat\/es\/wp-json\/wp\/v2\/product"}],"about":[{"href":"https:\/\/www.claret.cat\/es\/wp-json\/wp\/v2\/types\/product"}],"wp:featuredmedia":[{"embeddable":true,"href":"https:\/\/www.claret.cat\/es\/wp-json\/wp\/v2\/media\/121392"}],"wp:attachment":[{"href":"https:\/\/www.claret.cat\/es\/wp-json\/wp\/v2\/media?parent=121391"}],"wp:term":[{"taxonomy":"product_brand","embeddable":true,"href":"https:\/\/www.claret.cat\/es\/wp-json\/wp\/v2\/product_brand?post=121391"},{"taxonomy":"product_cat","embeddable":true,"href":"https:\/\/www.claret.cat\/es\/wp-json\/wp\/v2\/product_cat?post=121391"},{"taxonomy":"product_tag","embeddable":true,"href":"https:\/\/www.claret.cat\/es\/wp-json\/wp\/v2\/product_tag?post=121391"}],"curies":[{"name":"wp","href":"https:\/\/api.w.org\/{rel}","templated":true}]}}