{"id":121409,"date":"2022-10-12T16:32:01","date_gmt":"2022-10-12T14:32:01","guid":{"rendered":"http:\/\/dev.claret.cat\/producte\/assassins-creed-la-cruzada-secreta\/"},"modified":"2023-01-28T16:55:46","modified_gmt":"2023-01-28T15:55:46","slug":"assassins-creed-la-cruzada-secreta-9788445007792","status":"publish","type":"product","link":"https:\/\/www.claret.cat\/es\/libro\/assassins-creed-la-cruzada-secreta-9788445007792\/","title":{"rendered":"ASSASSIN&#8221;S CREED. LA CRUZADA SECRETA"},"content":{"rendered":"<p>El padre de Marco Polo, Nicol\u00e1s, est\u00e1 a punto de revelar la historia de Alta\u00efr, uno de los mejores Assassins de la Hermandad. Alta\u00efr se embarca en una misi\u00f3n que le lleva por Tierra Santa y le muestra el verdadero significado del Credo de los Assassins. Para demostrar su compromiso, Alta\u00efr debe derrotar a nueve enemigos mortales, incluido el l\u00edder templario, Robert de Sabl\u00e9. <\/p>\n<p>Por primera vez, se cuenta la vida de Alta\u00efr: un viaje que cambiar\u00e1 el curso de la historia; su batalla continua con la conspiraci\u00f3n templaria; una vida familiar tan tr\u00e1gica como reveladora y la m\u00e1xima traici\u00f3n de un viejo amigo.<\/p>\n","protected":false},"excerpt":{"rendered":"<p>BOWDEN, OLIVER<\/p>\n","protected":false},"featured_media":121410,"template":"","meta":{"_acf_changed":false,"om_disable_all_campaigns":false,"rs_blank_template":"","rs_page_bg_color":"","slide_template_v7":"","inline_featured_image":false,"_monsterinsights_skip_tracking":false,"_monsterinsights_sitenote_active":false,"_monsterinsights_sitenote_note":"","_monsterinsights_sitenote_category":0},"product_brand":[],"product_cat":[115],"product_tag":[],"class_list":{"0":"post-121409","1":"product","2":"type-product","3":"status-publish","4":"has-post-thumbnail","6":"product_cat-videojocs","8":"first","9":"instock","10":"taxable","11":"shipping-taxable","12":"purchasable","13":"product-type-simple"},"acf":{"editorial":[{"ID":6308,"post_author":"3","post_date":"2022-07-28 17:49:24","post_date_gmt":"2022-07-28 15:49:24","post_content":"","post_title":"Minotauro","post_excerpt":"","post_status":"publish","comment_status":"closed","ping_status":"closed","post_password":"","post_name":"minotauro","to_ping":"","pinged":"","post_modified":"2022-07-28 17:49:24","post_modified_gmt":"2022-07-28 15:49:24","post_content_filtered":"","post_parent":0,"guid":"http:\/\/dev.claret.cat\/editorial\/minotauro\/","menu_order":0,"post_type":"editorial","post_mime_type":"","comment_count":"0","filter":"raw"}],"autor":"BOWDEN, OLIVER","codart":"844500779","libros-coleccion":"Cl\u00e1sicos Minotauro","ediciones":"1","encuadernacion":"R\u00fastica","fecha_de_publicacion":"01\/11\/2019","novedad":"1","paginas":"0","subtitulo":"","orden":"0","portada":"0","idioma":"spa","autores-libros":[{"ID":166169,"post_author":"3","post_date":"2022-10-14 18:00:59","post_date_gmt":"2022-10-14 16:00:59","post_content":"","post_title":"OLIVER BOWDEN","post_excerpt":"","post_status":"publish","comment_status":"closed","ping_status":"closed","post_password":"","post_name":"oliver-bowden","to_ping":"","pinged":"","post_modified":"2022-10-14 18:00:59","post_modified_gmt":"2022-10-14 16:00:59","post_content_filtered":"","post_parent":0,"guid":"http:\/\/dev.claret.cat\/autor\/oliver-bowden\/","menu_order":0,"post_type":"autor","post_mime_type":"","comment_count":"0","filter":"raw"}]},"aioseo_notices":[],"_links":{"self":[{"href":"https:\/\/www.claret.cat\/es\/wp-json\/wp\/v2\/product\/121409","targetHints":{"allow":["GET"]}}],"collection":[{"href":"https:\/\/www.claret.cat\/es\/wp-json\/wp\/v2\/product"}],"about":[{"href":"https:\/\/www.claret.cat\/es\/wp-json\/wp\/v2\/types\/product"}],"wp:featuredmedia":[{"embeddable":true,"href":"https:\/\/www.claret.cat\/es\/wp-json\/wp\/v2\/media\/121410"}],"wp:attachment":[{"href":"https:\/\/www.claret.cat\/es\/wp-json\/wp\/v2\/media?parent=121409"}],"wp:term":[{"taxonomy":"product_brand","embeddable":true,"href":"https:\/\/www.claret.cat\/es\/wp-json\/wp\/v2\/product_brand?post=121409"},{"taxonomy":"product_cat","embeddable":true,"href":"https:\/\/www.claret.cat\/es\/wp-json\/wp\/v2\/product_cat?post=121409"},{"taxonomy":"product_tag","embeddable":true,"href":"https:\/\/www.claret.cat\/es\/wp-json\/wp\/v2\/product_tag?post=121409"}],"curies":[{"name":"wp","href":"https:\/\/api.w.org\/{rel}","templated":true}]}}