{"id":121508,"date":"2022-10-12T16:33:33","date_gmt":"2022-10-12T14:33:33","guid":{"rendered":"http:\/\/dev.claret.cat\/producte\/pepitas-de-oro-ana-frank\/"},"modified":"2023-01-28T20:55:39","modified_gmt":"2023-01-28T19:55:39","slug":"pepitas-de-oro-ana-frank-9788448853914","status":"publish","type":"product","link":"https:\/\/www.claret.cat\/es\/libro\/pepitas-de-oro-ana-frank-9788448853914\/","title":{"rendered":"PEPITAS DE ORO. ANA FRANK"},"content":{"rendered":"<p>Un libro que conmemora la vida de Ana Frank en el aniversario de su nacimiento. Todos en alg\u00fan momento escribimos nuestros sue\u00f1os y sentimientos en un  diario. Ana Frank no era la excepci\u00f3n y, mientras hu\u00eda de los nazis, oculta durante a\u00f1os en un peque\u00f1o escondite, escribi\u00f3 el que ser\u00eda el diario m\u00e1s famoso de la historia. \u00a1Se han vendido m\u00e1s   de 30 millones de copias por todo el mundo! So\u00f1adora, risue\u00f1a, parlanchina y contestona, Ana so\u00f1aba con ser  escritora y que la leyera todo el mundo. Y, aunque no logr\u00f3 escapar  de  los nazis, este sue\u00f1o se hizo realidad y ahora todos conocemos su nombre.<\/p>\n","protected":false},"excerpt":{"rendered":"<p>BUSTOS, MIGUEL \/ DOM\u00cdNGUEZ, DAVID<\/p>\n","protected":false},"featured_media":121509,"template":"","meta":{"_acf_changed":false,"om_disable_all_campaigns":false,"rs_blank_template":"","rs_page_bg_color":"","slide_template_v7":"","inline_featured_image":false,"_monsterinsights_skip_tracking":false,"_monsterinsights_sitenote_active":false,"_monsterinsights_sitenote_note":"","_monsterinsights_sitenote_category":0},"product_brand":[],"product_cat":[131],"product_tag":[],"class_list":{"0":"post-121508","1":"product","2":"type-product","3":"status-publish","4":"has-post-thumbnail","6":"product_cat-contes-per-infants-0-6-anys","8":"first","9":"instock","10":"taxable","11":"shipping-taxable","12":"purchasable","13":"product-type-simple"},"acf":{"editorial":[{"ID":6141,"post_author":"3","post_date":"2022-07-28 17:45:46","post_date_gmt":"2022-07-28 15:45:46","post_content":"","post_title":"BEASCOA","post_excerpt":"","post_status":"publish","comment_status":"closed","ping_status":"closed","post_password":"","post_name":"beascoa","to_ping":"","pinged":"","post_modified":"2022-07-28 17:45:46","post_modified_gmt":"2022-07-28 15:45:46","post_content_filtered":"","post_parent":0,"guid":"http:\/\/dev.claret.cat\/editorial\/beascoa\/","menu_order":0,"post_type":"editorial","post_mime_type":"","comment_count":"0","filter":"raw"}],"autor":"BUSTOS, MIGUEL \/ DOM\u00cdNGUEZ, DAVID","codart":"844885391","libros-coleccion":"Descubre el mundo y la Historia","ediciones":"1","encuadernacion":"Carton\u00e9","fecha_de_publicacion":"01\/11\/2019","novedad":"1","paginas":"0","subtitulo":"","orden":"0","portada":"0","idioma":"spa","autores-libros":[{"ID":164965,"post_author":"3","post_date":"2022-10-14 17:51:18","post_date_gmt":"2022-10-14 15:51:18","post_content":"","post_title":"MIGUEL BUSTOS","post_excerpt":"","post_status":"publish","comment_status":"closed","ping_status":"closed","post_password":"","post_name":"miguel-bustos","to_ping":"","pinged":"","post_modified":"2022-10-14 17:51:18","post_modified_gmt":"2022-10-14 15:51:18","post_content_filtered":"","post_parent":0,"guid":"http:\/\/dev.claret.cat\/autor\/miguel-bustos\/","menu_order":0,"post_type":"autor","post_mime_type":"","comment_count":"0","filter":"raw"},{"ID":153798,"post_author":"3","post_date":"2022-10-14 14:59:37","post_date_gmt":"2022-10-14 12:59:37","post_content":"","post_title":"DAVID DOM\u00cdNGUEZ","post_excerpt":"","post_status":"publish","comment_status":"closed","ping_status":"closed","post_password":"","post_name":"david-dominguez","to_ping":"","pinged":"","post_modified":"2022-10-14 14:59:37","post_modified_gmt":"2022-10-14 12:59:37","post_content_filtered":"","post_parent":0,"guid":"http:\/\/dev.claret.cat\/autor\/david-dominguez\/","menu_order":0,"post_type":"autor","post_mime_type":"","comment_count":"0","filter":"raw"}]},"aioseo_notices":[],"_links":{"self":[{"href":"https:\/\/www.claret.cat\/es\/wp-json\/wp\/v2\/product\/121508","targetHints":{"allow":["GET"]}}],"collection":[{"href":"https:\/\/www.claret.cat\/es\/wp-json\/wp\/v2\/product"}],"about":[{"href":"https:\/\/www.claret.cat\/es\/wp-json\/wp\/v2\/types\/product"}],"wp:featuredmedia":[{"embeddable":true,"href":"https:\/\/www.claret.cat\/es\/wp-json\/wp\/v2\/media\/121509"}],"wp:attachment":[{"href":"https:\/\/www.claret.cat\/es\/wp-json\/wp\/v2\/media?parent=121508"}],"wp:term":[{"taxonomy":"product_brand","embeddable":true,"href":"https:\/\/www.claret.cat\/es\/wp-json\/wp\/v2\/product_brand?post=121508"},{"taxonomy":"product_cat","embeddable":true,"href":"https:\/\/www.claret.cat\/es\/wp-json\/wp\/v2\/product_cat?post=121508"},{"taxonomy":"product_tag","embeddable":true,"href":"https:\/\/www.claret.cat\/es\/wp-json\/wp\/v2\/product_tag?post=121508"}],"curies":[{"name":"wp","href":"https:\/\/api.w.org\/{rel}","templated":true}]}}