{"id":121523,"date":"2022-10-12T16:33:47","date_gmt":"2022-10-12T14:33:47","guid":{"rendered":"http:\/\/dev.claret.cat\/producte\/laisha-i-els-salvavides\/"},"modified":"2023-01-28T20:38:48","modified_gmt":"2023-01-28T19:38:48","slug":"laisha-i-els-salvavides-9788417667931","status":"publish","type":"product","link":"https:\/\/www.claret.cat\/es\/libro\/laisha-i-els-salvavides-9788417667931\/","title":{"rendered":"L&#8217;AISHA I ELS SALVAVIDES"},"content":{"rendered":"<p>L&#8221;Aisha, l&#8221;Unai, el Pau i la Indira es disposen a passar un dia d&#8221;aventures i exploraci\u00f3 a la muntanya, quan t\u00e9 lloc un succ\u00e9s inesperat: el Miguel, el pare de la Indira i el Pau, pateix una emerg\u00e8ncia vital. De manera immediata i coordinada, i sota el lideratge de la petita Aisha, els nens miren d&#8221;aplicar tots els coneixements que han apr\u00e8s sobre reanimaci\u00f3 cardiopulmonar per salvar la vida del Miguel.<br \/> L&#8221;Aisha i els salvavides pret\u00e9n transmetre a la poblaci\u00f3 infantil, d&#8221;una manera propera, una s\u00e8rie de conceptes relacionats amb el suport vital b\u00e0sic: recon\u00e8ixer una situaci\u00f3 d&#8221;emerg\u00e8ncia i com actuar un cop s&#8221;ha reconegut, con\u00e8ixer el n\u00famero internacional d&#8221;emerg\u00e8ncies 112 i identificar quan cal iniciar maniobres de suport vital b\u00e0sic.<\/p>\n","protected":false},"excerpt":{"rendered":"<p>PORTIRO MARI\u00d1O, LUC\u00cdA<\/p>\n","protected":false},"featured_media":269357,"template":"","meta":{"_acf_changed":false,"om_disable_all_campaigns":false,"rs_blank_template":"","rs_page_bg_color":"","slide_template_v7":"","inline_featured_image":false,"_monsterinsights_skip_tracking":false,"_monsterinsights_sitenote_active":false,"_monsterinsights_sitenote_note":"","_monsterinsights_sitenote_category":0},"product_brand":[],"product_cat":[131,361],"product_tag":[],"class_list":{"0":"post-121523","1":"product","2":"type-product","3":"status-publish","4":"has-post-thumbnail","6":"product_cat-contes-per-infants-0-6-anys","7":"product_cat-cuentos-para-ninos-0-6-anos","9":"first","10":"instock","11":"taxable","12":"shipping-taxable","13":"purchasable","14":"product-type-simple"},"acf":{"autor":"PORTIRO MARI\u00d1O, LUC\u00cdA","codart":"841766793","libros-coleccion":"Contes infantils","ediciones":"1","encuadernacion":"R\u00fastica","fecha_de_publicacion":"01\/10\/2019","novedad":"1","paginas":"30","subtitulo":"","orden":"0","portada":"0","idioma":"cat","editorial":[{"ID":148014,"post_author":"3","post_date":"2022-10-14 11:54:58","post_date_gmt":"2022-10-14 09:54:58","post_content":"","post_title":"Editorial Octaedro","post_excerpt":"","post_status":"publish","comment_status":"closed","ping_status":"closed","post_password":"","post_name":"editorial-octaedro","to_ping":"","pinged":"","post_modified":"2022-10-14 11:54:58","post_modified_gmt":"2022-10-14 09:54:58","post_content_filtered":"","post_parent":0,"guid":"http:\/\/dev.claret.cat\/editorial\/editorial-octaedro\/","menu_order":0,"post_type":"editorial","post_mime_type":"","comment_count":"0","filter":"raw"}],"autores-libros":[{"ID":162589,"post_author":"3","post_date":"2022-10-14 17:32:13","post_date_gmt":"2022-10-14 15:32:13","post_content":"","post_title":"LUC\u00cdA PORTIRO MARI\u00d1O","post_excerpt":"","post_status":"publish","comment_status":"closed","ping_status":"closed","post_password":"","post_name":"lucia-portiro-marino","to_ping":"","pinged":"","post_modified":"2022-10-14 17:32:13","post_modified_gmt":"2022-10-14 15:32:13","post_content_filtered":"","post_parent":0,"guid":"http:\/\/dev.claret.cat\/autor\/lucia-portiro-marino\/","menu_order":0,"post_type":"autor","post_mime_type":"","comment_count":"0","filter":"raw"}]},"aioseo_notices":[],"_links":{"self":[{"href":"https:\/\/www.claret.cat\/es\/wp-json\/wp\/v2\/product\/121523","targetHints":{"allow":["GET"]}}],"collection":[{"href":"https:\/\/www.claret.cat\/es\/wp-json\/wp\/v2\/product"}],"about":[{"href":"https:\/\/www.claret.cat\/es\/wp-json\/wp\/v2\/types\/product"}],"wp:featuredmedia":[{"embeddable":true,"href":"https:\/\/www.claret.cat\/es\/wp-json\/wp\/v2\/media\/269357"}],"wp:attachment":[{"href":"https:\/\/www.claret.cat\/es\/wp-json\/wp\/v2\/media?parent=121523"}],"wp:term":[{"taxonomy":"product_brand","embeddable":true,"href":"https:\/\/www.claret.cat\/es\/wp-json\/wp\/v2\/product_brand?post=121523"},{"taxonomy":"product_cat","embeddable":true,"href":"https:\/\/www.claret.cat\/es\/wp-json\/wp\/v2\/product_cat?post=121523"},{"taxonomy":"product_tag","embeddable":true,"href":"https:\/\/www.claret.cat\/es\/wp-json\/wp\/v2\/product_tag?post=121523"}],"curies":[{"name":"wp","href":"https:\/\/api.w.org\/{rel}","templated":true}]}}