{"id":121571,"date":"2022-10-12T16:34:32","date_gmt":"2022-10-12T14:34:32","guid":{"rendered":"http:\/\/dev.claret.cat\/producte\/preparats-llestos-a-somiar\/"},"modified":"2023-01-28T22:20:54","modified_gmt":"2023-01-28T21:20:54","slug":"preparats-llestos-a-somiar-9788417667702","status":"publish","type":"product","link":"https:\/\/www.claret.cat\/es\/libro\/preparats-llestos-a-somiar-9788417667702\/","title":{"rendered":"PREPARATS, LLESTOS, A SOMIAR!"},"content":{"rendered":"<p>La Noa, una petita exploradora amant dels animals, ha emmalaltit i ha d&#8221;anar al quir\u00f2fan perqu\u00e8 la puguin curar, per\u00f2 est\u00e0 molt espantada.<br \/> Per posar fi a aquestes pors, compta amb la Lua, la seva metgessa anestesi\u00f2loga. Ser\u00e0 capa\u00e7, la Lua, amb l&#8221;ajuda del d\u00e9u dels somnis, Morfeu, de regalar-li a la Noa un viatge de somni al voltant del m\u00f3n i fer que s&#8221;esvaeixin aquests temors?<br \/> Preparats, llestos, a somiar! \u00e9s un viatge a trav\u00e9s del m\u00f3n dels somnis. Una experi\u00e8ncia fant\u00e0stica i educativa que t\u00e9 l&#8221;objectiu de mirar d&#8221;eliminar la por i l&#8221;ansietat que presenten els nens i nenes quan s&#8221;han de sotmetre a una intervenci\u00f3 quir\u00fargica.<\/p>\n","protected":false},"excerpt":{"rendered":"<p>PORTIRO MARI\u00d1O, LUC\u00cdA<\/p>\n","protected":false},"featured_media":269355,"template":"","meta":{"_acf_changed":false,"om_disable_all_campaigns":false,"rs_blank_template":"","rs_page_bg_color":"","slide_template_v7":"","inline_featured_image":false,"_monsterinsights_skip_tracking":false,"_monsterinsights_sitenote_active":false,"_monsterinsights_sitenote_note":"","_monsterinsights_sitenote_category":0},"product_brand":[],"product_cat":[131,361],"product_tag":[],"class_list":{"0":"post-121571","1":"product","2":"type-product","3":"status-publish","4":"has-post-thumbnail","6":"product_cat-contes-per-infants-0-6-anys","7":"product_cat-cuentos-para-ninos-0-6-anos","9":"first","10":"instock","11":"taxable","12":"shipping-taxable","13":"purchasable","14":"product-type-simple"},"acf":{"autor":"PORTIRO MARI\u00d1O, LUC\u00cdA","codart":"841766770","libros-coleccion":"Contes infantils","ediciones":"1","encuadernacion":"R\u00fastica","fecha_de_publicacion":"01\/10\/2019","novedad":"1","paginas":"34","subtitulo":"","orden":"0","portada":"0","idioma":"cat","editorial":[{"ID":148014,"post_author":"3","post_date":"2022-10-14 11:54:58","post_date_gmt":"2022-10-14 09:54:58","post_content":"","post_title":"Editorial Octaedro","post_excerpt":"","post_status":"publish","comment_status":"closed","ping_status":"closed","post_password":"","post_name":"editorial-octaedro","to_ping":"","pinged":"","post_modified":"2022-10-14 11:54:58","post_modified_gmt":"2022-10-14 09:54:58","post_content_filtered":"","post_parent":0,"guid":"http:\/\/dev.claret.cat\/editorial\/editorial-octaedro\/","menu_order":0,"post_type":"editorial","post_mime_type":"","comment_count":"0","filter":"raw"}],"autores-libros":[{"ID":162589,"post_author":"3","post_date":"2022-10-14 17:32:13","post_date_gmt":"2022-10-14 15:32:13","post_content":"","post_title":"LUC\u00cdA PORTIRO MARI\u00d1O","post_excerpt":"","post_status":"publish","comment_status":"closed","ping_status":"closed","post_password":"","post_name":"lucia-portiro-marino","to_ping":"","pinged":"","post_modified":"2022-10-14 17:32:13","post_modified_gmt":"2022-10-14 15:32:13","post_content_filtered":"","post_parent":0,"guid":"http:\/\/dev.claret.cat\/autor\/lucia-portiro-marino\/","menu_order":0,"post_type":"autor","post_mime_type":"","comment_count":"0","filter":"raw"}]},"aioseo_notices":[],"_links":{"self":[{"href":"https:\/\/www.claret.cat\/es\/wp-json\/wp\/v2\/product\/121571","targetHints":{"allow":["GET"]}}],"collection":[{"href":"https:\/\/www.claret.cat\/es\/wp-json\/wp\/v2\/product"}],"about":[{"href":"https:\/\/www.claret.cat\/es\/wp-json\/wp\/v2\/types\/product"}],"wp:featuredmedia":[{"embeddable":true,"href":"https:\/\/www.claret.cat\/es\/wp-json\/wp\/v2\/media\/269355"}],"wp:attachment":[{"href":"https:\/\/www.claret.cat\/es\/wp-json\/wp\/v2\/media?parent=121571"}],"wp:term":[{"taxonomy":"product_brand","embeddable":true,"href":"https:\/\/www.claret.cat\/es\/wp-json\/wp\/v2\/product_brand?post=121571"},{"taxonomy":"product_cat","embeddable":true,"href":"https:\/\/www.claret.cat\/es\/wp-json\/wp\/v2\/product_cat?post=121571"},{"taxonomy":"product_tag","embeddable":true,"href":"https:\/\/www.claret.cat\/es\/wp-json\/wp\/v2\/product_tag?post=121571"}],"curies":[{"name":"wp","href":"https:\/\/api.w.org\/{rel}","templated":true}]}}