{"id":121607,"date":"2022-10-12T16:35:06","date_gmt":"2022-10-12T14:35:06","guid":{"rendered":"http:\/\/dev.claret.cat\/producte\/el-libro-blanco-de-la-muerte\/"},"modified":"2023-01-28T02:52:19","modified_gmt":"2023-01-28T01:52:19","slug":"el-libro-blanco-de-la-muerte-9788494845864","status":"publish","type":"product","link":"https:\/\/www.claret.cat\/es\/libro\/el-libro-blanco-de-la-muerte-9788494845864\/","title":{"rendered":"EL LIBRO BLANCO DE LA MUERTE"},"content":{"rendered":"<p>No, nadie nos habla lo suficiente de la muerte mientras a\u00fan estamos vivos. Y este libro viene a mostr\u00e1rnosla de una forma distinta a la ya conocida, para que podamos al fin mirarla a los ojos sin miedo.<\/p>\n<p>Ojal\u00e1 este libro ilustrado se cruce en tu camino en alg\u00fan momento durante tu infancia, aunque es un libro para todas las edades, como toda la colecci\u00f3n cuentos en tribu.<\/p>\n<p>El libro blanco de la muerte ha sido creado para acompa\u00f1arnos en los hospitales, en los tanatorios, en las bibliotecas y en las escuelas. Y tambi\u00e9n en todas las casas y lugares donde queramos recordarnos que vivir es un gran regalo, prestado, fugaz, valioso\u2026<\/p>\n","protected":false},"excerpt":{"rendered":"<p>MARIN, FRANCIS<\/p>\n","protected":false},"featured_media":121608,"template":"","meta":{"_acf_changed":false,"om_disable_all_campaigns":false,"rs_blank_template":"","rs_page_bg_color":"","slide_template_v7":"","inline_featured_image":false,"_monsterinsights_skip_tracking":false,"_monsterinsights_sitenote_active":false,"_monsterinsights_sitenote_note":"","_monsterinsights_sitenote_category":0},"product_brand":[],"product_cat":[118],"product_tag":[],"class_list":{"0":"post-121607","1":"product","2":"type-product","3":"status-publish","4":"has-post-thumbnail","6":"product_cat-mort-i-dol","8":"first","9":"instock","10":"taxable","11":"shipping-taxable","12":"purchasable","13":"product-type-simple"},"acf":{"editorial":[{"ID":148598,"post_author":"3","post_date":"2022-10-14 11:59:29","post_date_gmt":"2022-10-14 09:59:29","post_content":"","post_title":"OB STARE EDITORIAL","post_excerpt":"","post_status":"publish","comment_status":"closed","ping_status":"closed","post_password":"","post_name":"ob-stare-editorial","to_ping":"","pinged":"","post_modified":"2022-10-14 11:59:29","post_modified_gmt":"2022-10-14 09:59:29","post_content_filtered":"","post_parent":0,"guid":"http:\/\/dev.claret.cat\/editorial\/ob-stare-editorial\/","menu_order":0,"post_type":"editorial","post_mime_type":"","comment_count":"0","filter":"raw"}],"autor":"MARIN, FRANCIS","codart":"849484586","libros-coleccion":"CUENTOS EN TRIBU","ediciones":"1","encuadernacion":"Carton\u00e9","fecha_de_publicacion":"01\/10\/2019","novedad":"1","paginas":"80","subtitulo":"","orden":"0","portada":"0","idioma":"spa","autores-libros":[{"ID":156193,"post_author":"3","post_date":"2022-10-14 15:18:51","post_date_gmt":"2022-10-14 13:18:51","post_content":"","post_title":"FRANCIS MARIN","post_excerpt":"","post_status":"publish","comment_status":"closed","ping_status":"closed","post_password":"","post_name":"francis-marin","to_ping":"","pinged":"","post_modified":"2022-10-14 15:18:51","post_modified_gmt":"2022-10-14 13:18:51","post_content_filtered":"","post_parent":0,"guid":"http:\/\/dev.claret.cat\/autor\/francis-marin\/","menu_order":0,"post_type":"autor","post_mime_type":"","comment_count":"0","filter":"raw"}]},"aioseo_notices":[],"_links":{"self":[{"href":"https:\/\/www.claret.cat\/es\/wp-json\/wp\/v2\/product\/121607","targetHints":{"allow":["GET"]}}],"collection":[{"href":"https:\/\/www.claret.cat\/es\/wp-json\/wp\/v2\/product"}],"about":[{"href":"https:\/\/www.claret.cat\/es\/wp-json\/wp\/v2\/types\/product"}],"wp:featuredmedia":[{"embeddable":true,"href":"https:\/\/www.claret.cat\/es\/wp-json\/wp\/v2\/media\/121608"}],"wp:attachment":[{"href":"https:\/\/www.claret.cat\/es\/wp-json\/wp\/v2\/media?parent=121607"}],"wp:term":[{"taxonomy":"product_brand","embeddable":true,"href":"https:\/\/www.claret.cat\/es\/wp-json\/wp\/v2\/product_brand?post=121607"},{"taxonomy":"product_cat","embeddable":true,"href":"https:\/\/www.claret.cat\/es\/wp-json\/wp\/v2\/product_cat?post=121607"},{"taxonomy":"product_tag","embeddable":true,"href":"https:\/\/www.claret.cat\/es\/wp-json\/wp\/v2\/product_tag?post=121607"}],"curies":[{"name":"wp","href":"https:\/\/api.w.org\/{rel}","templated":true}]}}