{"id":121622,"date":"2022-10-12T16:35:21","date_gmt":"2022-10-12T14:35:21","guid":{"rendered":"http:\/\/dev.claret.cat\/producte\/historias-de-fantasmas-de-japon\/"},"modified":"2023-01-28T01:33:31","modified_gmt":"2023-01-28T00:33:31","slug":"historias-de-fantasmas-de-japon-9788414024959","status":"publish","type":"product","link":"https:\/\/www.claret.cat\/es\/libro\/historias-de-fantasmas-de-japon-9788414024959\/","title":{"rendered":"HISTORIAS DE FANTASMAS DE JAP\u00d3N"},"content":{"rendered":"<p>Lafcadio Hearn, nacido en la isla griega de L\u00e9ucade en 1850 y fallecido en Tokio en 1904, fue el primer gran japon\u00f3logo de la literatura occidental, por sus relatos de fantasmas y sus libros de divulgaci\u00f3n. Gracias a su mujer nipona conoci\u00f3 los cuentos tradicionales sobre espectros y apariciones, que se encarg\u00f3 de convertir en nuevos relatos tras someterlos a un cuidado proceso de reescritura y reelaboraci\u00f3n. <br \/> Esta edici\u00f3n re\u00fane 11 de esas inquietantes historias, pobladas de fantasmas, esp\u00edritus y otros seres sobrenaturales.<\/p>\n","protected":false},"excerpt":{"rendered":"<p>HEARN, LAFCADIO<\/p>\n","protected":false},"featured_media":121623,"template":"","meta":{"_acf_changed":false,"om_disable_all_campaigns":false,"rs_blank_template":"","rs_page_bg_color":"","slide_template_v7":"","inline_featured_image":false,"_monsterinsights_skip_tracking":false,"_monsterinsights_sitenote_active":false,"_monsterinsights_sitenote_note":"","_monsterinsights_sitenote_category":0},"product_brand":[],"product_cat":[133,132],"product_tag":[],"class_list":{"0":"post-121622","1":"product","2":"type-product","3":"status-publish","4":"has-post-thumbnail","6":"product_cat-lectures-per-adolescents-12-18-anys","7":"product_cat-lectures-per-preadolescents-6-12-anys","9":"first","10":"instock","11":"taxable","12":"shipping-taxable","13":"purchasable","14":"product-type-simple"},"acf":{"editorial":[{"ID":6229,"post_author":"3","post_date":"2022-07-28 17:47:40","post_date_gmt":"2022-07-28 15:47:40","post_content":"","post_title":"Editorial Luis Vives (Edelvives)","post_excerpt":"","post_status":"publish","comment_status":"closed","ping_status":"closed","post_password":"","post_name":"editorial-luis-vives-edelvives","to_ping":"","pinged":"","post_modified":"2022-07-28 17:47:40","post_modified_gmt":"2022-07-28 15:47:40","post_content_filtered":"","post_parent":0,"guid":"http:\/\/dev.claret.cat\/editorial\/editorial-luis-vives-edelvives\/","menu_order":0,"post_type":"editorial","post_mime_type":"","comment_count":"0","filter":"raw"}],"autores-libros":[{"ID":161816,"post_author":"3","post_date":"2022-10-14 17:21:15","post_date_gmt":"2022-10-14 15:21:15","post_content":"","post_title":"LAFCADIO HEARN","post_excerpt":"","post_status":"publish","comment_status":"closed","ping_status":"closed","post_password":"","post_name":"lafcadio-hearn","to_ping":"","pinged":"","post_modified":"2022-10-14 17:21:15","post_modified_gmt":"2022-10-14 15:21:15","post_content_filtered":"","post_parent":0,"guid":"http:\/\/dev.claret.cat\/autor\/lafcadio-hearn\/","menu_order":0,"post_type":"autor","post_mime_type":"","comment_count":"0","filter":"raw"}],"autor":"HEARN, LAFCADIO","codart":"841402495","libros-coleccion":"\u00c1lbumes ilustrados","ediciones":"1","encuadernacion":"Carton\u00e9","fecha_de_publicacion":"01\/10\/2019","novedad":"1","paginas":"175","subtitulo":"","orden":"0","portada":"0","idioma":"spa"},"aioseo_notices":[],"_links":{"self":[{"href":"https:\/\/www.claret.cat\/es\/wp-json\/wp\/v2\/product\/121622","targetHints":{"allow":["GET"]}}],"collection":[{"href":"https:\/\/www.claret.cat\/es\/wp-json\/wp\/v2\/product"}],"about":[{"href":"https:\/\/www.claret.cat\/es\/wp-json\/wp\/v2\/types\/product"}],"wp:featuredmedia":[{"embeddable":true,"href":"https:\/\/www.claret.cat\/es\/wp-json\/wp\/v2\/media\/121623"}],"wp:attachment":[{"href":"https:\/\/www.claret.cat\/es\/wp-json\/wp\/v2\/media?parent=121622"}],"wp:term":[{"taxonomy":"product_brand","embeddable":true,"href":"https:\/\/www.claret.cat\/es\/wp-json\/wp\/v2\/product_brand?post=121622"},{"taxonomy":"product_cat","embeddable":true,"href":"https:\/\/www.claret.cat\/es\/wp-json\/wp\/v2\/product_cat?post=121622"},{"taxonomy":"product_tag","embeddable":true,"href":"https:\/\/www.claret.cat\/es\/wp-json\/wp\/v2\/product_tag?post=121622"}],"curies":[{"name":"wp","href":"https:\/\/api.w.org\/{rel}","templated":true}]}}