{"id":121625,"date":"2022-10-12T16:35:24","date_gmt":"2022-10-12T14:35:24","guid":{"rendered":"http:\/\/dev.claret.cat\/producte\/madama-butterfly-nuevo-formato\/"},"modified":"2023-01-28T06:44:59","modified_gmt":"2023-01-28T05:44:59","slug":"madama-butterfly-nuevo-formato-9788414004975","status":"publish","type":"product","link":"https:\/\/www.claret.cat\/es\/libro\/madama-butterfly-nuevo-formato-9788414004975\/","title":{"rendered":"MADAMA BUTTERFLY (NUEVO FORMATO)"},"content":{"rendered":"<p>El amor frustrado entre una geisha y un joven brit\u00e1nico.: Adaptaci\u00f3n libre del autor a partir de la \u00f3pera Madama Butterfly, de Giacomo Puccini, y de la novela Madame Chrysanth\u00e8me, de Pierre Loti.<br \/> Este \u00e1lbum narra la desventura de una joven geisha, Madama Butterfly, y su amor por Pinkerton, un joven oficial de la Armada estadounidense deseoso de hacer fortuna en Jap\u00f3n.<br \/> Tras su llegada a Jap\u00f3n, Pinkerton se siente fascinado un pa\u00eds lleno de oportunidades del cual lo desconoce todo: su modo de vida, sus tradiciones y sus convenciones sociales. Este deslumbramiento incluye a Butterfly, de la cual se encapricha Pinkerton y con la que finalmente contrae matrimonio.<br \/> Sin embargo, Pinkerton regresar\u00e1 a su pa\u00eds y abandonar\u00e1 a Butterfly, que quedar\u00e1 a la espera de su regreso y al que promete serle siempre fiel.<br \/> A\u00f1os despu\u00e9s, Pinkerton regresa con una nueva esposa, entonces conoce la existencia de un hijo suyo y de Butterfly y, junto con su nueva esposa, deciden llev\u00e1rselo a Estados Unidos. El desgarro de Butterfly ante su destino har\u00e1 que opte por el suicidio.<\/p>\n","protected":false},"excerpt":{"rendered":"<p>LACOMBE, BENJAMIN<\/p>\n","protected":false},"featured_media":121626,"template":"","meta":{"_acf_changed":false,"om_disable_all_campaigns":false,"rs_blank_template":"","rs_page_bg_color":"","slide_template_v7":"","inline_featured_image":false,"_monsterinsights_skip_tracking":false,"_monsterinsights_sitenote_active":false,"_monsterinsights_sitenote_note":"","_monsterinsights_sitenote_category":0},"product_brand":[],"product_cat":[132],"product_tag":[],"class_list":{"0":"post-121625","1":"product","2":"type-product","3":"status-publish","4":"has-post-thumbnail","6":"product_cat-lectures-per-preadolescents-6-12-anys","8":"first","9":"instock","10":"taxable","11":"shipping-taxable","12":"purchasable","13":"product-type-simple"},"acf":{"editorial":[{"ID":6229,"post_author":"3","post_date":"2022-07-28 17:47:40","post_date_gmt":"2022-07-28 15:47:40","post_content":"","post_title":"Editorial Luis Vives (Edelvives)","post_excerpt":"","post_status":"publish","comment_status":"closed","ping_status":"closed","post_password":"","post_name":"editorial-luis-vives-edelvives","to_ping":"","pinged":"","post_modified":"2022-07-28 17:47:40","post_modified_gmt":"2022-07-28 15:47:40","post_content_filtered":"","post_parent":0,"guid":"http:\/\/dev.claret.cat\/editorial\/editorial-luis-vives-edelvives\/","menu_order":0,"post_type":"editorial","post_mime_type":"","comment_count":"0","filter":"raw"}],"autores-libros":[{"ID":151574,"post_author":"3","post_date":"2022-10-14 14:41:57","post_date_gmt":"2022-10-14 12:41:57","post_content":"","post_title":"BENJAMIN LACOMBE","post_excerpt":"","post_status":"publish","comment_status":"closed","ping_status":"closed","post_password":"","post_name":"benjamin-lacombe","to_ping":"","pinged":"","post_modified":"2022-10-14 14:41:57","post_modified_gmt":"2022-10-14 12:41:57","post_content_filtered":"","post_parent":0,"guid":"http:\/\/dev.claret.cat\/autor\/benjamin-lacombe\/","menu_order":0,"post_type":"autor","post_mime_type":"","comment_count":"0","filter":"raw"}],"autor":"LACOMBE, BENJAMIN","codart":"841400497","libros-coleccion":"LIBRO REGALO","ediciones":"1","encuadernacion":"Carton\u00e9","fecha_de_publicacion":"01\/10\/2016","novedad":"1","paginas":"0","subtitulo":"","orden":"0","portada":"0","idioma":"spa"},"aioseo_notices":[],"_links":{"self":[{"href":"https:\/\/www.claret.cat\/es\/wp-json\/wp\/v2\/product\/121625","targetHints":{"allow":["GET"]}}],"collection":[{"href":"https:\/\/www.claret.cat\/es\/wp-json\/wp\/v2\/product"}],"about":[{"href":"https:\/\/www.claret.cat\/es\/wp-json\/wp\/v2\/types\/product"}],"wp:featuredmedia":[{"embeddable":true,"href":"https:\/\/www.claret.cat\/es\/wp-json\/wp\/v2\/media\/121626"}],"wp:attachment":[{"href":"https:\/\/www.claret.cat\/es\/wp-json\/wp\/v2\/media?parent=121625"}],"wp:term":[{"taxonomy":"product_brand","embeddable":true,"href":"https:\/\/www.claret.cat\/es\/wp-json\/wp\/v2\/product_brand?post=121625"},{"taxonomy":"product_cat","embeddable":true,"href":"https:\/\/www.claret.cat\/es\/wp-json\/wp\/v2\/product_cat?post=121625"},{"taxonomy":"product_tag","embeddable":true,"href":"https:\/\/www.claret.cat\/es\/wp-json\/wp\/v2\/product_tag?post=121625"}],"curies":[{"name":"wp","href":"https:\/\/api.w.org\/{rel}","templated":true}]}}