{"id":121631,"date":"2022-10-12T16:35:29","date_gmt":"2022-10-12T14:35:29","guid":{"rendered":"http:\/\/dev.claret.cat\/producte\/vidas-de-santos\/"},"modified":"2023-06-30T13:55:25","modified_gmt":"2023-06-30T11:55:25","slug":"vidas-de-santos-9788466239172","status":"publish","type":"product","link":"https:\/\/www.claret.cat\/es\/libro\/vidas-de-santos-9788466239172\/","title":{"rendered":"VIDAS DE SANTOS"},"content":{"rendered":"<p>Detr\u00e1s de las aparentemente humildes vidas de los santos que contienen este libro, se esconde la grandeza de aquellos que con su ejemplo lograron alcanzar la santidad dentro de la fe cristiana. Sus vidas son un espejo en el que mirarse para encontrar cualidades como la bondad, el sacrificio, la paz interior, la fe, el valor ante la adversidad y la fuerza moral. Las vidas de los santos son modelos para todo aquel lector espiritual, que busca el refugio del amor a Dios leyendo su biograf\u00eda y la oraci\u00f3n que la acompa\u00f1a, y observando las bellas ilustraciones que lo iluminan.<\/p>\n","protected":false},"excerpt":{"rendered":"<p>MARCOS ALBA, NOEM\u00cd<\/p>\n","protected":false},"featured_media":394048,"template":"","meta":{"_acf_changed":false,"om_disable_all_campaigns":false,"rs_blank_template":"","rs_page_bg_color":"","slide_template_v7":"","inline_featured_image":false,"_monsterinsights_skip_tracking":false,"_monsterinsights_sitenote_active":false,"_monsterinsights_sitenote_note":"","_monsterinsights_sitenote_category":0},"product_brand":[],"product_cat":[545,95],"product_tag":[],"class_list":{"0":"post-121631","1":"product","2":"type-product","3":"status-publish","4":"has-post-thumbnail","6":"product_cat-santoral-1_espiritualidad-spa","7":"product_cat-santoral","9":"first","10":"instock","11":"taxable","12":"shipping-taxable","13":"purchasable","14":"product-type-simple"},"acf":{"autor":"MARCOS ALBA, NOEM\u00cd","codart":"846623917","libros-coleccion":"Grandes Libros","ediciones":"1","encuadernacion":"Carton\u00e9","fecha_de_publicacion":"01\/05\/2019","novedad":"1","paginas":"184","subtitulo":"","orden":"0","portada":"0","idioma":"spa","editorial":[{"ID":148442,"post_author":"3","post_date":"2022-10-14 11:58:16","post_date_gmt":"2022-10-14 09:58:16","post_content":"","post_title":"Libsa","post_excerpt":"","post_status":"publish","comment_status":"closed","ping_status":"closed","post_password":"","post_name":"libsa","to_ping":"","pinged":"","post_modified":"2022-10-14 11:58:16","post_modified_gmt":"2022-10-14 09:58:16","post_content_filtered":"","post_parent":0,"guid":"http:\/\/dev.claret.cat\/editorial\/libsa\/","menu_order":0,"post_type":"editorial","post_mime_type":"","comment_count":"0","filter":"raw"}],"autores-libros":[{"ID":165946,"post_author":"3","post_date":"2022-10-14 17:59:12","post_date_gmt":"2022-10-14 15:59:12","post_content":"","post_title":"NOEM\u00cd MARCOS ALBA","post_excerpt":"","post_status":"publish","comment_status":"closed","ping_status":"closed","post_password":"","post_name":"noemi-marcos-alba","to_ping":"","pinged":"","post_modified":"2022-10-14 17:59:12","post_modified_gmt":"2022-10-14 15:59:12","post_content_filtered":"","post_parent":0,"guid":"http:\/\/dev.claret.cat\/autor\/noemi-marcos-alba\/","menu_order":0,"post_type":"autor","post_mime_type":"","comment_count":"0","filter":"raw"}]},"aioseo_notices":[],"_links":{"self":[{"href":"https:\/\/www.claret.cat\/es\/wp-json\/wp\/v2\/product\/121631","targetHints":{"allow":["GET"]}}],"collection":[{"href":"https:\/\/www.claret.cat\/es\/wp-json\/wp\/v2\/product"}],"about":[{"href":"https:\/\/www.claret.cat\/es\/wp-json\/wp\/v2\/types\/product"}],"wp:featuredmedia":[{"embeddable":true,"href":"https:\/\/www.claret.cat\/es\/wp-json\/wp\/v2\/media\/394048"}],"wp:attachment":[{"href":"https:\/\/www.claret.cat\/es\/wp-json\/wp\/v2\/media?parent=121631"}],"wp:term":[{"taxonomy":"product_brand","embeddable":true,"href":"https:\/\/www.claret.cat\/es\/wp-json\/wp\/v2\/product_brand?post=121631"},{"taxonomy":"product_cat","embeddable":true,"href":"https:\/\/www.claret.cat\/es\/wp-json\/wp\/v2\/product_cat?post=121631"},{"taxonomy":"product_tag","embeddable":true,"href":"https:\/\/www.claret.cat\/es\/wp-json\/wp\/v2\/product_tag?post=121631"}],"curies":[{"name":"wp","href":"https:\/\/api.w.org\/{rel}","templated":true}]}}