{"id":121643,"date":"2022-10-12T16:35:41","date_gmt":"2022-10-12T14:35:41","guid":{"rendered":"http:\/\/dev.claret.cat\/producte\/los-tipos-iconograficos-de-la-tradicion-cristiana-5-los-demonios-i\/"},"modified":"2023-01-28T18:36:00","modified_gmt":"2023-01-28T17:36:00","slug":"los-tipos-iconograficos-de-la-tradicion-cristiana-5-los-demonios-i-9788413390048","status":"publish","type":"product","link":"https:\/\/www.claret.cat\/es\/libro\/los-tipos-iconograficos-de-la-tradicion-cristiana-5-los-demonios-i-9788413390048\/","title":{"rendered":"LOS TIPOS ICONOGR\u00c1FICOS DE LA TRADICI\u00d3N CRISTIANA 5. LOS DEMONIOS I"},"content":{"rendered":"<p>Despu\u00e9s de haber reflexionado sobre la esencia de lo pol\u00edtico y la decadencia, Julien Freund nos ofrece en estas entrevistas una biograf\u00eda intelectual semejante a una aventura. &#8216;Al hilo de estos encuentros descubro la luminosa radiaci\u00f3n de una persona de una independencia insobornable y naturalmente inclinado a hacernos part\u00edcipes de su experiencia de la vida, de su visi\u00f3n de la historia y de sus pasiones intelectuales. Por encima de todo era un hombre que se rebelaba contra el esp\u00edritu del tiempo y sus modas y contra las ideolog\u00edas hegem\u00f3nicas&#8217;, nos conf\u00eda Charles Blanchet, autor de la entrevista. Julien Freund, que se presenta como un te\u00f3rico, sabe perfectamente que la condici\u00f3n humana es irreductiblemente conflictual, que es lugar de antagonismos imprevisibles y que ninguna racionalizaci\u00f3n puede resolver sus tensiones constitutivas. Experiencias y raz\u00f3n, meditaci\u00f3n sobre la diversidad de aspectos de la vida y af\u00e1n por desvelar su complejidad, hacen que, por decirlo con Pascal, &#8216;esper\u00e1semos encontrar un autor y hayamos encontrado un hombre&#8217;.<\/p>\n","protected":false},"excerpt":{"rendered":"<p>GARCIA MAHIQUES, RAFAEL<\/p>\n","protected":false},"featured_media":318837,"template":"","meta":{"_acf_changed":false,"om_disable_all_campaigns":false,"rs_blank_template":"","rs_page_bg_color":"","slide_template_v7":"","inline_featured_image":false,"_monsterinsights_skip_tracking":false,"_monsterinsights_sitenote_active":false,"_monsterinsights_sitenote_note":"","_monsterinsights_sitenote_category":0},"product_brand":[],"product_cat":[90,540],"product_tag":[],"class_list":{"0":"post-121643","1":"product","2":"type-product","3":"status-publish","4":"has-post-thumbnail","6":"product_cat-altres","7":"product_cat-otros","9":"first","10":"instock","11":"taxable","12":"shipping-taxable","13":"purchasable","14":"product-type-simple"},"acf":{"editorial":[{"ID":6201,"post_author":"3","post_date":"2022-07-28 17:47:01","post_date_gmt":"2022-07-28 15:47:01","post_content":"","post_title":"Ediciones Encuentro","post_excerpt":"","post_status":"publish","comment_status":"closed","ping_status":"closed","post_password":"","post_name":"ediciones-encuentro","to_ping":"","pinged":"","post_modified":"2022-07-28 17:47:01","post_modified_gmt":"2022-07-28 15:47:01","post_content_filtered":"","post_parent":0,"guid":"http:\/\/dev.claret.cat\/editorial\/ediciones-encuentro\/","menu_order":0,"post_type":"editorial","post_mime_type":"","comment_count":"0","filter":"raw"}],"autores-libros":[{"ID":167579,"post_author":"3","post_date":"2022-10-14 18:12:20","post_date_gmt":"2022-10-14 16:12:20","post_content":"","post_title":"RAFAEL GARC\u00cdA MAH\u00cdQUES","post_excerpt":"","post_status":"publish","comment_status":"closed","ping_status":"closed","post_password":"","post_name":"rafael-garcia-mahiques","to_ping":"","pinged":"","post_modified":"2022-10-14 18:12:20","post_modified_gmt":"2022-10-14 16:12:20","post_content_filtered":"","post_parent":0,"guid":"http:\/\/dev.claret.cat\/autor\/rafael-garcia-mahiques\/","menu_order":0,"post_type":"autor","post_mime_type":"","comment_count":"0","filter":"raw"}],"autor":"GARCIA MAHIQUES, RAFAEL","codart":"841339004","libros-coleccion":"Arte","ediciones":"1","encuadernacion":"Carton\u00e9","fecha_de_publicacion":"01\/10\/2019","novedad":"1","paginas":"538","subtitulo":"LOS DEMONIOS I Y LA ACCION MALEFICA","orden":"0","portada":"0","idioma":"spa"},"aioseo_notices":[],"_links":{"self":[{"href":"https:\/\/www.claret.cat\/es\/wp-json\/wp\/v2\/product\/121643","targetHints":{"allow":["GET"]}}],"collection":[{"href":"https:\/\/www.claret.cat\/es\/wp-json\/wp\/v2\/product"}],"about":[{"href":"https:\/\/www.claret.cat\/es\/wp-json\/wp\/v2\/types\/product"}],"wp:featuredmedia":[{"embeddable":true,"href":"https:\/\/www.claret.cat\/es\/wp-json\/wp\/v2\/media\/318837"}],"wp:attachment":[{"href":"https:\/\/www.claret.cat\/es\/wp-json\/wp\/v2\/media?parent=121643"}],"wp:term":[{"taxonomy":"product_brand","embeddable":true,"href":"https:\/\/www.claret.cat\/es\/wp-json\/wp\/v2\/product_brand?post=121643"},{"taxonomy":"product_cat","embeddable":true,"href":"https:\/\/www.claret.cat\/es\/wp-json\/wp\/v2\/product_cat?post=121643"},{"taxonomy":"product_tag","embeddable":true,"href":"https:\/\/www.claret.cat\/es\/wp-json\/wp\/v2\/product_tag?post=121643"}],"curies":[{"name":"wp","href":"https:\/\/api.w.org\/{rel}","templated":true}]}}