{"id":12165,"date":"2022-10-01T21:53:57","date_gmt":"2022-10-01T19:53:57","guid":{"rendered":"http:\/\/dev.claret.cat\/producte\/los-caminos-de-la-alegria\/"},"modified":"2023-01-28T17:25:18","modified_gmt":"2023-01-28T16:25:18","slug":"los-caminos-de-la-alegria-9788408183426","status":"publish","type":"product","link":"https:\/\/www.claret.cat\/es\/libro\/los-caminos-de-la-alegria-9788408183426\/","title":{"rendered":"LOS CAMINOS DE LA ALEGR\u00cdA"},"content":{"rendered":"<p>Isabelle Filliozat explora las ra\u00edces de la alegr\u00eda, su expresi\u00f3n, su fisiolog\u00eda, sus hormonas, lo que aporta a nuestras vidas y c\u00f3mo podemos suscitarla. Much\u00edsima informaci\u00f3n y varios ejercicios para abrir nuestro campo de conciencia y aumentar la alegr\u00eda que experimentamos en nuestra vida cotidiana.<br \/>Siempre nos han dicho que no debemos extendernos en las celebraciones, no sea que nos durmamos en los laureles, pero lo cierto es que la felicidad nos invita a ir siempre un poco m\u00e1s lejos.<\/p>\n","protected":false},"excerpt":{"rendered":"<p>FILLIOZAT, ISABELLE<\/p>\n","protected":false},"featured_media":69214,"template":"","meta":{"_acf_changed":false,"om_disable_all_campaigns":false,"rs_blank_template":"","rs_page_bg_color":"","slide_template_v7":"","inline_featured_image":false,"_monsterinsights_skip_tracking":false,"_monsterinsights_sitenote_active":false,"_monsterinsights_sitenote_note":"","_monsterinsights_sitenote_category":0},"product_brand":[],"product_cat":[81],"product_tag":[],"class_list":{"0":"post-12165","1":"product","2":"type-product","3":"status-publish","4":"has-post-thumbnail","6":"product_cat-psicologia","8":"first","9":"instock","10":"taxable","11":"shipping-taxable","12":"purchasable","13":"product-type-simple"},"acf":{"autor":"FILLIOZAT, ISABELLE","codart":"840818342","libros-coleccion":"Autoayuda y superaci\u00f3n","ediciones":"1","encuadernacion":"R\u00fastica","fecha_de_publicacion":"01\/11\/2018","novedad":"1","paginas":"205","subtitulo":"LA EMOCI\u00d3N DEL SENTIDO DE LA VIDA","orden":"0","portada":"0","idioma":"spa","editorial":[{"ID":6377,"post_author":"3","post_date":"2022-07-28 17:50:53","post_date_gmt":"2022-07-28 15:50:53","post_content":"","post_title":"Timun Mas CAT","post_excerpt":"","post_status":"publish","comment_status":"closed","ping_status":"closed","post_password":"","post_name":"timun-mas-cat","to_ping":"","pinged":"","post_modified":"2022-07-28 17:50:53","post_modified_gmt":"2022-07-28 15:50:53","post_content_filtered":"","post_parent":0,"guid":"http:\/\/dev.claret.cat\/editorial\/timun-mas-cat\/","menu_order":0,"post_type":"editorial","post_mime_type":"","comment_count":"0","filter":"raw"}],"autores-libros":[{"ID":158105,"post_author":"3","post_date":"2022-10-14 15:34:12","post_date_gmt":"2022-10-14 13:34:12","post_content":"","post_title":"ISABELLE FILLIOZAT","post_excerpt":"","post_status":"publish","comment_status":"closed","ping_status":"closed","post_password":"","post_name":"isabelle-filliozat","to_ping":"","pinged":"","post_modified":"2022-10-14 15:34:12","post_modified_gmt":"2022-10-14 13:34:12","post_content_filtered":"","post_parent":0,"guid":"http:\/\/dev.claret.cat\/autor\/isabelle-filliozat\/","menu_order":0,"post_type":"autor","post_mime_type":"","comment_count":"0","filter":"raw"}]},"aioseo_notices":[],"_links":{"self":[{"href":"https:\/\/www.claret.cat\/es\/wp-json\/wp\/v2\/product\/12165","targetHints":{"allow":["GET"]}}],"collection":[{"href":"https:\/\/www.claret.cat\/es\/wp-json\/wp\/v2\/product"}],"about":[{"href":"https:\/\/www.claret.cat\/es\/wp-json\/wp\/v2\/types\/product"}],"wp:featuredmedia":[{"embeddable":true,"href":"https:\/\/www.claret.cat\/es\/wp-json\/wp\/v2\/media\/69214"}],"wp:attachment":[{"href":"https:\/\/www.claret.cat\/es\/wp-json\/wp\/v2\/media?parent=12165"}],"wp:term":[{"taxonomy":"product_brand","embeddable":true,"href":"https:\/\/www.claret.cat\/es\/wp-json\/wp\/v2\/product_brand?post=12165"},{"taxonomy":"product_cat","embeddable":true,"href":"https:\/\/www.claret.cat\/es\/wp-json\/wp\/v2\/product_cat?post=12165"},{"taxonomy":"product_tag","embeddable":true,"href":"https:\/\/www.claret.cat\/es\/wp-json\/wp\/v2\/product_tag?post=12165"}],"curies":[{"name":"wp","href":"https:\/\/api.w.org\/{rel}","templated":true}]}}