{"id":121658,"date":"2022-10-12T16:35:54","date_gmt":"2022-10-12T14:35:54","guid":{"rendered":"http:\/\/dev.claret.cat\/producte\/predicacion-y-vida\/"},"modified":"2024-05-23T06:04:51","modified_gmt":"2024-05-23T04:04:51","slug":"predicacion-y-vida-ciclo-a-9788490239674","status":"publish","type":"product","link":"https:\/\/www.claret.cat\/es\/libro\/predicacion-y-vida-ciclo-a-9788490239674\/","title":{"rendered":"PREDICACI\u00d3N Y VIDA. CICLO A"},"content":{"rendered":"<p>Todo lo que hagamos en torno a la Palabra de Dios debe estar \u00abal servicio\u00bb de la misma Palabra de Dios y al servicio del crecimiento del Pueblo de Dios. Esta propuesta de homil\u00eda est\u00e1 pensada para prepararse espiritualmente a la celebraci\u00f3n del D\u00eda del Se\u00f1or. Antes de ser un servicio para los predicadores, pretende ser un servicio para todos los fieles, un servicio \u00abde\u00bb predicaci\u00f3n de la Palabra.<br \/>Cada domingo se organiza en torno a estos ejes: \u00abHabla la Palabra\u00bb, unos subrayados sobre las lecturas buscando un hilo conductor \u00fanico. \u00abHabla el coraz\u00f3n\u00bb, el objetivo es provocar que \u00abhable el coraz\u00f3n\u00bb. Solo lo puede provocar el catequista o el predicador que comunica de coraz\u00f3n a coraz\u00f3n, que ha hecho suya la Palabra. \u00abHabla la vida\u00bb, una imagen atractiva o un hecho hace que el mensaje se guste y despierte un deseo o motive la voluntad en \u00abla direcci\u00f3n del Evangelio\u00bb (EG 157).<\/p>\n","protected":false},"excerpt":{"rendered":"<p>BRU, MANUEL MAR\u00cdA<\/p>\n","protected":false},"featured_media":359595,"template":"","meta":{"_acf_changed":false,"om_disable_all_campaigns":false,"rs_blank_template":"","rs_page_bg_color":"","slide_template_v7":"","inline_featured_image":false,"_monsterinsights_skip_tracking":false,"_monsterinsights_sitenote_active":false,"_monsterinsights_sitenote_note":"","_monsterinsights_sitenote_category":0},"product_brand":[],"product_cat":[90,540],"product_tag":[],"class_list":{"0":"post-121658","1":"product","2":"type-product","3":"status-publish","4":"has-post-thumbnail","6":"product_cat-altres","7":"product_cat-otros","9":"first","10":"instock","11":"taxable","12":"shipping-taxable","13":"purchasable","14":"product-type-simple"},"acf":{"editorial":[{"ID":6155,"post_author":"3","post_date":"2022-07-28 17:46:04","post_date_gmt":"2022-07-28 15:46:04","post_content":"","post_title":"Central Catequ\u00edstica Salesiana","post_excerpt":"","post_status":"publish","comment_status":"closed","ping_status":"closed","post_password":"","post_name":"central-catequistica-salesiana","to_ping":"","pinged":"","post_modified":"2022-07-28 17:46:04","post_modified_gmt":"2022-07-28 15:46:04","post_content_filtered":"","post_parent":0,"guid":"http:\/\/dev.claret.cat\/editorial\/central-catequistica-salesiana\/","menu_order":0,"post_type":"editorial","post_mime_type":"","comment_count":"0","filter":"raw"}],"autor":"BRU, MANUEL MAR\u00cdA","codart":"849023967","libros-coleccion":"Palabra Viva","ediciones":"1","encuadernacion":"R\u00fastica","fecha_de_publicacion":"18\/11\/2019","novedad":"1","paginas":"192","subtitulo":"REFLEXIONES Y TESTIMONIOS DE LOS DOMINGOS  FIESTAS - CICLO A","orden":"0","portada":"0","idioma":"spa","autores-libros":[{"ID":163184,"post_author":"3","post_date":"2022-10-14 17:37:00","post_date_gmt":"2022-10-14 15:37:00","post_content":"","post_title":"MANUEL MAR\u00cdA BRU","post_excerpt":"","post_status":"publish","comment_status":"closed","ping_status":"closed","post_password":"","post_name":"manuel-maria-bru","to_ping":"","pinged":"","post_modified":"2022-10-14 17:37:00","post_modified_gmt":"2022-10-14 15:37:00","post_content_filtered":"","post_parent":0,"guid":"http:\/\/dev.claret.cat\/autor\/manuel-maria-bru\/","menu_order":0,"post_type":"autor","post_mime_type":"","comment_count":"0","filter":"raw"}]},"aioseo_notices":[],"_links":{"self":[{"href":"https:\/\/www.claret.cat\/es\/wp-json\/wp\/v2\/product\/121658","targetHints":{"allow":["GET"]}}],"collection":[{"href":"https:\/\/www.claret.cat\/es\/wp-json\/wp\/v2\/product"}],"about":[{"href":"https:\/\/www.claret.cat\/es\/wp-json\/wp\/v2\/types\/product"}],"wp:featuredmedia":[{"embeddable":true,"href":"https:\/\/www.claret.cat\/es\/wp-json\/wp\/v2\/media\/359595"}],"wp:attachment":[{"href":"https:\/\/www.claret.cat\/es\/wp-json\/wp\/v2\/media?parent=121658"}],"wp:term":[{"taxonomy":"product_brand","embeddable":true,"href":"https:\/\/www.claret.cat\/es\/wp-json\/wp\/v2\/product_brand?post=121658"},{"taxonomy":"product_cat","embeddable":true,"href":"https:\/\/www.claret.cat\/es\/wp-json\/wp\/v2\/product_cat?post=121658"},{"taxonomy":"product_tag","embeddable":true,"href":"https:\/\/www.claret.cat\/es\/wp-json\/wp\/v2\/product_tag?post=121658"}],"curies":[{"name":"wp","href":"https:\/\/api.w.org\/{rel}","templated":true}]}}