{"id":121673,"date":"2022-10-12T16:36:08","date_gmt":"2022-10-12T14:36:08","guid":{"rendered":"http:\/\/dev.claret.cat\/producte\/genius-dali\/"},"modified":"2023-01-28T02:19:29","modified_gmt":"2023-01-28T01:19:29","slug":"genius-dali-9788417647049","status":"publish","type":"product","link":"https:\/\/www.claret.cat\/es\/libro\/genius-dali-9788417647049\/","title":{"rendered":"GENIUS DAL\u00cd"},"content":{"rendered":"<p>Todo lo que se y pienso de Salvador Dal\u00ed. Un libro de 174 pg con una visi\u00f3n real y humana del genio catal\u00e1n. Un personaje que asombra desde sus actos&#8230; Abriendo las im\u00e1genes de toda su vida; \u00a1Lo que el p\u00fablico no conoce est\u00e1 entre sus p\u00e1ginas.<\/p>\n","protected":false},"excerpt":{"rendered":"<p>LLONGUERAS, LLUIS<\/p>\n","protected":false},"featured_media":121674,"template":"","meta":{"_acf_changed":false,"om_disable_all_campaigns":false,"rs_blank_template":"","rs_page_bg_color":"","slide_template_v7":"","inline_featured_image":false,"_monsterinsights_skip_tracking":false,"_monsterinsights_sitenote_active":false,"_monsterinsights_sitenote_note":"","_monsterinsights_sitenote_category":0},"product_brand":[],"product_cat":[110],"product_tag":[],"class_list":{"0":"post-121673","1":"product","2":"type-product","3":"status-publish","4":"has-post-thumbnail","6":"product_cat-art","8":"first","9":"instock","10":"taxable","11":"shipping-taxable","12":"purchasable","13":"product-type-simple"},"acf":{"autor":"LLONGUERAS, LLUIS","codart":"841764704","libros-coleccion":"Colecci\u00f3n:----","ediciones":"1","encuadernacion":"Carton\u00e9","fecha_de_publicacion":"01\/10\/2019","novedad":"1","paginas":"172","subtitulo":"TODO LO QUE S\u00c9 Y PIENSO DE DAL\u00cd","orden":"0","portada":"0","idioma":"spa","editorial":[{"ID":147471,"post_author":"3","post_date":"2022-10-14 11:50:50","post_date_gmt":"2022-10-14 09:50:50","post_content":"","post_title":"Art Espai Edicions SL","post_excerpt":"","post_status":"publish","comment_status":"closed","ping_status":"closed","post_password":"","post_name":"art-espai-edicions-sl","to_ping":"","pinged":"","post_modified":"2022-10-14 11:50:50","post_modified_gmt":"2022-10-14 09:50:50","post_content_filtered":"","post_parent":0,"guid":"http:\/\/dev.claret.cat\/editorial\/art-espai-edicions-sl\/","menu_order":0,"post_type":"editorial","post_mime_type":"","comment_count":"0","filter":"raw"}],"autores-libros":[{"ID":162358,"post_author":"3","post_date":"2022-10-14 17:30:23","post_date_gmt":"2022-10-14 15:30:23","post_content":"","post_title":"LLUIS LLONGUERAS","post_excerpt":"","post_status":"publish","comment_status":"closed","ping_status":"closed","post_password":"","post_name":"lluis-llongueras","to_ping":"","pinged":"","post_modified":"2022-10-14 17:30:23","post_modified_gmt":"2022-10-14 15:30:23","post_content_filtered":"","post_parent":0,"guid":"http:\/\/dev.claret.cat\/autor\/lluis-llongueras\/","menu_order":0,"post_type":"autor","post_mime_type":"","comment_count":"0","filter":"raw"}]},"aioseo_notices":[],"_links":{"self":[{"href":"https:\/\/www.claret.cat\/es\/wp-json\/wp\/v2\/product\/121673","targetHints":{"allow":["GET"]}}],"collection":[{"href":"https:\/\/www.claret.cat\/es\/wp-json\/wp\/v2\/product"}],"about":[{"href":"https:\/\/www.claret.cat\/es\/wp-json\/wp\/v2\/types\/product"}],"wp:featuredmedia":[{"embeddable":true,"href":"https:\/\/www.claret.cat\/es\/wp-json\/wp\/v2\/media\/121674"}],"wp:attachment":[{"href":"https:\/\/www.claret.cat\/es\/wp-json\/wp\/v2\/media?parent=121673"}],"wp:term":[{"taxonomy":"product_brand","embeddable":true,"href":"https:\/\/www.claret.cat\/es\/wp-json\/wp\/v2\/product_brand?post=121673"},{"taxonomy":"product_cat","embeddable":true,"href":"https:\/\/www.claret.cat\/es\/wp-json\/wp\/v2\/product_cat?post=121673"},{"taxonomy":"product_tag","embeddable":true,"href":"https:\/\/www.claret.cat\/es\/wp-json\/wp\/v2\/product_tag?post=121673"}],"curies":[{"name":"wp","href":"https:\/\/api.w.org\/{rel}","templated":true}]}}