{"id":121739,"date":"2022-10-12T16:37:09","date_gmt":"2022-10-12T14:37:09","guid":{"rendered":"http:\/\/dev.claret.cat\/producte\/hermano-rafael-el-camino-de-la-santidad\/"},"modified":"2024-05-23T08:32:19","modified_gmt":"2024-05-23T06:32:19","slug":"hermano-rafael-el-camino-de-la-santidad-9788483539644","status":"publish","type":"product","link":"https:\/\/www.claret.cat\/es\/libro\/hermano-rafael-el-camino-de-la-santidad-9788483539644\/","title":{"rendered":"HERMANO RAFAEL. EL CAMINO DE LA SANTIDAD"},"content":{"rendered":"<p>Rafael Arnaiz Bar\u00f3n falleci\u00f3 a los 27 a\u00f1os en la enfermer\u00eda del monasterio cisterciense de San Isidro de Due\u00f1as (Palencia). El joven falleci\u00f3 en una aureola de santidad, por la que su familia, a trav\u00e9s de la divulgaci\u00f3n de su biograf\u00eda y de sus conocidos escritos, y los propios religiosos impulsaron el proceso de beatificaci\u00f3n, que concluy\u00f3 el 27 de septiembre de 1992 con la declaraci\u00f3n de beato por el papa Juan Pablo II, al que sigui\u00f3 el de canonizaci\u00f3n, el 11 de octubre de 2009 por el papa Benedicto XVI. Este libro resume el desarrollo de ambos procesos, incluidos los dos milagros que se atribuyen a su intercesi\u00f3n. Con el relato y los documentos que se reproducen se describe la vida del santo, a la vez que se conocen sus escritos, caracterizados por una profunda espiritualidad, adem\u00e1s de elegancia y sencillez estil\u00edsticas, que lo han convertido en uno de los principales m\u00edsticos del siglo XX.<\/p>\n","protected":false},"excerpt":{"rendered":"<p>CABALLERO CHAC\u00d3N, FERNANDO<\/p>\n","protected":false},"featured_media":357955,"template":"","meta":{"_acf_changed":false,"om_disable_all_campaigns":false,"rs_blank_template":"","rs_page_bg_color":"","slide_template_v7":"","inline_featured_image":false,"_monsterinsights_skip_tracking":false,"_monsterinsights_sitenote_active":false,"_monsterinsights_sitenote_note":"","_monsterinsights_sitenote_category":0},"product_brand":[],"product_cat":[545,95,542,92],"product_tag":[],"class_list":{"0":"post-121739","1":"product","2":"type-product","3":"status-publish","4":"has-post-thumbnail","6":"product_cat-santoral-1_espiritualidad-spa","7":"product_cat-santoral","8":"product_cat-vida-religiosa-1_espiritualidad-spa","9":"product_cat-vida-religiosa","11":"first","12":"instock","13":"taxable","14":"shipping-taxable","15":"purchasable","16":"product-type-simple"},"acf":{"editorial":[{"ID":6309,"post_author":"3","post_date":"2022-07-28 17:49:25","post_date_gmt":"2022-07-28 15:49:25","post_content":"","post_title":"Monte Carmelo","post_excerpt":"","post_status":"publish","comment_status":"closed","ping_status":"closed","post_password":"","post_name":"monte-carmelo","to_ping":"","pinged":"","post_modified":"2022-07-28 17:49:25","post_modified_gmt":"2022-07-28 15:49:25","post_content_filtered":"","post_parent":0,"guid":"http:\/\/dev.claret.cat\/editorial\/monte-carmelo\/","menu_order":0,"post_type":"editorial","post_mime_type":"","comment_count":"0","filter":"raw"}],"autor":"CABALLERO CHAC\u00d3N, FERNANDO","codart":"848353964","libros-coleccion":"M\u00edstica y m\u00edsticos","ediciones":"1","encuadernacion":"R\u00fastica","fecha_de_publicacion":"18\/11\/2019","novedad":"1","paginas":"414","subtitulo":"PROCESOS DE BEATIFICACI\u00d3N Y CANONIZACI\u00d3N DE RAFAEL ARNAIZ BAR\u00d3N, MONJE TRAPENSE","orden":"0","portada":"0","idioma":"spa","autores-libros":[{"ID":155797,"post_author":"3","post_date":"2022-10-14 15:15:42","post_date_gmt":"2022-10-14 13:15:42","post_content":"","post_title":"FERNANDO CABALLERO CHAC\u00d3N","post_excerpt":"","post_status":"publish","comment_status":"closed","ping_status":"closed","post_password":"","post_name":"fernando-caballero-chacon","to_ping":"","pinged":"","post_modified":"2022-10-14 15:15:42","post_modified_gmt":"2022-10-14 13:15:42","post_content_filtered":"","post_parent":0,"guid":"http:\/\/dev.claret.cat\/autor\/fernando-caballero-chacon\/","menu_order":0,"post_type":"autor","post_mime_type":"","comment_count":"0","filter":"raw"}]},"aioseo_notices":[],"_links":{"self":[{"href":"https:\/\/www.claret.cat\/es\/wp-json\/wp\/v2\/product\/121739","targetHints":{"allow":["GET"]}}],"collection":[{"href":"https:\/\/www.claret.cat\/es\/wp-json\/wp\/v2\/product"}],"about":[{"href":"https:\/\/www.claret.cat\/es\/wp-json\/wp\/v2\/types\/product"}],"wp:featuredmedia":[{"embeddable":true,"href":"https:\/\/www.claret.cat\/es\/wp-json\/wp\/v2\/media\/357955"}],"wp:attachment":[{"href":"https:\/\/www.claret.cat\/es\/wp-json\/wp\/v2\/media?parent=121739"}],"wp:term":[{"taxonomy":"product_brand","embeddable":true,"href":"https:\/\/www.claret.cat\/es\/wp-json\/wp\/v2\/product_brand?post=121739"},{"taxonomy":"product_cat","embeddable":true,"href":"https:\/\/www.claret.cat\/es\/wp-json\/wp\/v2\/product_cat?post=121739"},{"taxonomy":"product_tag","embeddable":true,"href":"https:\/\/www.claret.cat\/es\/wp-json\/wp\/v2\/product_tag?post=121739"}],"curies":[{"name":"wp","href":"https:\/\/api.w.org\/{rel}","templated":true}]}}