{"id":12189,"date":"2022-10-01T21:54:20","date_gmt":"2022-10-01T19:54:20","guid":{"rendered":"http:\/\/dev.claret.cat\/producte\/splish-splash-pato\/"},"modified":"2023-01-28T23:07:14","modified_gmt":"2023-01-28T22:07:14","slug":"splishsplash-pato-9788408184201","status":"publish","type":"product","link":"https:\/\/www.claret.cat\/es\/libro\/splishsplash-pato-9788408184201\/","title":{"rendered":"SPLISH-SPLASH. PATO"},"content":{"rendered":"<p>Este libro de ba\u00f1o ense\u00f1ar\u00e1 a los m\u00e1s peque\u00f1os nuevas palabras y criaturas acu\u00e1ticas durante su ba\u00f1o y disfrutar\u00e1n de la hora del ba\u00f1o mucho m\u00e1s con sus mejores amigos animales.<\/p>\n","protected":false},"excerpt":{"rendered":"<p>YOYO<\/p>\n","protected":false},"featured_media":70266,"template":"","meta":{"_acf_changed":false,"om_disable_all_campaigns":false,"rs_blank_template":"","rs_page_bg_color":"","slide_template_v7":"","inline_featured_image":false,"_monsterinsights_skip_tracking":false,"_monsterinsights_sitenote_active":false,"_monsterinsights_sitenote_note":"","_monsterinsights_sitenote_category":0},"product_brand":[],"product_cat":[86],"product_tag":[],"class_list":{"0":"post-12189","1":"product","2":"type-product","3":"status-publish","4":"has-post-thumbnail","6":"product_cat-infantil","8":"first","9":"instock","10":"taxable","11":"shipping-taxable","12":"purchasable","13":"product-type-simple"},"acf":{"autor":"YOYO","codart":"840818420","libros-coleccion":"Libros para el ba\u00f1o","ediciones":"1","encuadernacion":"Carpeta","fecha_de_publicacion":"01\/06\/2018","novedad":"1","paginas":"8","subtitulo":"","orden":"0","portada":"0","idioma":"spa","editorial":[{"ID":148984,"post_author":"3","post_date":"2022-10-14 12:02:32","post_date_gmt":"2022-10-14 10:02:32","post_content":"","post_title":"YOYO","post_excerpt":"","post_status":"publish","comment_status":"closed","ping_status":"closed","post_password":"","post_name":"yoyo","to_ping":"","pinged":"","post_modified":"2022-10-14 12:02:32","post_modified_gmt":"2022-10-14 10:02:32","post_content_filtered":"","post_parent":0,"guid":"http:\/\/dev.claret.cat\/editorial\/yoyo\/","menu_order":0,"post_type":"editorial","post_mime_type":"","comment_count":"0","filter":"raw"}],"autores-libros":[{"ID":171616,"post_author":"3","post_date":"2022-10-14 22:44:50","post_date_gmt":"2022-10-14 20:44:50","post_content":"","post_title":"YOYO","post_excerpt":"","post_status":"publish","comment_status":"closed","ping_status":"closed","post_password":"","post_name":"yoyo","to_ping":"","pinged":"","post_modified":"2022-10-14 22:44:50","post_modified_gmt":"2022-10-14 20:44:50","post_content_filtered":"","post_parent":0,"guid":"http:\/\/dev.claret.cat\/autor\/yoyo\/","menu_order":0,"post_type":"autor","post_mime_type":"","comment_count":"0","filter":"raw"}]},"aioseo_notices":[],"_links":{"self":[{"href":"https:\/\/www.claret.cat\/es\/wp-json\/wp\/v2\/product\/12189","targetHints":{"allow":["GET"]}}],"collection":[{"href":"https:\/\/www.claret.cat\/es\/wp-json\/wp\/v2\/product"}],"about":[{"href":"https:\/\/www.claret.cat\/es\/wp-json\/wp\/v2\/types\/product"}],"wp:featuredmedia":[{"embeddable":true,"href":"https:\/\/www.claret.cat\/es\/wp-json\/wp\/v2\/media\/70266"}],"wp:attachment":[{"href":"https:\/\/www.claret.cat\/es\/wp-json\/wp\/v2\/media?parent=12189"}],"wp:term":[{"taxonomy":"product_brand","embeddable":true,"href":"https:\/\/www.claret.cat\/es\/wp-json\/wp\/v2\/product_brand?post=12189"},{"taxonomy":"product_cat","embeddable":true,"href":"https:\/\/www.claret.cat\/es\/wp-json\/wp\/v2\/product_cat?post=12189"},{"taxonomy":"product_tag","embeddable":true,"href":"https:\/\/www.claret.cat\/es\/wp-json\/wp\/v2\/product_tag?post=12189"}],"curies":[{"name":"wp","href":"https:\/\/api.w.org\/{rel}","templated":true}]}}