{"id":121980,"date":"2022-10-12T16:40:52","date_gmt":"2022-10-12T14:40:52","guid":{"rendered":"http:\/\/dev.claret.cat\/producte\/100-personatges-biblics\/"},"modified":"2023-11-22T13:21:13","modified_gmt":"2023-11-22T12:21:13","slug":"100-personatges-biblics-9788490348321","status":"publish","type":"product","link":"https:\/\/www.claret.cat\/es\/libro\/100-personatges-biblics-9788490348321\/","title":{"rendered":"100 PERSONATGES B\u00cdBLICS"},"content":{"rendered":"<p>La B\u00edblia \u00e9s tot un m\u00f3n, una col\u00b7lecci\u00f3 de llibres. Un univers literari que abasta escrits des del segle X aC aproximadament fins al segle II dC, en els quals, com en tota literatura, hi destaquen \u00abels protagonistes \u00bb. Aquest llibre parla de 100 personatges b\u00edblics que, principals o secundaris, s\u00f3n els aut\u00e8ntics \u00abpatidors\u00bb de la hist\u00f2ria de la Terra (Zeus, Aaron, Mois\u00e8s, Satan, David, Abraham, Maria Magdalena, Adam i Eva, reis fenicis, emperadors romans, i un llarg etc\u00e8tera). Molts personatges b\u00edblics transmeten trets universals en qu\u00e8 tothom s&#8217;hi pot recon\u00e8ixer i, al mateix temps, trenquen tots els esquemes. No es caracteritzen precisament per ser neutres, as\u00e8ptics, impassibles o imparcials, m\u00e9s aviat al contrari. Els qui ho llegeixin ho descobriran, aix\u00ed com tamb\u00e9 s&#8217;acostaran m\u00e9s que mai a la B\u00edblia, des d&#8217;una aproximaci\u00f3 no-religiosa.<\/p>\n","protected":false},"excerpt":{"rendered":"<p>MAR\u00cdN TORN\u00c9, JOAN RAMON<\/p>\n","protected":false},"featured_media":394073,"template":"","meta":{"_acf_changed":false,"om_disable_all_campaigns":false,"rs_blank_template":"","rs_page_bg_color":"","slide_template_v7":"","inline_featured_image":false,"_monsterinsights_skip_tracking":false,"_monsterinsights_sitenote_active":false,"_monsterinsights_sitenote_note":"","_monsterinsights_sitenote_category":0},"product_brand":[],"product_cat":[471,211],"product_tag":[],"class_list":{"0":"post-121980","1":"product","2":"type-product","3":"status-publish","4":"has-post-thumbnail","6":"product_cat-diccionarios","7":"product_cat-diccionaris-biblia-1_espiritualitat","9":"first","10":"instock","11":"taxable","12":"shipping-taxable","13":"purchasable","14":"product-type-simple"},"acf":{"editorial":[{"ID":6171,"post_author":"3","post_date":"2022-07-28 17:46:25","post_date_gmt":"2022-07-28 15:46:25","post_content":"","post_title":"COSSETANIA EDICIONS","post_excerpt":"","post_status":"publish","comment_status":"closed","ping_status":"closed","post_password":"","post_name":"cossetania-edicions","to_ping":"","pinged":"","post_modified":"2022-07-28 17:46:25","post_modified_gmt":"2022-07-28 15:46:25","post_content_filtered":"","post_parent":0,"guid":"http:\/\/dev.claret.cat\/editorial\/cossetania-edicions\/","menu_order":0,"post_type":"editorial","post_mime_type":"","comment_count":"0","filter":"raw"}],"autor":"MAR\u00cdN TORN\u00c9, JOAN RAMON","codart":"849034832","libros-coleccion":"De 100 en 100","ediciones":"1","encuadernacion":"R\u00fastica","fecha_de_publicacion":"01\/11\/2019","novedad":"1","paginas":"216","subtitulo":"","orden":"0","portada":"0","idioma":"cat","autores-libros":[{"ID":159404,"post_author":"3","post_date":"2022-10-14 15:44:34","post_date_gmt":"2022-10-14 13:44:34","post_content":"","post_title":"JOAN RAMON MAR\u00cdN TORN\u00c9","post_excerpt":"","post_status":"publish","comment_status":"closed","ping_status":"closed","post_password":"","post_name":"joan-ramon-marin-torne","to_ping":"","pinged":"","post_modified":"2022-10-14 15:44:34","post_modified_gmt":"2022-10-14 13:44:34","post_content_filtered":"","post_parent":0,"guid":"http:\/\/dev.claret.cat\/autor\/joan-ramon-marin-torne\/","menu_order":0,"post_type":"autor","post_mime_type":"","comment_count":"0","filter":"raw"}]},"aioseo_notices":[],"_links":{"self":[{"href":"https:\/\/www.claret.cat\/es\/wp-json\/wp\/v2\/product\/121980","targetHints":{"allow":["GET"]}}],"collection":[{"href":"https:\/\/www.claret.cat\/es\/wp-json\/wp\/v2\/product"}],"about":[{"href":"https:\/\/www.claret.cat\/es\/wp-json\/wp\/v2\/types\/product"}],"wp:featuredmedia":[{"embeddable":true,"href":"https:\/\/www.claret.cat\/es\/wp-json\/wp\/v2\/media\/394073"}],"wp:attachment":[{"href":"https:\/\/www.claret.cat\/es\/wp-json\/wp\/v2\/media?parent=121980"}],"wp:term":[{"taxonomy":"product_brand","embeddable":true,"href":"https:\/\/www.claret.cat\/es\/wp-json\/wp\/v2\/product_brand?post=121980"},{"taxonomy":"product_cat","embeddable":true,"href":"https:\/\/www.claret.cat\/es\/wp-json\/wp\/v2\/product_cat?post=121980"},{"taxonomy":"product_tag","embeddable":true,"href":"https:\/\/www.claret.cat\/es\/wp-json\/wp\/v2\/product_tag?post=121980"}],"curies":[{"name":"wp","href":"https:\/\/api.w.org\/{rel}","templated":true}]}}